{"id":45082,"date":"2021-01-26T22:05:41","date_gmt":"2021-01-27T04:05:41","guid":{"rendered":"https:\/\/www.bdsasesores.com\/contacto\/"},"modified":"2025-11-21T09:58:38","modified_gmt":"2025-11-21T15:58:38","slug":"contact","status":"publish","type":"page","link":"https:\/\/www.bdsasesores.com\/en\/contact\/","title":{"rendered":"Contact"},"content":{"rendered":"<p>[et_pb_section fb_built=&#8221;1&#8243; _builder_version=&#8221;4.16&#8243; global_colors_info=&#8221;{}&#8221;][et_pb_row _builder_version=&#8221;4.16&#8243; custom_padding=&#8221;0px||0px||false|false&#8221; global_colors_info=&#8221;{}&#8221;][et_pb_column type=&#8221;4_4&#8243; _builder_version=&#8221;4.16&#8243; global_colors_info=&#8221;{}&#8221;][et_pb_text _builder_version=&#8221;4.16&#8243; text_font_size=&#8221;48px&#8221; global_colors_info=&#8221;{}&#8221;]<\/p>\n<h1 style=\"text-align: center;\">Contact us!<\/h1>\n<p>[\/et_pb_text][\/et_pb_column][\/et_pb_row][et_pb_row column_structure=&#8221;1_4,1_2,1_4&#8243; _builder_version=&#8221;4.27.0&#8243; _module_preset=&#8221;default&#8221; global_colors_info=&#8221;{}&#8221;][et_pb_column type=&#8221;1_4&#8243; _builder_version=&#8221;4.27.0&#8243; _module_preset=&#8221;default&#8221; global_colors_info=&#8221;{}&#8221;][\/et_pb_column][et_pb_column type=&#8221;1_2&#8243; _builder_version=&#8221;4.27.0&#8243; _module_preset=&#8221;default&#8221; global_colors_info=&#8221;{}&#8221;][et_pb_text _builder_version=&#8221;4.27.0&#8243; _module_preset=&#8221;default&#8221; global_colors_info=&#8221;{}&#8221;]<script charset=\"utf-8\" type=\"text\/javascript\" src=\"\/\/js.hsforms.net\/forms\/embed\/v2.js\"><\/script><br \/>\n<script>\n  hbspt.forms.create({\n    region: \"na1\",\n    portalId: \"6302490\",\n    formId: \"87bb01da-c2ef-40cd-a25f-d94310916003\"\n  });\n<\/script>[\/et_pb_text][\/et_pb_column][et_pb_column type=&#8221;1_4&#8243; _builder_version=&#8221;4.27.0&#8243; _module_preset=&#8221;default&#8221; global_colors_info=&#8221;{}&#8221;][\/et_pb_column][\/et_pb_row][et_pb_row _builder_version=&#8221;4.16&#8243; global_colors_info=&#8221;{}&#8221;][et_pb_column type=&#8221;4_4&#8243; _builder_version=&#8221;4.16&#8243; global_colors_info=&#8221;{}&#8221;][et_pb_text _builder_version=&#8221;4.16&#8243; global_colors_info=&#8221;{}&#8221;]<\/p>\n<h2 style=\"text-align: center;\">Regional offices<\/h2>\n<p>[\/et_pb_text][\/et_pb_column][\/et_pb_row][et_pb_row _builder_version=&#8221;4.16&#8243; global_colors_info=&#8221;{}&#8221;][et_pb_column type=&#8221;4_4&#8243; _builder_version=&#8221;4.16&#8243; global_colors_info=&#8221;{}&#8221;][et_pb_tabs _builder_version=&#8221;4.27.4&#8243; tab_font_size=&#8221;14px&#8221; hover_enabled=&#8221;0&#8243; global_colors_info=&#8221;{}&#8221; sticky_enabled=&#8221;0&#8243;][et_pb_tab title=&#8221;Costa Rica&#8221; _builder_version=&#8221;4.21.0&#8243; global_colors_info=&#8221;{}&#8221;]<\/p>\n<p>&nbsp;<\/p>\n<table>\n<tbody>\n<tr>\n<td>\n<p><img data-recalc-dims=\"1\" decoding=\"async\" src=\"https:\/\/i0.wp.com\/www.bdsasesores.com\/wp-content\/uploads\/2020\/04\/costa-rica-flag01.png?w=1080\" alt=\"\" \/><strong> San Jos\u00e9, Costa Rica (headquarter)<\/strong><br \/><img data-recalc-dims=\"1\" decoding=\"async\" src=\"https:\/\/i0.wp.com\/www.bdsasesores.com\/wp-content\/uploads\/2020\/04\/contact-icon01.png?w=1080\" alt=\"\" \/> Castillo Torre Luz, Colima de Tib\u00e1s, east side of Ferreter\u00eda EPA.<br \/><img data-recalc-dims=\"1\" decoding=\"async\" src=\"https:\/\/i0.wp.com\/www.bdsasesores.com\/wp-content\/uploads\/2020\/04\/contact-icon02.png?w=1080\" alt=\"\" \/> Phone: +506 2545 3600<br \/><img data-recalc-dims=\"1\" decoding=\"async\" src=\"https:\/\/i0.wp.com\/www.bdsasesores.com\/wp-content\/uploads\/2020\/04\/contact-icon02.png?w=1080\" alt=\"\" \/> Fax: +506 2545 3699<\/p>\n<p>&nbsp;<\/p>\n<\/td>\n<td>\n<p style=\"text-align: center;\"><iframe loading=\"lazy\" style=\"border: 0;\" src=\"https:\/\/www.google.com\/maps\/embed?pb=!1m14!1m8!1m3!1d15719.133858824933!2d-84.080409!3d9.951966!3m2!1i1024!2i768!4f13.1!3m3!1m2!1s0x0%3A0x4809da047f87a58b!2sBDS+Asesores+Costa+Rica!5e0!3m2!1ses!2scr!4v1565649855316!5m2!1ses!2scr\" width=\"600\" height=\"450\" frameborder=\"0\" allowfullscreen=\"allowfullscreen\"><\/iframe><\/p>\n<\/td>\n<\/tr>\n<\/tbody>\n<\/table>\n<p>[\/et_pb_tab][et_pb_tab title=&#8221;El Salvador&#8221; _builder_version=&#8221;4.27.4&#8243; global_colors_info=&#8221;{}&#8221;]<\/p>\n<table>\n<tbody>\n<tr>\n<td><img data-recalc-dims=\"1\" decoding=\"async\" src=\"https:\/\/i0.wp.com\/www.bdsasesores.com\/wp-content\/uploads\/2020\/04\/el-salvador-flag01.png?w=1080\" alt=\"\" \/> San Salvador, El Salvador<br \/><img data-recalc-dims=\"1\" decoding=\"async\" src=\"https:\/\/i0.wp.com\/www.bdsasesores.com\/wp-content\/uploads\/2020\/04\/contact-icon01.png?w=1080\" alt=\"\" \/> Zone 2, Boston Building, Madre Selva 3 Urbanization, Llama del Bosque Street, #21, Antiguo Cuscatl\u00e1n.<br \/><img data-recalc-dims=\"1\" decoding=\"async\" src=\"https:\/\/i0.wp.com\/www.bdsasesores.com\/wp-content\/uploads\/2020\/04\/contact-icon02.png?w=1080\" alt=\"\" \/> Phone: +503 22969500<\/td>\n<td>\n<p style=\"text-align: center;\"><iframe src=\"https:\/\/www.google.com\/maps\/embed?pb=!1m17!1m12!1m3!1d969.2331374118085!2d-89.25153473038691!3d13.661865302330536!2m3!1f0!2f0!3f0!3m2!1i1024!2i768!4f13.1!3m2!1m1!2zMTPCsDM5JzQyLjciTiA4OcKwMTUnMDMuMiJX!5e0!3m2!1ses-419!2scr!4v1750782954368!5m2!1ses-419!2scr\" width=\"600\" height=\"450\" style=\"border: 0;\" allowfullscreen=\"\" loading=\"lazy\" referrerpolicy=\"no-referrer-when-downgrade\"><\/iframe><\/p>\n<\/td>\n<\/tr>\n<\/tbody>\n<\/table>\n<p style=\"text-align: center;\">[\/et_pb_tab][et_pb_tab title=&#8221;Panama&#8221; _builder_version=&#8221;4.16&#8243; global_colors_info=&#8221;{}&#8221;]<\/p>\n<p>&nbsp;<\/p>\n<table>\n<tbody>\n<tr>\n<td><img data-recalc-dims=\"1\" decoding=\"async\" src=\"https:\/\/i0.wp.com\/www.bdsasesores.com\/wp-content\/uploads\/2020\/04\/panama-flag01.png?w=1080\" alt=\"\" \/> Ciudad de Panam\u00e1, Panama<br \/> <img data-recalc-dims=\"1\" decoding=\"async\" src=\"https:\/\/i0.wp.com\/www.bdsasesores.com\/wp-content\/uploads\/2020\/04\/contact-icon01.png?w=1080\" alt=\"\" \/> Republic of Panama. Aquilino De La Guardia Av. Ocean Business Plaza. Floor 15 &#8211; Office 1501.<br \/> <img data-recalc-dims=\"1\" decoding=\"async\" src=\"https:\/\/i0.wp.com\/www.bdsasesores.com\/wp-content\/uploads\/2020\/04\/contact-icon02.png?w=1080\" alt=\"\" \/> Phone: + 507 8302190<\/td>\n<td>\n<p style=\"text-align: center;\"><iframe loading=\"lazy\" style=\"border: 0;\" src=\"https:\/\/www.google.com\/maps\/embed?pb=!1m14!1m8!1m3!1d15763.787892417959!2d-79.523006!3d8.977027!3m2!1i1024!2i768!4f13.1!3m3!1m2!1s0x0%3A0xca0422f3086bb4ef!2sOcean+Business+Plaza!5e0!3m2!1ses!2scr!4v1565650244334!5m2!1ses!2scr\" width=\"600\" height=\"450\" frameborder=\"0\" allowfullscreen=\"allowfullscreen\"><\/iframe><\/p>\n<\/td>\n<\/tr>\n<\/tbody>\n<\/table>\n<p>&nbsp;<\/p>\n<p>[\/et_pb_tab][et_pb_tab title=&#8221;Dominican Republic&#8221; _builder_version=&#8221;4.16&#8243; global_colors_info=&#8221;{}&#8221;]<\/p>\n<table>\n<tbody>\n<tr>\n<td><img data-recalc-dims=\"1\" decoding=\"async\" src=\"https:\/\/i0.wp.com\/www.bdsasesores.com\/wp-content\/uploads\/2020\/04\/republica-dominicana-flag01.png?w=1080\" alt=\"\" \/> Santo Domingo, Dominican Republic<br \/> <img data-recalc-dims=\"1\" decoding=\"async\" src=\"https:\/\/i0.wp.com\/www.bdsasesores.com\/wp-content\/uploads\/2020\/04\/contact-icon01.png?w=1080\" alt=\"\" \/>Federico Geraldino Street No. 50, Ave Gustavo Mej\u00eda Ricart. Criscar V Building. Apto. 201. Piantini \u2013 Dominican Rep.<br \/> <img data-recalc-dims=\"1\" decoding=\"async\" src=\"https:\/\/i0.wp.com\/www.bdsasesores.com\/wp-content\/uploads\/2020\/04\/contact-icon02.png?w=1080\" alt=\"\" \/> Tel: +1 (809) 364.7362<\/td>\n<td><iframe src=\"https:\/\/www.google.com\/maps\/embed?pb=!1m18!1m12!1m3!1d3784.217407681308!2d-69.93974534907215!3d18.47380888737467!2m3!1f0!2f0!3f0!3m2!1i1024!2i768!4f13.1!3m3!1m2!1s0x8eaf89e5dc297ffd%3A0x8d547b685110f28d!2sEdf.%20Criscar%20V!5e0!3m2!1ses-419!2scr!4v1625247368555!5m2!1ses-419!2scr\" width=\"600\" height=\"450\" style=\"border: 0;\" allowfullscreen=\"\" loading=\"lazy\"><\/iframe><\/td>\n<\/tr>\n<\/tbody>\n<\/table>\n<p>[\/et_pb_tab][et_pb_tab title=&#8221;Honduras&#8221; _builder_version=&#8221;4.25.1&#8243; global_colors_info=&#8221;{}&#8221;]<\/p>\n<table>\n<tbody>\n<tr>\n<td>\n<p><img data-recalc-dims=\"1\" decoding=\"async\" src=\"https:\/\/i0.wp.com\/www.bdsasesores.com\/wp-content\/uploads\/2020\/04\/honduras-flag01.png?w=1080\" alt=\"\" \/> San Pedro Sula, Honduras<br \/><img data-recalc-dims=\"1\" decoding=\"async\" src=\"https:\/\/i0.wp.com\/www.bdsasesores.com\/wp-content\/uploads\/2020\/04\/contact-icon01.png?w=1080\" alt=\"\" \/> El Angel Building, northeast corner of 11th Avenue &amp; 2nd Street, Guamilito District.<br \/><img data-recalc-dims=\"1\" decoding=\"async\" src=\"https:\/\/i0.wp.com\/www.bdsasesores.com\/wp-content\/uploads\/2020\/04\/contact-icon02.png?w=1080\" alt=\"\" \/> Phone: +504 3143 5797 | +504 3143-5425<\/p>\n<p><span><\/span><\/p>\n<p><span><img decoding=\"async\" src=\"https:\/\/i0.wp.com\/www.bdsasesores.com\/wp-content\/uploads\/2020\/04\/honduras-flag01.png?w=1080\" alt=\"\" data-recalc-dims=\"1\" \/>\u00a0Tegucigalpa, Honduras<br \/><img decoding=\"async\" src=\"https:\/\/i0.wp.com\/www.bdsasesores.com\/wp-content\/uploads\/2020\/04\/contact-icon01.png?w=1080\" alt=\"\" data-recalc-dims=\"1\" \/> Agalta, Blvd. Morazan, piso 12, local 1209, Tegucigalpa M.D.C.<\/span><span><br \/><img decoding=\"async\" src=\"https:\/\/i0.wp.com\/www.bdsasesores.com\/wp-content\/uploads\/2020\/04\/contact-icon02.png?w=1080\" alt=\"\" data-recalc-dims=\"1\" \/> Phone: +504 3143 5797 | +504 3143-5425<\/span><\/p>\n<\/td>\n<td>\n<p style=\"text-align: center;\"><iframe loading=\"lazy\" style=\"border: 0;\" src=\"https:\/\/www.google.com\/maps\/embed?pb=!1m18!1m12!1m3!1d3925.346932739144!2d-88.03239367805948!3d15.507855255224545!2m3!1f0!2f0!3f0!3m2!1i1024!2i768!4f13.1!3m3!1m2!1s0x8f665b42662f0eeb%3A0x806cc252a8ad4473!2s2+Calle+NO%2C+San+Pedro+Sula+21102%2C+Honduras!5e0!3m2!1ses!2scr!4v1565651993848!5m2!1ses!2scr\" width=\"600\" height=\"450\" frameborder=\"0\" allowfullscreen=\"allowfullscreen\"><\/iframe><\/p>\n<\/td>\n<\/tr>\n<\/tbody>\n<\/table>\n<p>[\/et_pb_tab][et_pb_tab title=&#8221;Guatemala&#8221; _builder_version=&#8221;4.21.0&#8243; global_colors_info=&#8221;{}&#8221;]<\/p>\n<table>\n<tbody>\n<tr>\n<td><img data-recalc-dims=\"1\" decoding=\"async\" src=\"https:\/\/i0.wp.com\/www.bdsasesores.com\/wp-content\/uploads\/2020\/04\/guatemala-flag01.png?w=1080\" alt=\"\" \/> Ciudad de Guatemala, Guatemala<br \/><img data-recalc-dims=\"1\" decoding=\"async\" src=\"https:\/\/i0.wp.com\/www.bdsasesores.com\/wp-content\/uploads\/2020\/04\/contact-icon02.png?w=1080\" alt=\"\" \/> Phone: +506 2545 3600<\/td>\n<td>\n<p style=\"text-align: center;\"><iframe src=\"https:\/\/www.google.com\/maps\/embed?pb=!1m18!1m12!1m3!1d123536.654942741!2d-90.57496242810336!3d14.626371679767692!2m3!1f0!2f0!3f0!3m2!1i1024!2i768!4f13.1!3m3!1m2!1s0x8589a180655c3345%3A0x4a72c7815b867b25!2sCdad.%20de%20Guatemala%2C%20Guatemala!5e0!3m2!1ses!2scr!4v1686320345872!5m2!1ses!2scr\" width=\"600\" height=\"450\" style=\"border: 0;\" allowfullscreen=\"\" loading=\"lazy\" referrerpolicy=\"no-referrer-when-downgrade\"><\/iframe><\/p>\n<\/td>\n<\/tr>\n<\/tbody>\n<\/table>\n<p>[\/et_pb_tab][et_pb_tab title=&#8221;Nicaragua&#8221; _builder_version=&#8221;4.27.4&#8243; hover_enabled=&#8221;0&#8243; global_colors_info=&#8221;{}&#8221; sticky_enabled=&#8221;0&#8243;]<\/p>\n<table>\n<tbody>\n<tr>\n<td><img data-recalc-dims=\"1\" decoding=\"async\" src=\"https:\/\/i0.wp.com\/www.bdsasesores.com\/wp-content\/uploads\/2020\/04\/nicaragua-flag01.png?w=1080\" alt=\"\" \/> <span>Planes de Altamira. Oficinas Co.Work, <\/span><span>Managua, Nicaragua.<\/span><br \/>\n<img data-recalc-dims=\"1\" decoding=\"async\" src=\"https:\/\/i0.wp.com\/www.bdsasesores.com\/wp-content\/uploads\/2020\/04\/contact-icon02.png?w=1080\" alt=\"\" \/> Phone: +505 8602-3512<\/td>\n<td>\n<p style=\"text-align: center;\"><iframe src=\"https:\/\/www.google.com\/maps\/embed?pb=!1m18!1m12!1m3!1d3900.8765717686088!2d-86.26579378875532!3d12.12059668807246!2m3!1f0!2f0!3f0!3m2!1i1024!2i768!4f13.1!3m3!1m2!1s0x8f7155f3dbeb2c17%3A0x100959742d727b09!2sCo.Work!5e0!3m2!1ses-419!2scr!4v1763740692504!5m2!1ses-419!2scr\" width=\"600\" height=\"450\" style=\"border:0;\" allowfullscreen=\"\" loading=\"lazy\" referrerpolicy=\"no-referrer-when-downgrade\"><\/iframe><\/p>\n<\/td>\n<\/tr>\n<\/tbody>\n<\/table>\n<p>[\/et_pb_tab][\/et_pb_tabs][\/et_pb_column][\/et_pb_row][\/et_pb_section]<\/p>\n","protected":false},"excerpt":{"rendered":"<p>Contact us! Regional offices&nbsp; San Jos\u00e9, Costa Rica (headquarter) Castillo Torre Luz, Colima de Tib\u00e1s, east side of Ferreter\u00eda EPA. Phone: +506 2545 3600 Fax: +506 2545 3699 &nbsp; San [&hellip;]<\/p>\n","protected":false},"author":12612,"featured_media":0,"parent":0,"menu_order":0,"comment_status":"closed","ping_status":"closed","template":"","meta":{"_et_pb_use_builder":"on","_et_pb_old_content":"","_et_gb_content_width":"","content-type":"","footnotes":""},"class_list":["post-45082","page","type-page","status-publish","hentry"],"yoast_head":"<!-- This site is optimized with the Yoast SEO plugin v27.2 - https:\/\/yoast.com\/product\/yoast-seo-wordpress\/ -->\n<title>Contact - BDS Asesores - Especialistas en Derecho Laboral con presencia en Centroam\u00e9rica, Panam\u00e1 y Rep\u00fablica Dominicana<\/title>\n<meta name=\"robots\" content=\"index, follow, max-snippet:-1, max-image-preview:large, max-video-preview:-1\" \/>\n<link rel=\"canonical\" href=\"https:\/\/www.bdsasesores.com\/en\/contact\/\" \/>\n<meta property=\"og:locale\" content=\"en_US\" \/>\n<meta property=\"og:type\" content=\"article\" \/>\n<meta property=\"og:title\" content=\"Contact - BDS Asesores - Especialistas en Derecho Laboral con presencia en Centroam\u00e9rica, Panam\u00e1 y Rep\u00fablica Dominicana\" \/>\n<meta property=\"og:description\" content=\"Contact us! Regional offices&nbsp; San Jos\u00e9, Costa Rica (headquarter) Castillo Torre Luz, Colima de Tib\u00e1s, east side of Ferreter\u00eda EPA. Phone: +506 2545 3600 Fax: +506 2545 3699 &nbsp; San [&hellip;]\" \/>\n<meta property=\"og:url\" content=\"https:\/\/www.bdsasesores.com\/en\/contact\/\" \/>\n<meta property=\"og:site_name\" content=\"BDS Asesores - Especialistas en Derecho Laboral con presencia en Centroam\u00e9rica, Panam\u00e1 y Rep\u00fablica Dominicana\" \/>\n<meta property=\"article:modified_time\" content=\"2025-11-21T15:58:38+00:00\" \/>\n<meta property=\"og:image\" content=\"https:\/\/i0.wp.com\/www.bdsasesores.com\/wp-content\/uploads\/2020\/04\/honduras-flag01.png?w=1080\" \/>\n<meta name=\"twitter:card\" content=\"summary_large_image\" \/>\n<meta name=\"twitter:label1\" content=\"Est. reading time\" \/>\n\t<meta name=\"twitter:data1\" content=\"6 minutes\" \/>\n<script type=\"application\/ld+json\" class=\"yoast-schema-graph\">{\"@context\":\"https:\/\/schema.org\",\"@graph\":[{\"@type\":\"WebPage\",\"@id\":\"https:\/\/www.bdsasesores.com\/en\/contact\/\",\"url\":\"https:\/\/www.bdsasesores.com\/en\/contact\/\",\"name\":\"Contact - BDS Asesores - Especialistas en Derecho Laboral con presencia en Centroam\u00e9rica, Panam\u00e1 y Rep\u00fablica Dominicana\",\"isPartOf\":{\"@id\":\"https:\/\/www.bdsasesores.com\/#website\"},\"primaryImageOfPage\":{\"@id\":\"https:\/\/www.bdsasesores.com\/en\/contact\/#primaryimage\"},\"image\":{\"@id\":\"https:\/\/www.bdsasesores.com\/en\/contact\/#primaryimage\"},\"thumbnailUrl\":\"https:\/\/i0.wp.com\/www.bdsasesores.com\/wp-content\/uploads\/2020\/04\/honduras-flag01.png?w=1080\",\"datePublished\":\"2021-01-27T04:05:41+00:00\",\"dateModified\":\"2025-11-21T15:58:38+00:00\",\"breadcrumb\":{\"@id\":\"https:\/\/www.bdsasesores.com\/en\/contact\/#breadcrumb\"},\"inLanguage\":\"en-US\",\"potentialAction\":[{\"@type\":\"ReadAction\",\"target\":[\"https:\/\/www.bdsasesores.com\/en\/contact\/\"]}]},{\"@type\":\"ImageObject\",\"inLanguage\":\"en-US\",\"@id\":\"https:\/\/www.bdsasesores.com\/en\/contact\/#primaryimage\",\"url\":\"https:\/\/i0.wp.com\/www.bdsasesores.com\/wp-content\/uploads\/2020\/04\/honduras-flag01.png?w=1080\",\"contentUrl\":\"https:\/\/i0.wp.com\/www.bdsasesores.com\/wp-content\/uploads\/2020\/04\/honduras-flag01.png?w=1080\"},{\"@type\":\"BreadcrumbList\",\"@id\":\"https:\/\/www.bdsasesores.com\/en\/contact\/#breadcrumb\",\"itemListElement\":[{\"@type\":\"ListItem\",\"position\":1,\"name\":\"Portada\",\"item\":\"https:\/\/www.bdsasesores.com\/en\/\"},{\"@type\":\"ListItem\",\"position\":2,\"name\":\"Contact\"}]},{\"@type\":\"WebSite\",\"@id\":\"https:\/\/www.bdsasesores.com\/#website\",\"url\":\"https:\/\/www.bdsasesores.com\/\",\"name\":\"BDS Asesores - Especialistas en Derecho Laboral con presencia en Centroam\u00e9rica, Panam\u00e1 y Rep\u00fablica Dominicana\",\"description\":\"Asesor\u00eda Laboral para empresas\",\"potentialAction\":[{\"@type\":\"SearchAction\",\"target\":{\"@type\":\"EntryPoint\",\"urlTemplate\":\"https:\/\/www.bdsasesores.com\/?s={search_term_string}\"},\"query-input\":{\"@type\":\"PropertyValueSpecification\",\"valueRequired\":true,\"valueName\":\"search_term_string\"}}],\"inLanguage\":\"en-US\"}]}<\/script>\n<!-- \/ Yoast SEO plugin. -->","yoast_head_json":{"title":"Contact - BDS Asesores - Especialistas en Derecho Laboral con presencia en Centroam\u00e9rica, Panam\u00e1 y Rep\u00fablica Dominicana","robots":{"index":"index","follow":"follow","max-snippet":"max-snippet:-1","max-image-preview":"max-image-preview:large","max-video-preview":"max-video-preview:-1"},"canonical":"https:\/\/www.bdsasesores.com\/en\/contact\/","og_locale":"en_US","og_type":"article","og_title":"Contact - BDS Asesores - Especialistas en Derecho Laboral con presencia en Centroam\u00e9rica, Panam\u00e1 y Rep\u00fablica Dominicana","og_description":"Contact us! Regional offices&nbsp; San Jos\u00e9, Costa Rica (headquarter) Castillo Torre Luz, Colima de Tib\u00e1s, east side of Ferreter\u00eda EPA. Phone: +506 2545 3600 Fax: +506 2545 3699 &nbsp; San [&hellip;]","og_url":"https:\/\/www.bdsasesores.com\/en\/contact\/","og_site_name":"BDS Asesores - Especialistas en Derecho Laboral con presencia en Centroam\u00e9rica, Panam\u00e1 y Rep\u00fablica Dominicana","article_modified_time":"2025-11-21T15:58:38+00:00","og_image":[{"url":"https:\/\/i0.wp.com\/www.bdsasesores.com\/wp-content\/uploads\/2020\/04\/honduras-flag01.png?w=1080","type":"","width":"","height":""}],"twitter_card":"summary_large_image","twitter_misc":{"Est. reading time":"6 minutes"},"schema":{"@context":"https:\/\/schema.org","@graph":[{"@type":"WebPage","@id":"https:\/\/www.bdsasesores.com\/en\/contact\/","url":"https:\/\/www.bdsasesores.com\/en\/contact\/","name":"Contact - BDS Asesores - Especialistas en Derecho Laboral con presencia en Centroam\u00e9rica, Panam\u00e1 y Rep\u00fablica Dominicana","isPartOf":{"@id":"https:\/\/www.bdsasesores.com\/#website"},"primaryImageOfPage":{"@id":"https:\/\/www.bdsasesores.com\/en\/contact\/#primaryimage"},"image":{"@id":"https:\/\/www.bdsasesores.com\/en\/contact\/#primaryimage"},"thumbnailUrl":"https:\/\/i0.wp.com\/www.bdsasesores.com\/wp-content\/uploads\/2020\/04\/honduras-flag01.png?w=1080","datePublished":"2021-01-27T04:05:41+00:00","dateModified":"2025-11-21T15:58:38+00:00","breadcrumb":{"@id":"https:\/\/www.bdsasesores.com\/en\/contact\/#breadcrumb"},"inLanguage":"en-US","potentialAction":[{"@type":"ReadAction","target":["https:\/\/www.bdsasesores.com\/en\/contact\/"]}]},{"@type":"ImageObject","inLanguage":"en-US","@id":"https:\/\/www.bdsasesores.com\/en\/contact\/#primaryimage","url":"https:\/\/i0.wp.com\/www.bdsasesores.com\/wp-content\/uploads\/2020\/04\/honduras-flag01.png?w=1080","contentUrl":"https:\/\/i0.wp.com\/www.bdsasesores.com\/wp-content\/uploads\/2020\/04\/honduras-flag01.png?w=1080"},{"@type":"BreadcrumbList","@id":"https:\/\/www.bdsasesores.com\/en\/contact\/#breadcrumb","itemListElement":[{"@type":"ListItem","position":1,"name":"Portada","item":"https:\/\/www.bdsasesores.com\/en\/"},{"@type":"ListItem","position":2,"name":"Contact"}]},{"@type":"WebSite","@id":"https:\/\/www.bdsasesores.com\/#website","url":"https:\/\/www.bdsasesores.com\/","name":"BDS Asesores - Especialistas en Derecho Laboral con presencia en Centroam\u00e9rica, Panam\u00e1 y Rep\u00fablica Dominicana","description":"Asesor\u00eda Laboral para empresas","potentialAction":[{"@type":"SearchAction","target":{"@type":"EntryPoint","urlTemplate":"https:\/\/www.bdsasesores.com\/?s={search_term_string}"},"query-input":{"@type":"PropertyValueSpecification","valueRequired":true,"valueName":"search_term_string"}}],"inLanguage":"en-US"}]}},"jetpack_sharing_enabled":true,"_links":{"self":[{"href":"https:\/\/www.bdsasesores.com\/en\/wp-json\/wp\/v2\/pages\/45082","targetHints":{"allow":["GET"]}}],"collection":[{"href":"https:\/\/www.bdsasesores.com\/en\/wp-json\/wp\/v2\/pages"}],"about":[{"href":"https:\/\/www.bdsasesores.com\/en\/wp-json\/wp\/v2\/types\/page"}],"author":[{"embeddable":true,"href":"https:\/\/www.bdsasesores.com\/en\/wp-json\/wp\/v2\/users\/12612"}],"replies":[{"embeddable":true,"href":"https:\/\/www.bdsasesores.com\/en\/wp-json\/wp\/v2\/comments?post=45082"}],"version-history":[{"count":28,"href":"https:\/\/www.bdsasesores.com\/en\/wp-json\/wp\/v2\/pages\/45082\/revisions"}],"predecessor-version":[{"id":987487201,"href":"https:\/\/www.bdsasesores.com\/en\/wp-json\/wp\/v2\/pages\/45082\/revisions\/987487201"}],"wp:attachment":[{"href":"https:\/\/www.bdsasesores.com\/en\/wp-json\/wp\/v2\/media?parent=45082"}],"curies":[{"name":"wp","href":"https:\/\/api.w.org\/{rel}","templated":true}]}}