{"id":45108,"date":"2021-01-28T23:28:28","date_gmt":"2021-01-29T05:28:28","guid":{"rendered":"https:\/\/www.bdsasesores.com\/services\/private-labor\/"},"modified":"2021-03-16T23:25:49","modified_gmt":"2021-03-17T05:25:49","slug":"private-labor","status":"publish","type":"page","link":"https:\/\/www.bdsasesores.com\/en\/services\/private-labor\/","title":{"rendered":"Private Labor"},"content":{"rendered":"<p>[et_pb_section fb_built=&#8221;1&#8243; _builder_version=&#8221;4.2.2&#8243;][et_pb_row make_equal=&#8221;on&#8221; _builder_version=&#8221;3.26.3&#8243;][et_pb_column type=&#8221;4_4&#8243; _builder_version=&#8221;3.26.3&#8243;][et_pb_blurb title=&#8221;Multinationals, local companies or PyMes. &#8221; content_max_width=&#8221;430px&#8221; _builder_version=&#8221;4.8.1&#8243; header_level=&#8221;h1&#8243; header_text_align=&#8221;center&#8221; custom_padding=&#8221;35px||20px||false|false&#8221; border_radii_image=&#8221;on|6px|6px|6px|6px&#8221;]<\/p>\n<p>Our services are tailored to the needs of your company.<\/p>\n<p>[\/et_pb_blurb][\/et_pb_column][\/et_pb_row][et_pb_row _builder_version=&#8221;4.8.1&#8243;][et_pb_column type=&#8221;4_4&#8243; _builder_version=&#8221;3.26.3&#8243;][et_pb_accordion icon_color=&#8221;#2b2b2b&#8221; _builder_version=&#8221;4.8.1&#8243;][et_pb_accordion_item title=&#8221;Permanent labor counseling&#8221; _builder_version=&#8221;4.8.1&#8243; _module_preset=&#8221;default&#8221; open=&#8221;on&#8221;]<\/p>\n<p>Our Firm offers its clients the possibility of having a permanent labor counsel on everyday subjects for your company&#8217;s development, such as:<\/p>\n<ul>\n<li>Attention to everyday normal business inquiries.<\/li>\n<li>Permanent and immediate update of reforms of labor laws.<\/li>\n<li>Calculation of labor compensations and salary garnishments.<\/li>\n<li>Assistance with disciplinary letters, general communiques, guidelines, work contracts, professional services contracts, working hours and internal disciplinary procedures.<\/li>\n<li>Review of compensation plans.<\/li>\n<li>Training of personnel on labor subjects through \u201cin house\u201d seminars.<\/li>\n<\/ul>\n<p>[\/et_pb_accordion_item][et_pb_accordion_item title=&#8221;Labor Self-Diagnosis&#8221; open=&#8221;off&#8221; _builder_version=&#8221;4.8.1&#8243;]<\/p>\n<p>A good analysis of a company\u2019s present situation is that which is done from within the organization itself, since we start off from the fact that nobody knows the company better than those who run it and decide on its fate. For this reason, our Firm designed the \u201cLabor Self-Diagnosis\u201d, whose purpose is to provide the companies with a tool to evaluate their condition regarding compliance of labor laws and, thus, identify possible contingencies in order to establish corrective actions in the short term.<\/p>\n<p>[\/et_pb_accordion_item][et_pb_accordion_item title=&#8221;Labor Due Diligence&#8221; _builder_version=&#8221;4.8.1&#8243; open=&#8221;off&#8221;]<\/p>\n<p>BDS Asesores puts Due Diligence, better known as Labor Audit, in your hands. It is a process by means of which you can identify the labor contingencies your company could be handling, in order to establish a plan of action to correct and adequately manage the risk.<\/p>\n<p>[\/et_pb_accordion_item][et_pb_accordion_item title=&#8221;Counseling internal regulations design&#8221; _builder_version=&#8221;4.8.1&#8243; open=&#8221;off&#8221;]<\/p>\n<p style=\"text-align: justify;\">We provide counsel on the design of internal regulations to control the labor activity of your company. Furthermore, our Firm provides counsel for the design and implementation of internal policies custom-made for your company and in compliance with current legal regulations.<\/p>\n<p>[\/et_pb_accordion_item][et_pb_accordion_item title=&#8221;Compensation Plan Design&#8221; _builder_version=&#8221;4.8.1&#8243; open=&#8221;off&#8221;]<\/p>\n<p style=\"text-align: justify;\">We, in BDS Asesores, design reliable and safe compensation plans for our clients, taking into consideration salary and non-salary benefits, adapting to both the company&#8217;s and worker&#8217;s needs, and to Costa Rican labor laws as well. This is done by means of a strategic consulting.<\/p>\n<p>[\/et_pb_accordion_item][et_pb_accordion_item title=&#8221;Design of confidentiality and non post-contractual competition plans&#8221; _builder_version=&#8221;4.8.1&#8243; open=&#8221;off&#8221;]<\/p>\n<p style=\"text-align: justify;\">We design a confidential information protection plan that adjusts to your company&#8217;s needs, including documentation and implementation support. We also offer our legal services for the implementation of a non-post-contractual competition plan for your company&#8217;s key positions.<\/p>\n<p>[\/et_pb_accordion_item][et_pb_accordion_item title=&#8221;Worker monitoring and control&#8221; _builder_version=&#8221;4.8.1&#8243; open=&#8221;off&#8221;]<\/p>\n<p>BDS Asesores provides a counseling service for the implementation of worker monitoring and control mechanisms that allow you to correctly exercise the employer&#8217;s power of direction, while respecting, at the same time, all worker&#8217;s fundamental rights.<\/p>\n<p>[\/et_pb_accordion_item][et_pb_accordion_item title=&#8221;Counseling for the treatment of impatriates and expatriates&#8221; _builder_version=&#8221;4.8.1&#8243; open=&#8221;off&#8221;]<\/p>\n<p>Hiring foreign employees to work in our country or transferring a Costa Rican worker to a company installation outside the country, has important implications that every company should take into consideration. BDS Asesores provides counseling for the correct legal and migratory treatment of these kinds of international assignments.<\/p>\n<p>[\/et_pb_accordion_item][et_pb_accordion_item title=&#8221;Telecommuting implementation&#8221; _builder_version=&#8221;4.8.1&#8243; open=&#8221;off&#8221;]<\/p>\n<p>Our Firm places itself at the forefront by offering the Telecommuting implementation program. It can be either permanent or temporary, and it is custom designed for your company. In this way, in order for your company to begin with a safe and current labor law and occupational safety compliant telecommuting plan, we offer the following services:<\/p>\n<ul>\n<li>Advising on the appointment of the coordinating team.<\/li>\n<li>Setting the limits of the pilot plan.<\/li>\n<li>Information and induction sessions for the collaborators.<\/li>\n<li>Design of internal policies for telecommuting implementation.<\/li>\n<li>Addendum to existing working contracts.<\/li>\n<li>Process evaluation forms.<\/li>\n<li>Advising on occupational health.<\/li>\n<\/ul>\n<p>[\/et_pb_accordion_item][\/et_pb_accordion][et_pb_code _builder_version=&#8221;3.26.3&#8243; text_orientation=&#8221;center&#8221;][\/et_pb_code][\/et_pb_column][\/et_pb_row][et_pb_row _builder_version=&#8221;4.8.1&#8243; custom_padding=&#8221;0px||0px||false|false&#8221; locked=&#8221;off&#8221;][et_pb_column type=&#8221;4_4&#8243; _builder_version=&#8221;4.8.1&#8243;][et_pb_text _builder_version=&#8221;4.2.2&#8243; text_font_size=&#8221;48px&#8221;]<\/p>\n<h1 style=\"text-align: center;\">Contact us!<\/h1>\n<p>[\/et_pb_text][et_pb_text _builder_version=&#8221;4.2.2&#8243; text_orientation=&#8221;center&#8221; custom_padding=&#8221;||||false|false&#8221;]Get advice from the experts in labor matters for companies.[\/et_pb_text][\/et_pb_column][\/et_pb_row][et_pb_row column_structure=&#8221;1_4,1_2,1_4&#8243; _builder_version=&#8221;4.8.1&#8243; custom_padding=&#8221;0px||0px||false|false&#8221; locked=&#8221;off&#8221;][et_pb_column type=&#8221;1_4&#8243; _builder_version=&#8221;4.2.2&#8243;][\/et_pb_column][et_pb_column type=&#8221;1_2&#8243; _builder_version=&#8221;4.2.2&#8243;][et_pb_text _builder_version=&#8221;4.8.1&#8243;]<!--[if lte IE 8]>\n<script charset=\"utf-8\" type=\"text\/javascript\" src=\"\/\/js.hsforms.net\/forms\/v2-legacy.js\"><\/script>\n<![endif]--><br \/>\n<script charset=\"utf-8\" type=\"text\/javascript\" src=\"\/\/js.hsforms.net\/forms\/v2.js\"><\/script><br \/>\n<script>\n  hbspt.forms.create({\n\tportalId: \"6302490\",\n\tformId: \"87bb01da-c2ef-40cd-a25f-d94310916003\"\n});\n<\/script>[\/et_pb_text][\/et_pb_column][et_pb_column type=&#8221;1_4&#8243; _builder_version=&#8221;4.2.2&#8243;][\/et_pb_column][\/et_pb_row][\/et_pb_section]<\/p>\n","protected":false},"excerpt":{"rendered":"<p>Our services are tailored to the needs of your company.Our Firm offers its clients the possibility of having a permanent labor counsel on everyday subjects for your company&#8217;s development, such [&hellip;]<\/p>\n","protected":false},"author":1,"featured_media":0,"parent":45090,"menu_order":0,"comment_status":"closed","ping_status":"closed","template":"","meta":{"_et_pb_use_builder":"on","_et_pb_old_content":"","_et_gb_content_width":"","content-type":"","footnotes":""},"class_list":["post-45108","page","type-page","status-publish","hentry"],"yoast_head":"<!-- This site is optimized with the Yoast SEO plugin v27.2 - https:\/\/yoast.com\/product\/yoast-seo-wordpress\/ -->\n<title>Private Labor - BDS Asesores - Especialistas en Derecho Laboral con presencia en Centroam\u00e9rica, Panam\u00e1 y Rep\u00fablica Dominicana<\/title>\n<meta name=\"robots\" content=\"index, follow, max-snippet:-1, max-image-preview:large, max-video-preview:-1\" \/>\n<link rel=\"canonical\" href=\"https:\/\/www.bdsasesores.com\/en\/services\/private-labor\/\" \/>\n<meta property=\"og:locale\" content=\"en_US\" \/>\n<meta property=\"og:type\" content=\"article\" \/>\n<meta property=\"og:title\" content=\"Private Labor - BDS Asesores - Especialistas en Derecho Laboral con presencia en Centroam\u00e9rica, Panam\u00e1 y Rep\u00fablica Dominicana\" \/>\n<meta property=\"og:description\" content=\"Our services are tailored to the needs of your company.Our Firm offers its clients the possibility of having a permanent labor counsel on everyday subjects for your company&#039;s development, such [&hellip;]\" \/>\n<meta property=\"og:url\" content=\"https:\/\/www.bdsasesores.com\/en\/services\/private-labor\/\" \/>\n<meta property=\"og:site_name\" content=\"BDS Asesores - Especialistas en Derecho Laboral con presencia en Centroam\u00e9rica, Panam\u00e1 y Rep\u00fablica Dominicana\" \/>\n<meta property=\"article:modified_time\" content=\"2021-03-17T05:25:49+00:00\" \/>\n<meta property=\"og:image\" content=\"https:\/\/i0.wp.com\/www.bdsasesores.com\/wp-content\/uploads\/2021\/08\/icono-bds-azul.jpeg?fit=1280%2C1280&ssl=1\" \/>\n\t<meta property=\"og:image:width\" content=\"1280\" \/>\n\t<meta property=\"og:image:height\" content=\"1280\" \/>\n\t<meta property=\"og:image:type\" content=\"image\/jpeg\" \/>\n<meta name=\"twitter:card\" content=\"summary_large_image\" \/>\n<meta name=\"twitter:label1\" content=\"Est. reading time\" \/>\n\t<meta name=\"twitter:data1\" content=\"5 minutes\" \/>\n<script type=\"application\/ld+json\" class=\"yoast-schema-graph\">{\"@context\":\"https:\/\/schema.org\",\"@graph\":[{\"@type\":\"WebPage\",\"@id\":\"https:\/\/www.bdsasesores.com\/en\/services\/private-labor\/\",\"url\":\"https:\/\/www.bdsasesores.com\/en\/services\/private-labor\/\",\"name\":\"Private Labor - BDS Asesores - Especialistas en Derecho Laboral con presencia en Centroam\u00e9rica, Panam\u00e1 y Rep\u00fablica Dominicana\",\"isPartOf\":{\"@id\":\"https:\/\/www.bdsasesores.com\/#website\"},\"datePublished\":\"2021-01-29T05:28:28+00:00\",\"dateModified\":\"2021-03-17T05:25:49+00:00\",\"breadcrumb\":{\"@id\":\"https:\/\/www.bdsasesores.com\/en\/services\/private-labor\/#breadcrumb\"},\"inLanguage\":\"en-US\",\"potentialAction\":[{\"@type\":\"ReadAction\",\"target\":[\"https:\/\/www.bdsasesores.com\/en\/services\/private-labor\/\"]}]},{\"@type\":\"BreadcrumbList\",\"@id\":\"https:\/\/www.bdsasesores.com\/en\/services\/private-labor\/#breadcrumb\",\"itemListElement\":[{\"@type\":\"ListItem\",\"position\":1,\"name\":\"Portada\",\"item\":\"https:\/\/www.bdsasesores.com\/en\/\"},{\"@type\":\"ListItem\",\"position\":2,\"name\":\"Services\",\"item\":\"https:\/\/www.bdsasesores.com\/en\/services\/\"},{\"@type\":\"ListItem\",\"position\":3,\"name\":\"Private Labor\"}]},{\"@type\":\"WebSite\",\"@id\":\"https:\/\/www.bdsasesores.com\/#website\",\"url\":\"https:\/\/www.bdsasesores.com\/\",\"name\":\"BDS Asesores - Especialistas en Derecho Laboral con presencia en Centroam\u00e9rica, Panam\u00e1 y Rep\u00fablica Dominicana\",\"description\":\"Asesor\u00eda Laboral para empresas\",\"potentialAction\":[{\"@type\":\"SearchAction\",\"target\":{\"@type\":\"EntryPoint\",\"urlTemplate\":\"https:\/\/www.bdsasesores.com\/?s={search_term_string}\"},\"query-input\":{\"@type\":\"PropertyValueSpecification\",\"valueRequired\":true,\"valueName\":\"search_term_string\"}}],\"inLanguage\":\"en-US\"}]}<\/script>\n<!-- \/ Yoast SEO plugin. -->","yoast_head_json":{"title":"Private Labor - BDS Asesores - Especialistas en Derecho Laboral con presencia en Centroam\u00e9rica, Panam\u00e1 y Rep\u00fablica Dominicana","robots":{"index":"index","follow":"follow","max-snippet":"max-snippet:-1","max-image-preview":"max-image-preview:large","max-video-preview":"max-video-preview:-1"},"canonical":"https:\/\/www.bdsasesores.com\/en\/services\/private-labor\/","og_locale":"en_US","og_type":"article","og_title":"Private Labor - BDS Asesores - Especialistas en Derecho Laboral con presencia en Centroam\u00e9rica, Panam\u00e1 y Rep\u00fablica Dominicana","og_description":"Our services are tailored to the needs of your company.Our Firm offers its clients the possibility of having a permanent labor counsel on everyday subjects for your company's development, such [&hellip;]","og_url":"https:\/\/www.bdsasesores.com\/en\/services\/private-labor\/","og_site_name":"BDS Asesores - Especialistas en Derecho Laboral con presencia en Centroam\u00e9rica, Panam\u00e1 y Rep\u00fablica Dominicana","article_modified_time":"2021-03-17T05:25:49+00:00","og_image":[{"width":1280,"height":1280,"url":"https:\/\/i0.wp.com\/www.bdsasesores.com\/wp-content\/uploads\/2021\/08\/icono-bds-azul.jpeg?fit=1280%2C1280&ssl=1","type":"image\/jpeg"}],"twitter_card":"summary_large_image","twitter_misc":{"Est. reading time":"5 minutes"},"schema":{"@context":"https:\/\/schema.org","@graph":[{"@type":"WebPage","@id":"https:\/\/www.bdsasesores.com\/en\/services\/private-labor\/","url":"https:\/\/www.bdsasesores.com\/en\/services\/private-labor\/","name":"Private Labor - BDS Asesores - Especialistas en Derecho Laboral con presencia en Centroam\u00e9rica, Panam\u00e1 y Rep\u00fablica Dominicana","isPartOf":{"@id":"https:\/\/www.bdsasesores.com\/#website"},"datePublished":"2021-01-29T05:28:28+00:00","dateModified":"2021-03-17T05:25:49+00:00","breadcrumb":{"@id":"https:\/\/www.bdsasesores.com\/en\/services\/private-labor\/#breadcrumb"},"inLanguage":"en-US","potentialAction":[{"@type":"ReadAction","target":["https:\/\/www.bdsasesores.com\/en\/services\/private-labor\/"]}]},{"@type":"BreadcrumbList","@id":"https:\/\/www.bdsasesores.com\/en\/services\/private-labor\/#breadcrumb","itemListElement":[{"@type":"ListItem","position":1,"name":"Portada","item":"https:\/\/www.bdsasesores.com\/en\/"},{"@type":"ListItem","position":2,"name":"Services","item":"https:\/\/www.bdsasesores.com\/en\/services\/"},{"@type":"ListItem","position":3,"name":"Private Labor"}]},{"@type":"WebSite","@id":"https:\/\/www.bdsasesores.com\/#website","url":"https:\/\/www.bdsasesores.com\/","name":"BDS Asesores - Especialistas en Derecho Laboral con presencia en Centroam\u00e9rica, Panam\u00e1 y Rep\u00fablica Dominicana","description":"Asesor\u00eda Laboral para empresas","potentialAction":[{"@type":"SearchAction","target":{"@type":"EntryPoint","urlTemplate":"https:\/\/www.bdsasesores.com\/?s={search_term_string}"},"query-input":{"@type":"PropertyValueSpecification","valueRequired":true,"valueName":"search_term_string"}}],"inLanguage":"en-US"}]}},"jetpack_sharing_enabled":true,"_links":{"self":[{"href":"https:\/\/www.bdsasesores.com\/en\/wp-json\/wp\/v2\/pages\/45108","targetHints":{"allow":["GET"]}}],"collection":[{"href":"https:\/\/www.bdsasesores.com\/en\/wp-json\/wp\/v2\/pages"}],"about":[{"href":"https:\/\/www.bdsasesores.com\/en\/wp-json\/wp\/v2\/types\/page"}],"author":[{"embeddable":true,"href":"https:\/\/www.bdsasesores.com\/en\/wp-json\/wp\/v2\/users\/1"}],"replies":[{"embeddable":true,"href":"https:\/\/www.bdsasesores.com\/en\/wp-json\/wp\/v2\/comments?post=45108"}],"version-history":[{"count":10,"href":"https:\/\/www.bdsasesores.com\/en\/wp-json\/wp\/v2\/pages\/45108\/revisions"}],"predecessor-version":[{"id":45959,"href":"https:\/\/www.bdsasesores.com\/en\/wp-json\/wp\/v2\/pages\/45108\/revisions\/45959"}],"up":[{"embeddable":true,"href":"https:\/\/www.bdsasesores.com\/en\/wp-json\/wp\/v2\/pages\/45090"}],"wp:attachment":[{"href":"https:\/\/www.bdsasesores.com\/en\/wp-json\/wp\/v2\/media?parent=45108"}],"curies":[{"name":"wp","href":"https:\/\/api.w.org\/{rel}","templated":true}]}}