{"id":45120,"date":"2021-01-29T00:11:16","date_gmt":"2021-01-29T06:11:16","guid":{"rendered":"https:\/\/www.bdsasesores.com\/services\/rh-pal\/"},"modified":"2021-03-16T23:40:57","modified_gmt":"2021-03-17T05:40:57","slug":"rh-pal","status":"publish","type":"page","link":"https:\/\/www.bdsasesores.com\/en\/services\/rh-pal\/","title":{"rendered":"RH Pal"},"content":{"rendered":"<p>[et_pb_section fb_built=&#8221;1&#8243; _builder_version=&#8221;3.26.3&#8243;][et_pb_row make_equal=&#8221;on&#8221; _builder_version=&#8221;3.26.3&#8243;][et_pb_column type=&#8221;4_4&#8243; _builder_version=&#8221;3.26.3&#8243;][et_pb_blurb title=&#8221;Payroll Management&#8221; content_max_width=&#8221;430px&#8221; _builder_version=&#8221;4.8.1&#8243; header_level=&#8221;h1&#8243; header_text_align=&#8221;center&#8221; transform_scale=&#8221;99%|99%&#8221; text_orientation=&#8221;justified&#8221; custom_padding=&#8221;30px||20px||false|false&#8221; border_radii_image=&#8221;on|6px|6px|6px|6px&#8221;]<\/p>\n<p>Considering the above and given that we know that people are every company&#8217;s most important resource, we have created a consulting line specialized in Human Management that can accompany key processes for your organization through the following services:<\/p>\n<p>Our BDS Payroll service will bring the following benefits to your company:<\/p>\n<ul>\n<li>Legal contingency control: your company will have legal validation by experts in payment and compensation practices, allowing you to control and eliminate legal contingencies in accordance with the legislation of the country where your company is located.<\/li>\n<li>Elimination of operational mistakes: we have specialists that will be in charge of preparing and calculating your payroll.<\/li>\n<li>Operational savings: derived from operational cost reductions associated to payroll administration and the customary payment of software licensing.<\/li>\n<\/ul>\n<p>Managing the temporary personnel payroll can be a slow and costly process for a company that has just begun operations or is already established in a country.<\/p>\n<p>BDS Asesores offers the Bridge Payroll service to make the administrative process of your company&#8217;s payroll easy, fast and free of Legal contingencies.<\/p>\n<p>Our Firm will attend, through this service, all duties your company has before all Costa Rican administrative and judicial authorities, with the permanent legal labor support of BDS Asesores.<\/p>\n<p>[\/et_pb_blurb][\/et_pb_column][\/et_pb_row][et_pb_row _builder_version=&#8221;3.26.3&#8243;][et_pb_column type=&#8221;4_4&#8243; _builder_version=&#8221;3.26.3&#8243;][et_pb_text admin_label=&#8221;Title&#8221; _builder_version=&#8221;3.27.4&#8243; text_font=&#8221;||||||||&#8221; header_font=&#8221;||||||||&#8221; header_2_font=&#8221;Playfair Display||||||||&#8221; header_2_text_align=&#8221;center&#8221; header_2_font_size=&#8221;48px&#8221; header_2_line_height=&#8221;1.6em&#8221; custom_margin=&#8221;||10px|&#8221; custom_padding=&#8221;|||&#8221; animation_style=&#8221;fade&#8221; header_2_font_size_tablet=&#8221;40px&#8221; header_2_font_size_phone=&#8221;&#8221; header_2_font_size_last_edited=&#8221;on|tablet&#8221;]<\/p>\n<h2>Services<\/h2>\n<p>[\/et_pb_text][et_pb_accordion icon_color=&#8221;#2b2b2b&#8221; _builder_version=&#8221;3.27.3&#8243;][et_pb_accordion_item title=&#8221;PPO (Payroll Process Outsourcing) Payroll Process:&#8221; open=&#8221;on&#8221; _builder_version=&#8221;3.27.3&#8243; toggle_level=&#8221;h1&#8243;]<\/p>\n<p><span>We assume the preparation and processing of the payroll of our business partners, as well as the adjacent processes directly related to payroll management.<\/span><\/p>\n<p>[\/et_pb_accordion_item][et_pb_accordion_item title=&#8221;BPO (Business Process Outsourcing) Business Process:&#8221; _builder_version=&#8221;3.27.3&#8243; open=&#8221;off&#8221;]<\/p>\n<p><span>This line is responsible for accounting matters, through this we provide consulting and data processing not only in the accounting but also tax area.<\/span><\/p>\n<p>[\/et_pb_accordion_item][et_pb_accordion_item title=&#8221;HRO (Human Resource Outsourcing) Resource Process:&#8221; _builder_version=&#8221;3.27.3&#8243; open=&#8221;off&#8221;]<\/p>\n<p><span>Through this area we support our business partners so that they can focus on their main activity, assuming the administration of resources, so that the organization of our business partner acquires greater flexibility and a staff that allows it to achieve its objectives.<\/span><\/p>\n<p>[\/et_pb_accordion_item][\/et_pb_accordion][et_pb_code _builder_version=&#8221;3.26.3&#8243; text_orientation=&#8221;center&#8221;][\/et_pb_code][\/et_pb_column][\/et_pb_row][et_pb_row _builder_version=&#8221;4.8.1&#8243; custom_padding=&#8221;0px||0px||false|false&#8221; locked=&#8221;off&#8221;][et_pb_column type=&#8221;4_4&#8243; _builder_version=&#8221;4.8.1&#8243;][et_pb_text _builder_version=&#8221;4.2.2&#8243; text_font_size=&#8221;48px&#8221;]<\/p>\n<h1 style=\"text-align: center;\">Contact us!<\/h1>\n<p>[\/et_pb_text][et_pb_text _builder_version=&#8221;4.2.2&#8243; text_orientation=&#8221;center&#8221; custom_padding=&#8221;||||false|false&#8221;]Get advice from the experts in labor matters for companies.[\/et_pb_text][\/et_pb_column][\/et_pb_row][et_pb_row column_structure=&#8221;1_4,1_2,1_4&#8243; _builder_version=&#8221;4.8.1&#8243; custom_padding=&#8221;0px||0px||false|false&#8221; locked=&#8221;off&#8221;][et_pb_column type=&#8221;1_4&#8243; _builder_version=&#8221;4.2.2&#8243;][\/et_pb_column][et_pb_column type=&#8221;1_2&#8243; _builder_version=&#8221;4.2.2&#8243;][et_pb_text _builder_version=&#8221;4.8.1&#8243;]<!--[if lte IE 8]>\n<script charset=\"utf-8\" type=\"text\/javascript\" src=\"\/\/js.hsforms.net\/forms\/v2-legacy.js\"><\/script>\n<![endif]--><br \/>\n<script charset=\"utf-8\" type=\"text\/javascript\" src=\"\/\/js.hsforms.net\/forms\/v2.js\"><\/script><br \/>\n<script>\n  hbspt.forms.create({\n\tportalId: \"6302490\",\n\tformId: \"87bb01da-c2ef-40cd-a25f-d94310916003\"\n});\n<\/script>[\/et_pb_text][\/et_pb_column][et_pb_column type=&#8221;1_4&#8243; _builder_version=&#8221;4.2.2&#8243;][\/et_pb_column][\/et_pb_row][\/et_pb_section]<\/p>\n","protected":false},"excerpt":{"rendered":"<p>Considering the above and given that we know that people are every company&#8217;s most important resource, we have created a consulting line specialized in Human Management that can accompany key [&hellip;]<\/p>\n","protected":false},"author":1,"featured_media":0,"parent":45090,"menu_order":0,"comment_status":"closed","ping_status":"closed","template":"","meta":{"_et_pb_use_builder":"on","_et_pb_old_content":"","_et_gb_content_width":"","content-type":"","footnotes":""},"class_list":["post-45120","page","type-page","status-publish","hentry"],"yoast_head":"<!-- This site is optimized with the Yoast SEO plugin v27.2 - https:\/\/yoast.com\/product\/yoast-seo-wordpress\/ -->\n<title>RH Pal - BDS Asesores - Especialistas en Derecho Laboral con presencia en Centroam\u00e9rica, Panam\u00e1 y Rep\u00fablica Dominicana<\/title>\n<meta name=\"robots\" content=\"index, follow, max-snippet:-1, max-image-preview:large, max-video-preview:-1\" \/>\n<link rel=\"canonical\" href=\"https:\/\/www.bdsasesores.com\/en\/services\/rh-pal\/\" \/>\n<meta property=\"og:locale\" content=\"en_US\" \/>\n<meta property=\"og:type\" content=\"article\" \/>\n<meta property=\"og:title\" content=\"RH Pal - BDS Asesores - Especialistas en Derecho Laboral con presencia en Centroam\u00e9rica, Panam\u00e1 y Rep\u00fablica Dominicana\" \/>\n<meta property=\"og:description\" content=\"Considering the above and given that we know that people are every company&#039;s most important resource, we have created a consulting line specialized in Human Management that can accompany key [&hellip;]\" \/>\n<meta property=\"og:url\" content=\"https:\/\/www.bdsasesores.com\/en\/services\/rh-pal\/\" \/>\n<meta property=\"og:site_name\" content=\"BDS Asesores - Especialistas en Derecho Laboral con presencia en Centroam\u00e9rica, Panam\u00e1 y Rep\u00fablica Dominicana\" \/>\n<meta property=\"article:modified_time\" content=\"2021-03-17T05:40:57+00:00\" \/>\n<meta property=\"og:image\" content=\"https:\/\/i0.wp.com\/www.bdsasesores.com\/wp-content\/uploads\/2021\/08\/icono-bds-azul.jpeg?fit=1280%2C1280&ssl=1\" \/>\n\t<meta property=\"og:image:width\" content=\"1280\" \/>\n\t<meta property=\"og:image:height\" content=\"1280\" \/>\n\t<meta property=\"og:image:type\" content=\"image\/jpeg\" \/>\n<meta name=\"twitter:card\" content=\"summary_large_image\" \/>\n<meta name=\"twitter:label1\" content=\"Est. reading time\" \/>\n\t<meta name=\"twitter:data1\" content=\"3 minutes\" \/>\n<script type=\"application\/ld+json\" class=\"yoast-schema-graph\">{\"@context\":\"https:\/\/schema.org\",\"@graph\":[{\"@type\":\"WebPage\",\"@id\":\"https:\/\/www.bdsasesores.com\/en\/services\/rh-pal\/\",\"url\":\"https:\/\/www.bdsasesores.com\/en\/services\/rh-pal\/\",\"name\":\"RH Pal - BDS Asesores - Especialistas en Derecho Laboral con presencia en Centroam\u00e9rica, Panam\u00e1 y Rep\u00fablica Dominicana\",\"isPartOf\":{\"@id\":\"https:\/\/www.bdsasesores.com\/#website\"},\"datePublished\":\"2021-01-29T06:11:16+00:00\",\"dateModified\":\"2021-03-17T05:40:57+00:00\",\"breadcrumb\":{\"@id\":\"https:\/\/www.bdsasesores.com\/en\/services\/rh-pal\/#breadcrumb\"},\"inLanguage\":\"en-US\",\"potentialAction\":[{\"@type\":\"ReadAction\",\"target\":[\"https:\/\/www.bdsasesores.com\/en\/services\/rh-pal\/\"]}]},{\"@type\":\"BreadcrumbList\",\"@id\":\"https:\/\/www.bdsasesores.com\/en\/services\/rh-pal\/#breadcrumb\",\"itemListElement\":[{\"@type\":\"ListItem\",\"position\":1,\"name\":\"Portada\",\"item\":\"https:\/\/www.bdsasesores.com\/en\/\"},{\"@type\":\"ListItem\",\"position\":2,\"name\":\"Services\",\"item\":\"https:\/\/www.bdsasesores.com\/en\/services\/\"},{\"@type\":\"ListItem\",\"position\":3,\"name\":\"RH Pal\"}]},{\"@type\":\"WebSite\",\"@id\":\"https:\/\/www.bdsasesores.com\/#website\",\"url\":\"https:\/\/www.bdsasesores.com\/\",\"name\":\"BDS Asesores - Especialistas en Derecho Laboral con presencia en Centroam\u00e9rica, Panam\u00e1 y Rep\u00fablica Dominicana\",\"description\":\"Asesor\u00eda Laboral para empresas\",\"potentialAction\":[{\"@type\":\"SearchAction\",\"target\":{\"@type\":\"EntryPoint\",\"urlTemplate\":\"https:\/\/www.bdsasesores.com\/?s={search_term_string}\"},\"query-input\":{\"@type\":\"PropertyValueSpecification\",\"valueRequired\":true,\"valueName\":\"search_term_string\"}}],\"inLanguage\":\"en-US\"}]}<\/script>\n<!-- \/ Yoast SEO plugin. -->","yoast_head_json":{"title":"RH Pal - BDS Asesores - Especialistas en Derecho Laboral con presencia en Centroam\u00e9rica, Panam\u00e1 y Rep\u00fablica Dominicana","robots":{"index":"index","follow":"follow","max-snippet":"max-snippet:-1","max-image-preview":"max-image-preview:large","max-video-preview":"max-video-preview:-1"},"canonical":"https:\/\/www.bdsasesores.com\/en\/services\/rh-pal\/","og_locale":"en_US","og_type":"article","og_title":"RH Pal - BDS Asesores - Especialistas en Derecho Laboral con presencia en Centroam\u00e9rica, Panam\u00e1 y Rep\u00fablica Dominicana","og_description":"Considering the above and given that we know that people are every company's most important resource, we have created a consulting line specialized in Human Management that can accompany key [&hellip;]","og_url":"https:\/\/www.bdsasesores.com\/en\/services\/rh-pal\/","og_site_name":"BDS Asesores - Especialistas en Derecho Laboral con presencia en Centroam\u00e9rica, Panam\u00e1 y Rep\u00fablica Dominicana","article_modified_time":"2021-03-17T05:40:57+00:00","og_image":[{"width":1280,"height":1280,"url":"https:\/\/i0.wp.com\/www.bdsasesores.com\/wp-content\/uploads\/2021\/08\/icono-bds-azul.jpeg?fit=1280%2C1280&ssl=1","type":"image\/jpeg"}],"twitter_card":"summary_large_image","twitter_misc":{"Est. reading time":"3 minutes"},"schema":{"@context":"https:\/\/schema.org","@graph":[{"@type":"WebPage","@id":"https:\/\/www.bdsasesores.com\/en\/services\/rh-pal\/","url":"https:\/\/www.bdsasesores.com\/en\/services\/rh-pal\/","name":"RH Pal - BDS Asesores - Especialistas en Derecho Laboral con presencia en Centroam\u00e9rica, Panam\u00e1 y Rep\u00fablica Dominicana","isPartOf":{"@id":"https:\/\/www.bdsasesores.com\/#website"},"datePublished":"2021-01-29T06:11:16+00:00","dateModified":"2021-03-17T05:40:57+00:00","breadcrumb":{"@id":"https:\/\/www.bdsasesores.com\/en\/services\/rh-pal\/#breadcrumb"},"inLanguage":"en-US","potentialAction":[{"@type":"ReadAction","target":["https:\/\/www.bdsasesores.com\/en\/services\/rh-pal\/"]}]},{"@type":"BreadcrumbList","@id":"https:\/\/www.bdsasesores.com\/en\/services\/rh-pal\/#breadcrumb","itemListElement":[{"@type":"ListItem","position":1,"name":"Portada","item":"https:\/\/www.bdsasesores.com\/en\/"},{"@type":"ListItem","position":2,"name":"Services","item":"https:\/\/www.bdsasesores.com\/en\/services\/"},{"@type":"ListItem","position":3,"name":"RH Pal"}]},{"@type":"WebSite","@id":"https:\/\/www.bdsasesores.com\/#website","url":"https:\/\/www.bdsasesores.com\/","name":"BDS Asesores - Especialistas en Derecho Laboral con presencia en Centroam\u00e9rica, Panam\u00e1 y Rep\u00fablica Dominicana","description":"Asesor\u00eda Laboral para empresas","potentialAction":[{"@type":"SearchAction","target":{"@type":"EntryPoint","urlTemplate":"https:\/\/www.bdsasesores.com\/?s={search_term_string}"},"query-input":{"@type":"PropertyValueSpecification","valueRequired":true,"valueName":"search_term_string"}}],"inLanguage":"en-US"}]}},"jetpack_sharing_enabled":true,"_links":{"self":[{"href":"https:\/\/www.bdsasesores.com\/en\/wp-json\/wp\/v2\/pages\/45120","targetHints":{"allow":["GET"]}}],"collection":[{"href":"https:\/\/www.bdsasesores.com\/en\/wp-json\/wp\/v2\/pages"}],"about":[{"href":"https:\/\/www.bdsasesores.com\/en\/wp-json\/wp\/v2\/types\/page"}],"author":[{"embeddable":true,"href":"https:\/\/www.bdsasesores.com\/en\/wp-json\/wp\/v2\/users\/1"}],"replies":[{"embeddable":true,"href":"https:\/\/www.bdsasesores.com\/en\/wp-json\/wp\/v2\/comments?post=45120"}],"version-history":[{"count":6,"href":"https:\/\/www.bdsasesores.com\/en\/wp-json\/wp\/v2\/pages\/45120\/revisions"}],"predecessor-version":[{"id":45971,"href":"https:\/\/www.bdsasesores.com\/en\/wp-json\/wp\/v2\/pages\/45120\/revisions\/45971"}],"up":[{"embeddable":true,"href":"https:\/\/www.bdsasesores.com\/en\/wp-json\/wp\/v2\/pages\/45090"}],"wp:attachment":[{"href":"https:\/\/www.bdsasesores.com\/en\/wp-json\/wp\/v2\/media?parent=45120"}],"curies":[{"name":"wp","href":"https:\/\/api.w.org\/{rel}","templated":true}]}}