{"id":45280,"date":"2021-02-03T18:23:26","date_gmt":"2021-02-04T00:23:26","guid":{"rendered":"https:\/\/www.bdsasesores.com\/team\/alejandro-trejos-bds-asesores\/"},"modified":"2025-02-27T20:48:33","modified_gmt":"2025-02-28T02:48:33","slug":"alejandro-trejos-bds-asesores","status":"publish","type":"page","link":"https:\/\/www.bdsasesores.com\/en\/team\/alejandro-trejos-bds-asesores\/","title":{"rendered":"Alejandro Trejos &#8211; BDS Asesores"},"content":{"rendered":"<p>[et_pb_section fb_built=&#8221;1&#8243; _builder_version=&#8221;4.16&#8243; global_colors_info=&#8221;{}&#8221;][et_pb_row _builder_version=&#8221;4.16&#8243; global_colors_info=&#8221;{}&#8221;][et_pb_column type=&#8221;4_4&#8243; _builder_version=&#8221;4.16&#8243; global_colors_info=&#8221;{}&#8221;][et_pb_team_member name=&#8221;Alejandro Trejos G.&#8221; position=&#8221;Partner &#8211; Costa Rica&#8221; image_url=&#8221;https:\/\/www.bdsasesores.com\/wp-content\/uploads\/2023\/07\/AlejandroTrejos-2023.jpg&#8221; linkedin_url=&#8221;https:\/\/www.linkedin.com\/in\/alejandro-trejos-35192b15\/&#8221; _builder_version=&#8221;4.21.0&#8243; global_colors_info=&#8221;{}&#8221;]<\/p>\n<p><a href=\"https:\/\/www.youtube.com\/watch?v=IAvZjI9FHSM\">atrejos@bdsasesores.com<\/a><\/p>\n<p>He has been part of the Firm since 1999. He holds a Master&#8217;s degree in labor law and social security from the State Distance University and has held prominent academic roles, such as Professor of Labor Law at the Faculty of Law at the University of Costa Rica and postgraduate instructor at ULACIT. He is currently pursuing an MBA at ADEN Business School.<\/p>\n<p>He has led strategic initiatives within the Firm, focusing on advising employers in Central America and the Caribbean, providing comprehensive solutions that take into account the legal and economic particularities of each country. His commitment to innovation and human talent development has been key in positioning the Firm as a leader in the corporate labor field in the region.<\/p>\n<p>A specialist in the impact of technology on the labor world, he constantly addresses the challenges and opportunities in the labor sector. His innovative approach in this area has made him a leading figure in the region.<\/p>\n<p>He has been recognized by prestigious international organizations such as Chambers &amp; Partners, which named him a leading labor lawyer in Costa Rica from 2015 to 2018, and by Best Lawyers, which awarded him the title of Labor Lawyer of the Year 2018.<\/p>\n<p>He is a frequent speaker at national and international seminars and conferences on labor law, covering topics such as labor relations, compensation, benefits, and the impact of technology on labor dynamics. He also regularly collaborates with Costa Rican media as an expert in labor issues.<\/p>\n<p><img data-recalc-dims=\"1\" loading=\"lazy\" decoding=\"async\" src=\"https:\/\/i0.wp.com\/www.bdsasesores.com\/wp-content\/uploads\/2019\/08\/alejandro-trejos-chambers-latin-america-2015.jpg?resize=57%2C80&#038;ssl=1\" width=\"57\" height=\"80\" alt=\"\" class=\"wp-image-693 alignnone size-full\" \/><img data-recalc-dims=\"1\" loading=\"lazy\" decoding=\"async\" src=\"https:\/\/i0.wp.com\/www.bdsasesores.com\/wp-content\/uploads\/2019\/08\/alejandro-trejos-chambers-latin-america-2016.jpg?resize=57%2C80&#038;ssl=1\" width=\"57\" height=\"80\" alt=\"\" class=\"wp-image-695 alignnone size-full\" \/><img data-recalc-dims=\"1\" loading=\"lazy\" decoding=\"async\" src=\"https:\/\/i0.wp.com\/www.bdsasesores.com\/wp-content\/uploads\/2019\/08\/ALEJANDRO-TREJOS-224x300-224x300.jpg?resize=61%2C82&#038;ssl=1\" width=\"61\" height=\"82\" alt=\"\" class=\"wp-image-697 alignnone size-medium\" \/><img data-recalc-dims=\"1\" loading=\"lazy\" decoding=\"async\" src=\"https:\/\/i0.wp.com\/www.bdsasesores.com\/wp-content\/uploads\/2019\/08\/ALEJANDRO-224x300-224x300.jpg?resize=64%2C85&#038;ssl=1\" width=\"64\" height=\"85\" alt=\"\" class=\"wp-image-699 alignnone size-medium\" \/><\/p>\n<p><img data-recalc-dims=\"1\" loading=\"lazy\" decoding=\"async\" src=\"https:\/\/i0.wp.com\/www.bdsasesores.com\/wp-content\/uploads\/2019\/08\/Award.png?resize=71%2C68&#038;ssl=1\" width=\"71\" height=\"68\" alt=\"\" class=\"wp-image-701 alignnone size-full\" \/><img data-recalc-dims=\"1\" loading=\"lazy\" decoding=\"async\" src=\"https:\/\/i0.wp.com\/www.bdsasesores.com\/wp-content\/uploads\/2019\/08\/Recognised-in-WWL-HR-300x179-300x179.jpg?resize=111%2C66&#038;ssl=1\" width=\"111\" height=\"66\" alt=\"\" class=\"wp-image-647 alignnone size-medium\" \/><\/p>\n<p>[\/et_pb_team_member][\/et_pb_column][\/et_pb_row][\/et_pb_section]<\/p>\n","protected":false},"excerpt":{"rendered":"<p>atrejos@bdsasesores.com He has been part of the Firm since 1999. He holds a Master&#8217;s degree in labor law and social security from the State Distance University and has held prominent [&hellip;]<\/p>\n","protected":false},"author":1,"featured_media":0,"parent":48688,"menu_order":0,"comment_status":"closed","ping_status":"closed","template":"","meta":{"_et_pb_use_builder":"on","_et_pb_old_content":"","_et_gb_content_width":"","content-type":"","footnotes":""},"class_list":["post-45280","page","type-page","status-publish","hentry"],"yoast_head":"<!-- This site is optimized with the Yoast SEO plugin v27.2 - https:\/\/yoast.com\/product\/yoast-seo-wordpress\/ -->\n<title>Alejandro Trejos - BDS Asesores - BDS Asesores - Especialistas en Derecho Laboral con presencia en Centroam\u00e9rica, Panam\u00e1 y Rep\u00fablica Dominicana<\/title>\n<meta name=\"robots\" content=\"index, follow, max-snippet:-1, max-image-preview:large, max-video-preview:-1\" \/>\n<link rel=\"canonical\" href=\"https:\/\/www.bdsasesores.com\/en\/team\/alejandro-trejos-bds-asesores\/\" \/>\n<meta property=\"og:locale\" content=\"en_US\" \/>\n<meta property=\"og:type\" content=\"article\" \/>\n<meta property=\"og:title\" content=\"Alejandro Trejos - BDS Asesores - BDS Asesores - Especialistas en Derecho Laboral con presencia en Centroam\u00e9rica, Panam\u00e1 y Rep\u00fablica Dominicana\" \/>\n<meta property=\"og:description\" content=\"atrejos@bdsasesores.com He has been part of the Firm since 1999. He holds a Master&#039;s degree in labor law and social security from the State Distance University and has held prominent [&hellip;]\" \/>\n<meta property=\"og:url\" content=\"https:\/\/www.bdsasesores.com\/en\/team\/alejandro-trejos-bds-asesores\/\" \/>\n<meta property=\"og:site_name\" content=\"BDS Asesores - Especialistas en Derecho Laboral con presencia en Centroam\u00e9rica, Panam\u00e1 y Rep\u00fablica Dominicana\" \/>\n<meta property=\"article:modified_time\" content=\"2025-02-28T02:48:33+00:00\" \/>\n<meta property=\"og:image\" content=\"https:\/\/www.bdsasesores.com\/wp-content\/uploads\/2019\/08\/alejandro-trejos-chambers-latin-america-2015.jpg\" \/>\n<meta name=\"twitter:card\" content=\"summary_large_image\" \/>\n<meta name=\"twitter:label1\" content=\"Est. reading time\" \/>\n\t<meta name=\"twitter:data1\" content=\"2 minutes\" \/>\n<script type=\"application\/ld+json\" class=\"yoast-schema-graph\">{\"@context\":\"https:\/\/schema.org\",\"@graph\":[{\"@type\":\"WebPage\",\"@id\":\"https:\/\/www.bdsasesores.com\/en\/team\/alejandro-trejos-bds-asesores\/\",\"url\":\"https:\/\/www.bdsasesores.com\/en\/team\/alejandro-trejos-bds-asesores\/\",\"name\":\"Alejandro Trejos - BDS Asesores - BDS Asesores - Especialistas en Derecho Laboral con presencia en Centroam\u00e9rica, Panam\u00e1 y Rep\u00fablica Dominicana\",\"isPartOf\":{\"@id\":\"https:\/\/www.bdsasesores.com\/#website\"},\"primaryImageOfPage\":{\"@id\":\"https:\/\/www.bdsasesores.com\/en\/team\/alejandro-trejos-bds-asesores\/#primaryimage\"},\"image\":{\"@id\":\"https:\/\/www.bdsasesores.com\/en\/team\/alejandro-trejos-bds-asesores\/#primaryimage\"},\"thumbnailUrl\":\"https:\/\/www.bdsasesores.com\/wp-content\/uploads\/2019\/08\/alejandro-trejos-chambers-latin-america-2015.jpg\",\"datePublished\":\"2021-02-04T00:23:26+00:00\",\"dateModified\":\"2025-02-28T02:48:33+00:00\",\"breadcrumb\":{\"@id\":\"https:\/\/www.bdsasesores.com\/en\/team\/alejandro-trejos-bds-asesores\/#breadcrumb\"},\"inLanguage\":\"en-US\",\"potentialAction\":[{\"@type\":\"ReadAction\",\"target\":[\"https:\/\/www.bdsasesores.com\/en\/team\/alejandro-trejos-bds-asesores\/\"]}]},{\"@type\":\"ImageObject\",\"inLanguage\":\"en-US\",\"@id\":\"https:\/\/www.bdsasesores.com\/en\/team\/alejandro-trejos-bds-asesores\/#primaryimage\",\"url\":\"https:\/\/www.bdsasesores.com\/wp-content\/uploads\/2019\/08\/alejandro-trejos-chambers-latin-america-2015.jpg\",\"contentUrl\":\"https:\/\/www.bdsasesores.com\/wp-content\/uploads\/2019\/08\/alejandro-trejos-chambers-latin-america-2015.jpg\"},{\"@type\":\"BreadcrumbList\",\"@id\":\"https:\/\/www.bdsasesores.com\/en\/team\/alejandro-trejos-bds-asesores\/#breadcrumb\",\"itemListElement\":[{\"@type\":\"ListItem\",\"position\":1,\"name\":\"Portada\",\"item\":\"https:\/\/www.bdsasesores.com\/en\/\"},{\"@type\":\"ListItem\",\"position\":2,\"name\":\"Seven countries, one vision!\",\"item\":\"https:\/\/www.bdsasesores.com\/en\/team\/\"},{\"@type\":\"ListItem\",\"position\":3,\"name\":\"Alejandro Trejos &#8211; BDS Asesores\"}]},{\"@type\":\"WebSite\",\"@id\":\"https:\/\/www.bdsasesores.com\/#website\",\"url\":\"https:\/\/www.bdsasesores.com\/\",\"name\":\"BDS Asesores - Especialistas en Derecho Laboral con presencia en Centroam\u00e9rica, Panam\u00e1 y Rep\u00fablica Dominicana\",\"description\":\"Asesor\u00eda Laboral para empresas\",\"potentialAction\":[{\"@type\":\"SearchAction\",\"target\":{\"@type\":\"EntryPoint\",\"urlTemplate\":\"https:\/\/www.bdsasesores.com\/?s={search_term_string}\"},\"query-input\":{\"@type\":\"PropertyValueSpecification\",\"valueRequired\":true,\"valueName\":\"search_term_string\"}}],\"inLanguage\":\"en-US\"}]}<\/script>\n<!-- \/ Yoast SEO plugin. -->","yoast_head_json":{"title":"Alejandro Trejos - BDS Asesores - BDS Asesores - Especialistas en Derecho Laboral con presencia en Centroam\u00e9rica, Panam\u00e1 y Rep\u00fablica Dominicana","robots":{"index":"index","follow":"follow","max-snippet":"max-snippet:-1","max-image-preview":"max-image-preview:large","max-video-preview":"max-video-preview:-1"},"canonical":"https:\/\/www.bdsasesores.com\/en\/team\/alejandro-trejos-bds-asesores\/","og_locale":"en_US","og_type":"article","og_title":"Alejandro Trejos - BDS Asesores - BDS Asesores - Especialistas en Derecho Laboral con presencia en Centroam\u00e9rica, Panam\u00e1 y Rep\u00fablica Dominicana","og_description":"atrejos@bdsasesores.com He has been part of the Firm since 1999. He holds a Master's degree in labor law and social security from the State Distance University and has held prominent [&hellip;]","og_url":"https:\/\/www.bdsasesores.com\/en\/team\/alejandro-trejos-bds-asesores\/","og_site_name":"BDS Asesores - Especialistas en Derecho Laboral con presencia en Centroam\u00e9rica, Panam\u00e1 y Rep\u00fablica Dominicana","article_modified_time":"2025-02-28T02:48:33+00:00","og_image":[{"url":"https:\/\/www.bdsasesores.com\/wp-content\/uploads\/2019\/08\/alejandro-trejos-chambers-latin-america-2015.jpg","type":"","width":"","height":""}],"twitter_card":"summary_large_image","twitter_misc":{"Est. reading time":"2 minutes"},"schema":{"@context":"https:\/\/schema.org","@graph":[{"@type":"WebPage","@id":"https:\/\/www.bdsasesores.com\/en\/team\/alejandro-trejos-bds-asesores\/","url":"https:\/\/www.bdsasesores.com\/en\/team\/alejandro-trejos-bds-asesores\/","name":"Alejandro Trejos - BDS Asesores - BDS Asesores - Especialistas en Derecho Laboral con presencia en Centroam\u00e9rica, Panam\u00e1 y Rep\u00fablica Dominicana","isPartOf":{"@id":"https:\/\/www.bdsasesores.com\/#website"},"primaryImageOfPage":{"@id":"https:\/\/www.bdsasesores.com\/en\/team\/alejandro-trejos-bds-asesores\/#primaryimage"},"image":{"@id":"https:\/\/www.bdsasesores.com\/en\/team\/alejandro-trejos-bds-asesores\/#primaryimage"},"thumbnailUrl":"https:\/\/www.bdsasesores.com\/wp-content\/uploads\/2019\/08\/alejandro-trejos-chambers-latin-america-2015.jpg","datePublished":"2021-02-04T00:23:26+00:00","dateModified":"2025-02-28T02:48:33+00:00","breadcrumb":{"@id":"https:\/\/www.bdsasesores.com\/en\/team\/alejandro-trejos-bds-asesores\/#breadcrumb"},"inLanguage":"en-US","potentialAction":[{"@type":"ReadAction","target":["https:\/\/www.bdsasesores.com\/en\/team\/alejandro-trejos-bds-asesores\/"]}]},{"@type":"ImageObject","inLanguage":"en-US","@id":"https:\/\/www.bdsasesores.com\/en\/team\/alejandro-trejos-bds-asesores\/#primaryimage","url":"https:\/\/www.bdsasesores.com\/wp-content\/uploads\/2019\/08\/alejandro-trejos-chambers-latin-america-2015.jpg","contentUrl":"https:\/\/www.bdsasesores.com\/wp-content\/uploads\/2019\/08\/alejandro-trejos-chambers-latin-america-2015.jpg"},{"@type":"BreadcrumbList","@id":"https:\/\/www.bdsasesores.com\/en\/team\/alejandro-trejos-bds-asesores\/#breadcrumb","itemListElement":[{"@type":"ListItem","position":1,"name":"Portada","item":"https:\/\/www.bdsasesores.com\/en\/"},{"@type":"ListItem","position":2,"name":"Seven countries, one vision!","item":"https:\/\/www.bdsasesores.com\/en\/team\/"},{"@type":"ListItem","position":3,"name":"Alejandro Trejos &#8211; BDS Asesores"}]},{"@type":"WebSite","@id":"https:\/\/www.bdsasesores.com\/#website","url":"https:\/\/www.bdsasesores.com\/","name":"BDS Asesores - Especialistas en Derecho Laboral con presencia en Centroam\u00e9rica, Panam\u00e1 y Rep\u00fablica Dominicana","description":"Asesor\u00eda Laboral para empresas","potentialAction":[{"@type":"SearchAction","target":{"@type":"EntryPoint","urlTemplate":"https:\/\/www.bdsasesores.com\/?s={search_term_string}"},"query-input":{"@type":"PropertyValueSpecification","valueRequired":true,"valueName":"search_term_string"}}],"inLanguage":"en-US"}]}},"jetpack_sharing_enabled":true,"_links":{"self":[{"href":"https:\/\/www.bdsasesores.com\/en\/wp-json\/wp\/v2\/pages\/45280","targetHints":{"allow":["GET"]}}],"collection":[{"href":"https:\/\/www.bdsasesores.com\/en\/wp-json\/wp\/v2\/pages"}],"about":[{"href":"https:\/\/www.bdsasesores.com\/en\/wp-json\/wp\/v2\/types\/page"}],"author":[{"embeddable":true,"href":"https:\/\/www.bdsasesores.com\/en\/wp-json\/wp\/v2\/users\/1"}],"replies":[{"embeddable":true,"href":"https:\/\/www.bdsasesores.com\/en\/wp-json\/wp\/v2\/comments?post=45280"}],"version-history":[{"count":10,"href":"https:\/\/www.bdsasesores.com\/en\/wp-json\/wp\/v2\/pages\/45280\/revisions"}],"predecessor-version":[{"id":987485488,"href":"https:\/\/www.bdsasesores.com\/en\/wp-json\/wp\/v2\/pages\/45280\/revisions\/987485488"}],"up":[{"embeddable":true,"href":"https:\/\/www.bdsasesores.com\/en\/wp-json\/wp\/v2\/pages\/48688"}],"wp:attachment":[{"href":"https:\/\/www.bdsasesores.com\/en\/wp-json\/wp\/v2\/media?parent=45280"}],"curies":[{"name":"wp","href":"https:\/\/api.w.org\/{rel}","templated":true}]}}