{"id":45295,"date":"2021-02-03T18:42:53","date_gmt":"2021-02-04T00:42:53","guid":{"rendered":"https:\/\/www.bdsasesores.com\/team\/francisco-salas-bds-asesores\/"},"modified":"2025-07-14T10:11:22","modified_gmt":"2025-07-14T16:11:22","slug":"francisco-salas-bds-asesores","status":"publish","type":"page","link":"https:\/\/www.bdsasesores.com\/en\/team\/francisco-salas-bds-asesores\/","title":{"rendered":"Francisco Salas &#8211; BDS Asesores"},"content":{"rendered":"<p>[et_pb_section fb_built=&#8221;1&#8243; _builder_version=&#8221;4.16&#8243; global_colors_info=&#8221;{}&#8221;][et_pb_row _builder_version=&#8221;4.16&#8243; global_colors_info=&#8221;{}&#8221;][et_pb_column type=&#8221;4_4&#8243; _builder_version=&#8221;4.16&#8243; global_colors_info=&#8221;{}&#8221;][et_pb_team_member name=&#8221;Francisco Salas Chaves&#8221; position=&#8221;Co-founder Partner&#8221; image_url=&#8221;https:\/\/www.bdsasesores.com\/wp-content\/uploads\/2025\/07\/Francisco-Salas-Chaves-2025.jpg&#8221; linkedin_url=&#8221;https:\/\/www.linkedin.com\/in\/francisco-salas-chaves-56b87427\/&#8221; _builder_version=&#8221;4.27.4&#8243; hover_enabled=&#8221;0&#8243; global_colors_info=&#8221;{}&#8221; title_text=&#8221;Francisco Salas Chaves 2025&#8243; sticky_enabled=&#8221;0&#8243;]<\/p>\n<p><a href=\"mailto:fsalas@bdsasesores.com\">fsalas@bdsasesores.com<\/a><\/p>\n<p style=\"font-weight: 400;\">Co-founder of BDS Asesores. Degree in law from Universidad de Costa Rica in 1995, with a master\u2019s degree in corporate law from Universidad para la Cooperaci\u00f3n Internacional and a master\u2019s degree in labor law and social security from Universidad Estatal a Distancia.<\/p>\n<p style=\"font-weight: 400;\">Francisco has over 25 years of experience providing preventive and corrective labor advice to several local and multinational companies.<span>\u00a0<\/span><\/p>\n<p style=\"font-weight: 400;\">He has been recognized by Legal 500, Who&#8217;s Who Legal, and Chambers &amp; Partners as an eminent practitioner in labor law in Costa Rica since 2014 to date; also, Best Lawyers has recognized Francisco as leader in the \u201cLabor and Employment Law\u201d category.<\/p>\n<p style=\"font-weight: 400;\">Academically speaking, he has served as a professor in labor law at Universidad de Costa Rica and is the author of a large number of pieces on labor law across published media outlets.<\/p>\n<p style=\"font-weight: 400;\">Francisco has participated as a speaker in labor law seminars and congresses, both locally and internationally; and he is a permanent collaborator on labor topics for several media outlets.<\/p>\n<p><img data-recalc-dims=\"1\" loading=\"lazy\" decoding=\"async\" src=\"https:\/\/i0.wp.com\/www.bdsasesores.com\/wp-content\/uploads\/2019\/08\/marco-durante-chambers-latin-america-2014.jpg?resize=57%2C80&#038;ssl=1\" width=\"57\" height=\"80\" alt=\"\" class=\"wp-image-633 alignnone size-full\" \/><img data-recalc-dims=\"1\" loading=\"lazy\" decoding=\"async\" src=\"https:\/\/i0.wp.com\/www.bdsasesores.com\/wp-content\/uploads\/2019\/08\/francisco-salas-chambers-latin-america-2015.jpg?resize=57%2C80&#038;ssl=1\" width=\"57\" height=\"80\" alt=\"\" class=\"wp-image-662 alignnone size-full\" \/><img data-recalc-dims=\"1\" loading=\"lazy\" decoding=\"async\" src=\"https:\/\/i0.wp.com\/www.bdsasesores.com\/wp-content\/uploads\/2019\/08\/francisco-salas-chambers-latin-america-2016.jpg?resize=57%2C80&#038;ssl=1\" width=\"57\" height=\"80\" alt=\"\" class=\"wp-image-664 alignnone size-full\" \/><img data-recalc-dims=\"1\" loading=\"lazy\" decoding=\"async\" src=\"https:\/\/i0.wp.com\/www.bdsasesores.com\/wp-content\/uploads\/2019\/08\/FRANCISCO-SALAS-224x300-224x300.jpg?resize=60%2C80&#038;ssl=1\" width=\"60\" height=\"80\" alt=\"\" class=\"wp-image-666 alignnone size-medium\" \/><img data-recalc-dims=\"1\" loading=\"lazy\" decoding=\"async\" src=\"https:\/\/i0.wp.com\/www.bdsasesores.com\/wp-content\/uploads\/2019\/08\/FRANCISCO-SALAS-2-224x300-224x300.jpg?resize=60%2C81&#038;ssl=1\" width=\"60\" height=\"81\" alt=\"\" class=\"wp-image-668 alignnone size-medium\" \/><\/p>\n<p><img data-recalc-dims=\"1\" loading=\"lazy\" decoding=\"async\" src=\"https:\/\/i0.wp.com\/www.bdsasesores.com\/wp-content\/uploads\/2019\/08\/marco-durante-best-lawyers-of-the-year-2015.jpg?resize=63%2C48&#038;ssl=1\" width=\"63\" height=\"48\" alt=\"\" class=\"wp-image-645 alignnone size-full\" \/> <img data-recalc-dims=\"1\" loading=\"lazy\" decoding=\"async\" src=\"https:\/\/i0.wp.com\/www.bdsasesores.com\/wp-content\/uploads\/2019\/08\/Logo-CP-2019-Francisco-300x255-300x255.jpg?resize=78%2C66&#038;ssl=1\" width=\"78\" height=\"66\" alt=\"\" class=\"wp-image-670 alignnone size-medium\" style=\"font-size: 14px;\" \/><img data-recalc-dims=\"1\" loading=\"lazy\" decoding=\"async\" src=\"https:\/\/i0.wp.com\/www.bdsasesores.com\/wp-content\/uploads\/2019\/08\/Recognised-in-WWL-HR-300x179-300x179.jpg?resize=107%2C64&#038;ssl=1\" width=\"107\" height=\"64\" alt=\"\" class=\"wp-image-647 alignnone size-medium\" \/><\/p>\n<p>&nbsp;<\/p>\n<p>[\/et_pb_team_member][\/et_pb_column][\/et_pb_row][\/et_pb_section]<\/p>\n","protected":false},"excerpt":{"rendered":"<p>fsalas@bdsasesores.com Co-founder of BDS Asesores. Degree in law from Universidad de Costa Rica in 1995, with a master\u2019s degree in corporate law from Universidad para la Cooperaci\u00f3n Internacional and a [&hellip;]<\/p>\n","protected":false},"author":1,"featured_media":0,"parent":48688,"menu_order":0,"comment_status":"closed","ping_status":"closed","template":"","meta":{"_et_pb_use_builder":"on","_et_pb_old_content":"","_et_gb_content_width":"","content-type":"","footnotes":""},"class_list":["post-45295","page","type-page","status-publish","hentry"],"yoast_head":"<!-- This site is optimized with the Yoast SEO plugin v27.2 - https:\/\/yoast.com\/product\/yoast-seo-wordpress\/ -->\n<title>Francisco Salas - BDS Asesores - BDS Asesores - Especialistas en Derecho Laboral con presencia en Centroam\u00e9rica, Panam\u00e1 y Rep\u00fablica Dominicana<\/title>\n<meta name=\"robots\" content=\"index, follow, max-snippet:-1, max-image-preview:large, max-video-preview:-1\" \/>\n<link rel=\"canonical\" href=\"https:\/\/www.bdsasesores.com\/en\/team\/francisco-salas-bds-asesores\/\" \/>\n<meta property=\"og:locale\" content=\"en_US\" \/>\n<meta property=\"og:type\" content=\"article\" \/>\n<meta property=\"og:title\" content=\"Francisco Salas - BDS Asesores - BDS Asesores - Especialistas en Derecho Laboral con presencia en Centroam\u00e9rica, Panam\u00e1 y Rep\u00fablica Dominicana\" \/>\n<meta property=\"og:description\" content=\"fsalas@bdsasesores.com Co-founder of BDS Asesores. Degree in law from Universidad de Costa Rica in 1995, with a master\u2019s degree in corporate law from Universidad para la Cooperaci\u00f3n Internacional and a [&hellip;]\" \/>\n<meta property=\"og:url\" content=\"https:\/\/www.bdsasesores.com\/en\/team\/francisco-salas-bds-asesores\/\" \/>\n<meta property=\"og:site_name\" content=\"BDS Asesores - Especialistas en Derecho Laboral con presencia en Centroam\u00e9rica, Panam\u00e1 y Rep\u00fablica Dominicana\" \/>\n<meta property=\"article:modified_time\" content=\"2025-07-14T16:11:22+00:00\" \/>\n<meta property=\"og:image\" content=\"https:\/\/www.bdsasesores.com\/wp-content\/uploads\/2019\/08\/marco-durante-chambers-latin-america-2014.jpg\" \/>\n<meta name=\"twitter:card\" content=\"summary_large_image\" \/>\n<meta name=\"twitter:label1\" content=\"Est. reading time\" \/>\n\t<meta name=\"twitter:data1\" content=\"1 minute\" \/>\n<script type=\"application\/ld+json\" class=\"yoast-schema-graph\">{\"@context\":\"https:\/\/schema.org\",\"@graph\":[{\"@type\":\"WebPage\",\"@id\":\"https:\/\/www.bdsasesores.com\/en\/team\/francisco-salas-bds-asesores\/\",\"url\":\"https:\/\/www.bdsasesores.com\/en\/team\/francisco-salas-bds-asesores\/\",\"name\":\"Francisco Salas - BDS Asesores - BDS Asesores - Especialistas en Derecho Laboral con presencia en Centroam\u00e9rica, Panam\u00e1 y Rep\u00fablica Dominicana\",\"isPartOf\":{\"@id\":\"https:\/\/www.bdsasesores.com\/#website\"},\"primaryImageOfPage\":{\"@id\":\"https:\/\/www.bdsasesores.com\/en\/team\/francisco-salas-bds-asesores\/#primaryimage\"},\"image\":{\"@id\":\"https:\/\/www.bdsasesores.com\/en\/team\/francisco-salas-bds-asesores\/#primaryimage\"},\"thumbnailUrl\":\"https:\/\/www.bdsasesores.com\/wp-content\/uploads\/2019\/08\/marco-durante-chambers-latin-america-2014.jpg\",\"datePublished\":\"2021-02-04T00:42:53+00:00\",\"dateModified\":\"2025-07-14T16:11:22+00:00\",\"breadcrumb\":{\"@id\":\"https:\/\/www.bdsasesores.com\/en\/team\/francisco-salas-bds-asesores\/#breadcrumb\"},\"inLanguage\":\"en-US\",\"potentialAction\":[{\"@type\":\"ReadAction\",\"target\":[\"https:\/\/www.bdsasesores.com\/en\/team\/francisco-salas-bds-asesores\/\"]}]},{\"@type\":\"ImageObject\",\"inLanguage\":\"en-US\",\"@id\":\"https:\/\/www.bdsasesores.com\/en\/team\/francisco-salas-bds-asesores\/#primaryimage\",\"url\":\"https:\/\/www.bdsasesores.com\/wp-content\/uploads\/2019\/08\/marco-durante-chambers-latin-america-2014.jpg\",\"contentUrl\":\"https:\/\/www.bdsasesores.com\/wp-content\/uploads\/2019\/08\/marco-durante-chambers-latin-america-2014.jpg\"},{\"@type\":\"BreadcrumbList\",\"@id\":\"https:\/\/www.bdsasesores.com\/en\/team\/francisco-salas-bds-asesores\/#breadcrumb\",\"itemListElement\":[{\"@type\":\"ListItem\",\"position\":1,\"name\":\"Portada\",\"item\":\"https:\/\/www.bdsasesores.com\/en\/\"},{\"@type\":\"ListItem\",\"position\":2,\"name\":\"Seven countries, one vision!\",\"item\":\"https:\/\/www.bdsasesores.com\/en\/team\/\"},{\"@type\":\"ListItem\",\"position\":3,\"name\":\"Francisco Salas &#8211; BDS Asesores\"}]},{\"@type\":\"WebSite\",\"@id\":\"https:\/\/www.bdsasesores.com\/#website\",\"url\":\"https:\/\/www.bdsasesores.com\/\",\"name\":\"BDS Asesores - Especialistas en Derecho Laboral con presencia en Centroam\u00e9rica, Panam\u00e1 y Rep\u00fablica Dominicana\",\"description\":\"Asesor\u00eda Laboral para empresas\",\"potentialAction\":[{\"@type\":\"SearchAction\",\"target\":{\"@type\":\"EntryPoint\",\"urlTemplate\":\"https:\/\/www.bdsasesores.com\/?s={search_term_string}\"},\"query-input\":{\"@type\":\"PropertyValueSpecification\",\"valueRequired\":true,\"valueName\":\"search_term_string\"}}],\"inLanguage\":\"en-US\"}]}<\/script>\n<!-- \/ Yoast SEO plugin. -->","yoast_head_json":{"title":"Francisco Salas - BDS Asesores - BDS Asesores - Especialistas en Derecho Laboral con presencia en Centroam\u00e9rica, Panam\u00e1 y Rep\u00fablica Dominicana","robots":{"index":"index","follow":"follow","max-snippet":"max-snippet:-1","max-image-preview":"max-image-preview:large","max-video-preview":"max-video-preview:-1"},"canonical":"https:\/\/www.bdsasesores.com\/en\/team\/francisco-salas-bds-asesores\/","og_locale":"en_US","og_type":"article","og_title":"Francisco Salas - BDS Asesores - BDS Asesores - Especialistas en Derecho Laboral con presencia en Centroam\u00e9rica, Panam\u00e1 y Rep\u00fablica Dominicana","og_description":"fsalas@bdsasesores.com Co-founder of BDS Asesores. Degree in law from Universidad de Costa Rica in 1995, with a master\u2019s degree in corporate law from Universidad para la Cooperaci\u00f3n Internacional and a [&hellip;]","og_url":"https:\/\/www.bdsasesores.com\/en\/team\/francisco-salas-bds-asesores\/","og_site_name":"BDS Asesores - Especialistas en Derecho Laboral con presencia en Centroam\u00e9rica, Panam\u00e1 y Rep\u00fablica Dominicana","article_modified_time":"2025-07-14T16:11:22+00:00","og_image":[{"url":"https:\/\/www.bdsasesores.com\/wp-content\/uploads\/2019\/08\/marco-durante-chambers-latin-america-2014.jpg","type":"","width":"","height":""}],"twitter_card":"summary_large_image","twitter_misc":{"Est. reading time":"1 minute"},"schema":{"@context":"https:\/\/schema.org","@graph":[{"@type":"WebPage","@id":"https:\/\/www.bdsasesores.com\/en\/team\/francisco-salas-bds-asesores\/","url":"https:\/\/www.bdsasesores.com\/en\/team\/francisco-salas-bds-asesores\/","name":"Francisco Salas - BDS Asesores - BDS Asesores - Especialistas en Derecho Laboral con presencia en Centroam\u00e9rica, Panam\u00e1 y Rep\u00fablica Dominicana","isPartOf":{"@id":"https:\/\/www.bdsasesores.com\/#website"},"primaryImageOfPage":{"@id":"https:\/\/www.bdsasesores.com\/en\/team\/francisco-salas-bds-asesores\/#primaryimage"},"image":{"@id":"https:\/\/www.bdsasesores.com\/en\/team\/francisco-salas-bds-asesores\/#primaryimage"},"thumbnailUrl":"https:\/\/www.bdsasesores.com\/wp-content\/uploads\/2019\/08\/marco-durante-chambers-latin-america-2014.jpg","datePublished":"2021-02-04T00:42:53+00:00","dateModified":"2025-07-14T16:11:22+00:00","breadcrumb":{"@id":"https:\/\/www.bdsasesores.com\/en\/team\/francisco-salas-bds-asesores\/#breadcrumb"},"inLanguage":"en-US","potentialAction":[{"@type":"ReadAction","target":["https:\/\/www.bdsasesores.com\/en\/team\/francisco-salas-bds-asesores\/"]}]},{"@type":"ImageObject","inLanguage":"en-US","@id":"https:\/\/www.bdsasesores.com\/en\/team\/francisco-salas-bds-asesores\/#primaryimage","url":"https:\/\/www.bdsasesores.com\/wp-content\/uploads\/2019\/08\/marco-durante-chambers-latin-america-2014.jpg","contentUrl":"https:\/\/www.bdsasesores.com\/wp-content\/uploads\/2019\/08\/marco-durante-chambers-latin-america-2014.jpg"},{"@type":"BreadcrumbList","@id":"https:\/\/www.bdsasesores.com\/en\/team\/francisco-salas-bds-asesores\/#breadcrumb","itemListElement":[{"@type":"ListItem","position":1,"name":"Portada","item":"https:\/\/www.bdsasesores.com\/en\/"},{"@type":"ListItem","position":2,"name":"Seven countries, one vision!","item":"https:\/\/www.bdsasesores.com\/en\/team\/"},{"@type":"ListItem","position":3,"name":"Francisco Salas &#8211; BDS Asesores"}]},{"@type":"WebSite","@id":"https:\/\/www.bdsasesores.com\/#website","url":"https:\/\/www.bdsasesores.com\/","name":"BDS Asesores - Especialistas en Derecho Laboral con presencia en Centroam\u00e9rica, Panam\u00e1 y Rep\u00fablica Dominicana","description":"Asesor\u00eda Laboral para empresas","potentialAction":[{"@type":"SearchAction","target":{"@type":"EntryPoint","urlTemplate":"https:\/\/www.bdsasesores.com\/?s={search_term_string}"},"query-input":{"@type":"PropertyValueSpecification","valueRequired":true,"valueName":"search_term_string"}}],"inLanguage":"en-US"}]}},"jetpack_sharing_enabled":true,"_links":{"self":[{"href":"https:\/\/www.bdsasesores.com\/en\/wp-json\/wp\/v2\/pages\/45295","targetHints":{"allow":["GET"]}}],"collection":[{"href":"https:\/\/www.bdsasesores.com\/en\/wp-json\/wp\/v2\/pages"}],"about":[{"href":"https:\/\/www.bdsasesores.com\/en\/wp-json\/wp\/v2\/types\/page"}],"author":[{"embeddable":true,"href":"https:\/\/www.bdsasesores.com\/en\/wp-json\/wp\/v2\/users\/1"}],"replies":[{"embeddable":true,"href":"https:\/\/www.bdsasesores.com\/en\/wp-json\/wp\/v2\/comments?post=45295"}],"version-history":[{"count":19,"href":"https:\/\/www.bdsasesores.com\/en\/wp-json\/wp\/v2\/pages\/45295\/revisions"}],"predecessor-version":[{"id":987486535,"href":"https:\/\/www.bdsasesores.com\/en\/wp-json\/wp\/v2\/pages\/45295\/revisions\/987486535"}],"up":[{"embeddable":true,"href":"https:\/\/www.bdsasesores.com\/en\/wp-json\/wp\/v2\/pages\/48688"}],"wp:attachment":[{"href":"https:\/\/www.bdsasesores.com\/en\/wp-json\/wp\/v2\/media?parent=45295"}],"curies":[{"name":"wp","href":"https:\/\/api.w.org\/{rel}","templated":true}]}}