{"id":45303,"date":"2021-02-03T18:46:09","date_gmt":"2021-02-04T00:46:09","guid":{"rendered":"https:\/\/www.bdsasesores.com\/team\/jaime-solis-bds-asesores\/"},"modified":"2025-02-27T21:35:53","modified_gmt":"2025-02-28T03:35:53","slug":"jaime-solis-bds-asesores","status":"publish","type":"page","link":"https:\/\/www.bdsasesores.com\/en\/team\/jaime-solis-bds-asesores\/","title":{"rendered":"Jaime Sol\u00eds &#8211; BDS Asesores"},"content":{"rendered":"<p>[et_pb_section fb_built=&#8221;1&#8243; _builder_version=&#8221;4.16&#8243; global_colors_info=&#8221;{}&#8221;][et_pb_row _builder_version=&#8221;4.16&#8243; global_colors_info=&#8221;{}&#8221;][et_pb_column type=&#8221;4_4&#8243; _builder_version=&#8221;4.16&#8243; global_colors_info=&#8221;{}&#8221;][et_pb_team_member name=&#8221;Jaime Sol\u00eds&#8221; position=&#8221;Partner El Salvador&#8221; image_url=&#8221;https:\/\/www.bdsasesores.com\/wp-content\/uploads\/2019\/07\/Jaime-A.-Sol\u00eds-Canjura-1024&#215;1020.jpg&#8221; _builder_version=&#8221;4.16&#8243; global_colors_info=&#8221;{}&#8221;]<\/p>\n<p><a href=\"mailto:jsolis@bdsasesores.com\">jsolis@bdsasesores.com<\/a><\/p>\n<p>He holds a Law degree from the Dr. Jos\u00e9 Mat\u00edas Delgado University since 2006 and a Master&#8217;s in Business Law from the Jos\u00e9 Sime\u00f3n Ca\u00f1as Central American University. He also completed a postgraduate program in Innovative Human Talent Management at ISEADE-FEPADE.<\/p>\n<p>He has experience in preventive and corrective labor advisory for various national and multinational companies.<\/p>\n<p>He is the author of the thesis \u201cThe Employment Regime Applicable to Professional Footballers in El Salvador\u201d, which has been the subject of journalistic and radio reports. He has also authored several articles aimed at the business sector in various magazines and has been a speaker at seminars and conferences on current labor issues both nationally and internationally.<\/p>\n<p>A professional with experience in business advisory on labor matters, both individual and collective.<\/p>\n<p>Named by Derecho y Negocios magazine as one of the 45 most outstanding lawyers under 45 years old in 2023.<\/p>\n<p>He has worked for the Firm since 2012, when BDS Asesores opened its regional office in El Salvador, and was appointed partner in March 2014.<\/p>\n<p><span style=\"font-size: 14px;\"><\/span><img data-recalc-dims=\"1\" loading=\"lazy\" decoding=\"async\" src=\"https:\/\/i0.wp.com\/www.bdsasesores.com\/wp-content\/uploads\/2019\/08\/Recognised-in-WWL-HR-300x179-300x179.jpg?resize=122%2C73&#038;ssl=1\" width=\"122\" height=\"73\" alt=\"\" class=\"wp-image-648 alignnone size-medium\" \/><\/p>\n<p>[\/et_pb_team_member][\/et_pb_column][\/et_pb_row][\/et_pb_section]<\/p>\n","protected":false},"excerpt":{"rendered":"<p>jsolis@bdsasesores.com He holds a Law degree from the Dr. Jos\u00e9 Mat\u00edas Delgado University since 2006 and a Master&#8217;s in Business Law from the Jos\u00e9 Sime\u00f3n Ca\u00f1as Central American University. He [&hellip;]<\/p>\n","protected":false},"author":1,"featured_media":0,"parent":48688,"menu_order":0,"comment_status":"closed","ping_status":"closed","template":"","meta":{"_et_pb_use_builder":"on","_et_pb_old_content":"","_et_gb_content_width":"","content-type":"","footnotes":""},"class_list":["post-45303","page","type-page","status-publish","hentry"],"yoast_head":"<!-- This site is optimized with the Yoast SEO plugin v27.2 - https:\/\/yoast.com\/product\/yoast-seo-wordpress\/ -->\n<title>Jaime Sol\u00eds - BDS Asesores - BDS Asesores - Especialistas en Derecho Laboral con presencia en Centroam\u00e9rica, Panam\u00e1 y Rep\u00fablica Dominicana<\/title>\n<meta name=\"robots\" content=\"index, follow, max-snippet:-1, max-image-preview:large, max-video-preview:-1\" \/>\n<link rel=\"canonical\" href=\"https:\/\/www.bdsasesores.com\/en\/team\/jaime-solis-bds-asesores\/\" \/>\n<meta property=\"og:locale\" content=\"en_US\" \/>\n<meta property=\"og:type\" content=\"article\" \/>\n<meta property=\"og:title\" content=\"Jaime Sol\u00eds - BDS Asesores - BDS Asesores - Especialistas en Derecho Laboral con presencia en Centroam\u00e9rica, Panam\u00e1 y Rep\u00fablica Dominicana\" \/>\n<meta property=\"og:description\" content=\"jsolis@bdsasesores.com He holds a Law degree from the Dr. Jos\u00e9 Mat\u00edas Delgado University since 2006 and a Master&#039;s in Business Law from the Jos\u00e9 Sime\u00f3n Ca\u00f1as Central American University. He [&hellip;]\" \/>\n<meta property=\"og:url\" content=\"https:\/\/www.bdsasesores.com\/en\/team\/jaime-solis-bds-asesores\/\" \/>\n<meta property=\"og:site_name\" content=\"BDS Asesores - Especialistas en Derecho Laboral con presencia en Centroam\u00e9rica, Panam\u00e1 y Rep\u00fablica Dominicana\" \/>\n<meta property=\"article:modified_time\" content=\"2025-02-28T03:35:53+00:00\" \/>\n<meta property=\"og:image\" content=\"https:\/\/www.bdsasesores.com\/wp-content\/uploads\/2019\/08\/Recognised-in-WWL-HR-300x179-300x179.jpg\" \/>\n<meta name=\"twitter:card\" content=\"summary_large_image\" \/>\n<meta name=\"twitter:label1\" content=\"Est. reading time\" \/>\n\t<meta name=\"twitter:data1\" content=\"1 minute\" \/>\n<script type=\"application\/ld+json\" class=\"yoast-schema-graph\">{\"@context\":\"https:\/\/schema.org\",\"@graph\":[{\"@type\":\"WebPage\",\"@id\":\"https:\/\/www.bdsasesores.com\/en\/team\/jaime-solis-bds-asesores\/\",\"url\":\"https:\/\/www.bdsasesores.com\/en\/team\/jaime-solis-bds-asesores\/\",\"name\":\"Jaime Sol\u00eds - BDS Asesores - BDS Asesores - Especialistas en Derecho Laboral con presencia en Centroam\u00e9rica, Panam\u00e1 y Rep\u00fablica Dominicana\",\"isPartOf\":{\"@id\":\"https:\/\/www.bdsasesores.com\/#website\"},\"primaryImageOfPage\":{\"@id\":\"https:\/\/www.bdsasesores.com\/en\/team\/jaime-solis-bds-asesores\/#primaryimage\"},\"image\":{\"@id\":\"https:\/\/www.bdsasesores.com\/en\/team\/jaime-solis-bds-asesores\/#primaryimage\"},\"thumbnailUrl\":\"https:\/\/www.bdsasesores.com\/wp-content\/uploads\/2019\/08\/Recognised-in-WWL-HR-300x179-300x179.jpg\",\"datePublished\":\"2021-02-04T00:46:09+00:00\",\"dateModified\":\"2025-02-28T03:35:53+00:00\",\"breadcrumb\":{\"@id\":\"https:\/\/www.bdsasesores.com\/en\/team\/jaime-solis-bds-asesores\/#breadcrumb\"},\"inLanguage\":\"en-US\",\"potentialAction\":[{\"@type\":\"ReadAction\",\"target\":[\"https:\/\/www.bdsasesores.com\/en\/team\/jaime-solis-bds-asesores\/\"]}]},{\"@type\":\"ImageObject\",\"inLanguage\":\"en-US\",\"@id\":\"https:\/\/www.bdsasesores.com\/en\/team\/jaime-solis-bds-asesores\/#primaryimage\",\"url\":\"https:\/\/www.bdsasesores.com\/wp-content\/uploads\/2019\/08\/Recognised-in-WWL-HR-300x179-300x179.jpg\",\"contentUrl\":\"https:\/\/www.bdsasesores.com\/wp-content\/uploads\/2019\/08\/Recognised-in-WWL-HR-300x179-300x179.jpg\"},{\"@type\":\"BreadcrumbList\",\"@id\":\"https:\/\/www.bdsasesores.com\/en\/team\/jaime-solis-bds-asesores\/#breadcrumb\",\"itemListElement\":[{\"@type\":\"ListItem\",\"position\":1,\"name\":\"Portada\",\"item\":\"https:\/\/www.bdsasesores.com\/en\/\"},{\"@type\":\"ListItem\",\"position\":2,\"name\":\"Seven countries, one vision!\",\"item\":\"https:\/\/www.bdsasesores.com\/en\/team\/\"},{\"@type\":\"ListItem\",\"position\":3,\"name\":\"Jaime Sol\u00eds &#8211; BDS Asesores\"}]},{\"@type\":\"WebSite\",\"@id\":\"https:\/\/www.bdsasesores.com\/#website\",\"url\":\"https:\/\/www.bdsasesores.com\/\",\"name\":\"BDS Asesores - Especialistas en Derecho Laboral con presencia en Centroam\u00e9rica, Panam\u00e1 y Rep\u00fablica Dominicana\",\"description\":\"Asesor\u00eda Laboral para empresas\",\"potentialAction\":[{\"@type\":\"SearchAction\",\"target\":{\"@type\":\"EntryPoint\",\"urlTemplate\":\"https:\/\/www.bdsasesores.com\/?s={search_term_string}\"},\"query-input\":{\"@type\":\"PropertyValueSpecification\",\"valueRequired\":true,\"valueName\":\"search_term_string\"}}],\"inLanguage\":\"en-US\"}]}<\/script>\n<!-- \/ Yoast SEO plugin. -->","yoast_head_json":{"title":"Jaime Sol\u00eds - BDS Asesores - BDS Asesores - Especialistas en Derecho Laboral con presencia en Centroam\u00e9rica, Panam\u00e1 y Rep\u00fablica Dominicana","robots":{"index":"index","follow":"follow","max-snippet":"max-snippet:-1","max-image-preview":"max-image-preview:large","max-video-preview":"max-video-preview:-1"},"canonical":"https:\/\/www.bdsasesores.com\/en\/team\/jaime-solis-bds-asesores\/","og_locale":"en_US","og_type":"article","og_title":"Jaime Sol\u00eds - BDS Asesores - BDS Asesores - Especialistas en Derecho Laboral con presencia en Centroam\u00e9rica, Panam\u00e1 y Rep\u00fablica Dominicana","og_description":"jsolis@bdsasesores.com He holds a Law degree from the Dr. Jos\u00e9 Mat\u00edas Delgado University since 2006 and a Master's in Business Law from the Jos\u00e9 Sime\u00f3n Ca\u00f1as Central American University. He [&hellip;]","og_url":"https:\/\/www.bdsasesores.com\/en\/team\/jaime-solis-bds-asesores\/","og_site_name":"BDS Asesores - Especialistas en Derecho Laboral con presencia en Centroam\u00e9rica, Panam\u00e1 y Rep\u00fablica Dominicana","article_modified_time":"2025-02-28T03:35:53+00:00","og_image":[{"url":"https:\/\/www.bdsasesores.com\/wp-content\/uploads\/2019\/08\/Recognised-in-WWL-HR-300x179-300x179.jpg","type":"","width":"","height":""}],"twitter_card":"summary_large_image","twitter_misc":{"Est. reading time":"1 minute"},"schema":{"@context":"https:\/\/schema.org","@graph":[{"@type":"WebPage","@id":"https:\/\/www.bdsasesores.com\/en\/team\/jaime-solis-bds-asesores\/","url":"https:\/\/www.bdsasesores.com\/en\/team\/jaime-solis-bds-asesores\/","name":"Jaime Sol\u00eds - BDS Asesores - BDS Asesores - Especialistas en Derecho Laboral con presencia en Centroam\u00e9rica, Panam\u00e1 y Rep\u00fablica Dominicana","isPartOf":{"@id":"https:\/\/www.bdsasesores.com\/#website"},"primaryImageOfPage":{"@id":"https:\/\/www.bdsasesores.com\/en\/team\/jaime-solis-bds-asesores\/#primaryimage"},"image":{"@id":"https:\/\/www.bdsasesores.com\/en\/team\/jaime-solis-bds-asesores\/#primaryimage"},"thumbnailUrl":"https:\/\/www.bdsasesores.com\/wp-content\/uploads\/2019\/08\/Recognised-in-WWL-HR-300x179-300x179.jpg","datePublished":"2021-02-04T00:46:09+00:00","dateModified":"2025-02-28T03:35:53+00:00","breadcrumb":{"@id":"https:\/\/www.bdsasesores.com\/en\/team\/jaime-solis-bds-asesores\/#breadcrumb"},"inLanguage":"en-US","potentialAction":[{"@type":"ReadAction","target":["https:\/\/www.bdsasesores.com\/en\/team\/jaime-solis-bds-asesores\/"]}]},{"@type":"ImageObject","inLanguage":"en-US","@id":"https:\/\/www.bdsasesores.com\/en\/team\/jaime-solis-bds-asesores\/#primaryimage","url":"https:\/\/www.bdsasesores.com\/wp-content\/uploads\/2019\/08\/Recognised-in-WWL-HR-300x179-300x179.jpg","contentUrl":"https:\/\/www.bdsasesores.com\/wp-content\/uploads\/2019\/08\/Recognised-in-WWL-HR-300x179-300x179.jpg"},{"@type":"BreadcrumbList","@id":"https:\/\/www.bdsasesores.com\/en\/team\/jaime-solis-bds-asesores\/#breadcrumb","itemListElement":[{"@type":"ListItem","position":1,"name":"Portada","item":"https:\/\/www.bdsasesores.com\/en\/"},{"@type":"ListItem","position":2,"name":"Seven countries, one vision!","item":"https:\/\/www.bdsasesores.com\/en\/team\/"},{"@type":"ListItem","position":3,"name":"Jaime Sol\u00eds &#8211; BDS Asesores"}]},{"@type":"WebSite","@id":"https:\/\/www.bdsasesores.com\/#website","url":"https:\/\/www.bdsasesores.com\/","name":"BDS Asesores - Especialistas en Derecho Laboral con presencia en Centroam\u00e9rica, Panam\u00e1 y Rep\u00fablica Dominicana","description":"Asesor\u00eda Laboral para empresas","potentialAction":[{"@type":"SearchAction","target":{"@type":"EntryPoint","urlTemplate":"https:\/\/www.bdsasesores.com\/?s={search_term_string}"},"query-input":{"@type":"PropertyValueSpecification","valueRequired":true,"valueName":"search_term_string"}}],"inLanguage":"en-US"}]}},"jetpack_sharing_enabled":true,"_links":{"self":[{"href":"https:\/\/www.bdsasesores.com\/en\/wp-json\/wp\/v2\/pages\/45303","targetHints":{"allow":["GET"]}}],"collection":[{"href":"https:\/\/www.bdsasesores.com\/en\/wp-json\/wp\/v2\/pages"}],"about":[{"href":"https:\/\/www.bdsasesores.com\/en\/wp-json\/wp\/v2\/types\/page"}],"author":[{"embeddable":true,"href":"https:\/\/www.bdsasesores.com\/en\/wp-json\/wp\/v2\/users\/1"}],"replies":[{"embeddable":true,"href":"https:\/\/www.bdsasesores.com\/en\/wp-json\/wp\/v2\/comments?post=45303"}],"version-history":[{"count":12,"href":"https:\/\/www.bdsasesores.com\/en\/wp-json\/wp\/v2\/pages\/45303\/revisions"}],"predecessor-version":[{"id":987485493,"href":"https:\/\/www.bdsasesores.com\/en\/wp-json\/wp\/v2\/pages\/45303\/revisions\/987485493"}],"up":[{"embeddable":true,"href":"https:\/\/www.bdsasesores.com\/en\/wp-json\/wp\/v2\/pages\/48688"}],"wp:attachment":[{"href":"https:\/\/www.bdsasesores.com\/en\/wp-json\/wp\/v2\/media?parent=45303"}],"curies":[{"name":"wp","href":"https:\/\/api.w.org\/{rel}","templated":true}]}}