{"id":45316,"date":"2021-02-03T19:31:23","date_gmt":"2021-02-04T01:31:23","guid":{"rendered":"https:\/\/www.bdsasesores.com\/team\/marco-durante-bds-asesores\/"},"modified":"2025-03-04T21:16:25","modified_gmt":"2025-03-05T03:16:25","slug":"marco-durante-bds-asesores","status":"publish","type":"page","link":"https:\/\/www.bdsasesores.com\/en\/team\/marco-durante-bds-asesores\/","title":{"rendered":"Marco Durante &#8211; BDS Asesores"},"content":{"rendered":"<p>[et_pb_section fb_built=&#8221;1&#8243; _builder_version=&#8221;4.16&#8243; global_colors_info=&#8221;{}&#8221;][et_pb_row _builder_version=&#8221;4.16&#8243; global_colors_info=&#8221;{}&#8221;][et_pb_column type=&#8221;4_4&#8243; _builder_version=&#8221;4.16&#8243; global_colors_info=&#8221;{}&#8221;][et_pb_team_member name=&#8221;Marco Durante C.&#8221; position=&#8221;Managing Partner&#8221; image_url=&#8221;https:\/\/www.bdsasesores.com\/wp-content\/uploads\/2024\/06\/MarcoDurante-202424.jpg&#8221; linkedin_url=&#8221;https:\/\/www.linkedin.com\/in\/marco-durante-b7289735\/&#8221; _builder_version=&#8221;4.25.1&#8243; global_colors_info=&#8221;{}&#8221;]<\/p>\n<p><a href=\"mailto:mdurante@bdsasesores.com\">mdurante@bdsasesores.com<\/a><\/p>\n<p>Founding partner of BDS Asesores Jur\u00eddicos in Costa Rica, the headquarters of BDS&#8217;s regional offices.<\/p>\n<p>He holds a Law degree from the University of Costa Rica and a Master\u2019s degree in Labor Law and Social Security from the State Distance University of Costa Rica. Additionally, he holds a Master\u2019s degree in Employment, Labor Relations, and Social Dialogue from the University of Castilla-La Mancha, Spain.<\/p>\n<p>Since 2009, he has served as the Director of the National Wages Council of the Ministry of Labor and Social Security, representing the business sector.<\/p>\n<p>He is an active professor of Labor Law at the Faculty of Law of the University of Costa Rica.<\/p>\n<p>He has received numerous international recognitions for his professional work, including being acknowledged by the prestigious Chambers &amp; Partners ranking, which has consistently ranked him as a Band 1 Lawyer, its highest distinction, from 2012 to date.<\/p>\n<p><img data-recalc-dims=\"1\" loading=\"lazy\" decoding=\"async\" src=\"https:\/\/i0.wp.com\/www.bdsasesores.com\/wp-content\/uploads\/2019\/08\/marco-durante-chambers-latin-america-2013.jpg?resize=57%2C80&#038;ssl=1\" width=\"57\" height=\"80\" alt=\"\" class=\"wp-image-635 alignnone size-full\" \/><img data-recalc-dims=\"1\" loading=\"lazy\" decoding=\"async\" src=\"https:\/\/i0.wp.com\/www.bdsasesores.com\/wp-content\/uploads\/2019\/08\/marco-durante-chambers-latin-america-2014.jpg?resize=57%2C80&#038;ssl=1\" width=\"57\" height=\"80\" alt=\"\" class=\"wp-image-633 alignnone size-full\" \/><img data-recalc-dims=\"1\" loading=\"lazy\" decoding=\"async\" src=\"https:\/\/i0.wp.com\/www.bdsasesores.com\/wp-content\/uploads\/2019\/08\/marco-durante-chambers-latin-america-2015.jpg?resize=57%2C80&#038;ssl=1\" width=\"57\" height=\"80\" alt=\"\" class=\"wp-image-637 alignnone size-full\" \/><img data-recalc-dims=\"1\" loading=\"lazy\" decoding=\"async\" src=\"https:\/\/i0.wp.com\/www.bdsasesores.com\/wp-content\/uploads\/2019\/08\/marco-durante-chambers-latin-america-2016.jpg?resize=57%2C80&#038;ssl=1\" width=\"57\" height=\"80\" alt=\"\" class=\"wp-image-639 alignnone size-full\" \/><img data-recalc-dims=\"1\" loading=\"lazy\" decoding=\"async\" src=\"https:\/\/i0.wp.com\/www.bdsasesores.com\/wp-content\/uploads\/2019\/08\/MARCO-DURANTE-224x300-224x300.jpg?resize=59%2C79&#038;ssl=1\" width=\"59\" height=\"79\" alt=\"\" class=\"wp-image-641 alignnone size-medium\" \/><img data-recalc-dims=\"1\" loading=\"lazy\" decoding=\"async\" src=\"https:\/\/i0.wp.com\/www.bdsasesores.com\/wp-content\/uploads\/2019\/08\/MARCO-224x300-224x300.jpg?resize=61%2C82&#038;ssl=1\" width=\"61\" height=\"82\" alt=\"\" class=\"wp-image-643 alignnone size-medium\" \/><\/p>\n<p><img data-recalc-dims=\"1\" loading=\"lazy\" decoding=\"async\" src=\"https:\/\/i0.wp.com\/www.bdsasesores.com\/wp-content\/uploads\/2019\/08\/marco-durante-best-lawyers-of-the-year-2015.jpg?resize=63%2C48&#038;ssl=1\" width=\"63\" height=\"48\" alt=\"\" class=\"wp-image-645 alignnone size-full\" \/>\u00a0<img data-recalc-dims=\"1\" loading=\"lazy\" decoding=\"async\" src=\"https:\/\/i0.wp.com\/www.bdsasesores.com\/wp-content\/uploads\/2019\/08\/Logo-CP-2019-MarcoD-300x248-300x248.jpg?resize=79%2C65&#038;ssl=1\" width=\"79\" height=\"65\" alt=\"\" class=\"wp-image-649 alignnone size-medium\" \/><img data-recalc-dims=\"1\" loading=\"lazy\" decoding=\"async\" src=\"https:\/\/i0.wp.com\/www.bdsasesores.com\/wp-content\/uploads\/2019\/08\/Recognised-in-WWL-HR-300x179-300x179.jpg?resize=111%2C66&#038;ssl=1\" width=\"111\" height=\"66\" alt=\"\" class=\"wp-image-647 alignnone size-medium\" \/><\/p>\n<p>[\/et_pb_team_member][\/et_pb_column][\/et_pb_row][\/et_pb_section]<\/p>\n","protected":false},"excerpt":{"rendered":"<p>mdurante@bdsasesores.com Founding partner of BDS Asesores Jur\u00eddicos in Costa Rica, the headquarters of BDS&#8217;s regional offices. He holds a Law degree from the University of Costa Rica and a Master\u2019s [&hellip;]<\/p>\n","protected":false},"author":1,"featured_media":0,"parent":48688,"menu_order":0,"comment_status":"closed","ping_status":"closed","template":"","meta":{"_et_pb_use_builder":"on","_et_pb_old_content":"","_et_gb_content_width":"","content-type":"","footnotes":""},"class_list":["post-45316","page","type-page","status-publish","hentry"],"yoast_head":"<!-- This site is optimized with the Yoast SEO plugin v27.2 - https:\/\/yoast.com\/product\/yoast-seo-wordpress\/ -->\n<title>Marco Durante - BDS Asesores - BDS Asesores - Especialistas en Derecho Laboral con presencia en Centroam\u00e9rica, Panam\u00e1 y Rep\u00fablica Dominicana<\/title>\n<meta name=\"robots\" content=\"index, follow, max-snippet:-1, max-image-preview:large, max-video-preview:-1\" \/>\n<link rel=\"canonical\" href=\"https:\/\/www.bdsasesores.com\/en\/team\/marco-durante-bds-asesores\/\" \/>\n<meta property=\"og:locale\" content=\"en_US\" \/>\n<meta property=\"og:type\" content=\"article\" \/>\n<meta property=\"og:title\" content=\"Marco Durante - BDS Asesores - BDS Asesores - Especialistas en Derecho Laboral con presencia en Centroam\u00e9rica, Panam\u00e1 y Rep\u00fablica Dominicana\" \/>\n<meta property=\"og:description\" content=\"mdurante@bdsasesores.com Founding partner of BDS Asesores Jur\u00eddicos in Costa Rica, the headquarters of BDS&#039;s regional offices. He holds a Law degree from the University of Costa Rica and a Master\u2019s [&hellip;]\" \/>\n<meta property=\"og:url\" content=\"https:\/\/www.bdsasesores.com\/en\/team\/marco-durante-bds-asesores\/\" \/>\n<meta property=\"og:site_name\" content=\"BDS Asesores - Especialistas en Derecho Laboral con presencia en Centroam\u00e9rica, Panam\u00e1 y Rep\u00fablica Dominicana\" \/>\n<meta property=\"article:modified_time\" content=\"2025-03-05T03:16:25+00:00\" \/>\n<meta property=\"og:image\" content=\"https:\/\/www.bdsasesores.com\/wp-content\/uploads\/2019\/08\/marco-durante-chambers-latin-america-2013.jpg\" \/>\n<meta name=\"twitter:card\" content=\"summary_large_image\" \/>\n<meta name=\"twitter:label1\" content=\"Est. reading time\" \/>\n\t<meta name=\"twitter:data1\" content=\"1 minute\" \/>\n<script type=\"application\/ld+json\" class=\"yoast-schema-graph\">{\"@context\":\"https:\/\/schema.org\",\"@graph\":[{\"@type\":\"WebPage\",\"@id\":\"https:\/\/www.bdsasesores.com\/en\/team\/marco-durante-bds-asesores\/\",\"url\":\"https:\/\/www.bdsasesores.com\/en\/team\/marco-durante-bds-asesores\/\",\"name\":\"Marco Durante - BDS Asesores - BDS Asesores - Especialistas en Derecho Laboral con presencia en Centroam\u00e9rica, Panam\u00e1 y Rep\u00fablica Dominicana\",\"isPartOf\":{\"@id\":\"https:\/\/www.bdsasesores.com\/#website\"},\"primaryImageOfPage\":{\"@id\":\"https:\/\/www.bdsasesores.com\/en\/team\/marco-durante-bds-asesores\/#primaryimage\"},\"image\":{\"@id\":\"https:\/\/www.bdsasesores.com\/en\/team\/marco-durante-bds-asesores\/#primaryimage\"},\"thumbnailUrl\":\"https:\/\/www.bdsasesores.com\/wp-content\/uploads\/2019\/08\/marco-durante-chambers-latin-america-2013.jpg\",\"datePublished\":\"2021-02-04T01:31:23+00:00\",\"dateModified\":\"2025-03-05T03:16:25+00:00\",\"breadcrumb\":{\"@id\":\"https:\/\/www.bdsasesores.com\/en\/team\/marco-durante-bds-asesores\/#breadcrumb\"},\"inLanguage\":\"en-US\",\"potentialAction\":[{\"@type\":\"ReadAction\",\"target\":[\"https:\/\/www.bdsasesores.com\/en\/team\/marco-durante-bds-asesores\/\"]}]},{\"@type\":\"ImageObject\",\"inLanguage\":\"en-US\",\"@id\":\"https:\/\/www.bdsasesores.com\/en\/team\/marco-durante-bds-asesores\/#primaryimage\",\"url\":\"https:\/\/www.bdsasesores.com\/wp-content\/uploads\/2019\/08\/marco-durante-chambers-latin-america-2013.jpg\",\"contentUrl\":\"https:\/\/www.bdsasesores.com\/wp-content\/uploads\/2019\/08\/marco-durante-chambers-latin-america-2013.jpg\"},{\"@type\":\"BreadcrumbList\",\"@id\":\"https:\/\/www.bdsasesores.com\/en\/team\/marco-durante-bds-asesores\/#breadcrumb\",\"itemListElement\":[{\"@type\":\"ListItem\",\"position\":1,\"name\":\"Portada\",\"item\":\"https:\/\/www.bdsasesores.com\/en\/\"},{\"@type\":\"ListItem\",\"position\":2,\"name\":\"Seven countries, one vision!\",\"item\":\"https:\/\/www.bdsasesores.com\/en\/team\/\"},{\"@type\":\"ListItem\",\"position\":3,\"name\":\"Marco Durante &#8211; BDS Asesores\"}]},{\"@type\":\"WebSite\",\"@id\":\"https:\/\/www.bdsasesores.com\/#website\",\"url\":\"https:\/\/www.bdsasesores.com\/\",\"name\":\"BDS Asesores - Especialistas en Derecho Laboral con presencia en Centroam\u00e9rica, Panam\u00e1 y Rep\u00fablica Dominicana\",\"description\":\"Asesor\u00eda Laboral para empresas\",\"potentialAction\":[{\"@type\":\"SearchAction\",\"target\":{\"@type\":\"EntryPoint\",\"urlTemplate\":\"https:\/\/www.bdsasesores.com\/?s={search_term_string}\"},\"query-input\":{\"@type\":\"PropertyValueSpecification\",\"valueRequired\":true,\"valueName\":\"search_term_string\"}}],\"inLanguage\":\"en-US\"}]}<\/script>\n<!-- \/ Yoast SEO plugin. -->","yoast_head_json":{"title":"Marco Durante - BDS Asesores - BDS Asesores - Especialistas en Derecho Laboral con presencia en Centroam\u00e9rica, Panam\u00e1 y Rep\u00fablica Dominicana","robots":{"index":"index","follow":"follow","max-snippet":"max-snippet:-1","max-image-preview":"max-image-preview:large","max-video-preview":"max-video-preview:-1"},"canonical":"https:\/\/www.bdsasesores.com\/en\/team\/marco-durante-bds-asesores\/","og_locale":"en_US","og_type":"article","og_title":"Marco Durante - BDS Asesores - BDS Asesores - Especialistas en Derecho Laboral con presencia en Centroam\u00e9rica, Panam\u00e1 y Rep\u00fablica Dominicana","og_description":"mdurante@bdsasesores.com Founding partner of BDS Asesores Jur\u00eddicos in Costa Rica, the headquarters of BDS's regional offices. He holds a Law degree from the University of Costa Rica and a Master\u2019s [&hellip;]","og_url":"https:\/\/www.bdsasesores.com\/en\/team\/marco-durante-bds-asesores\/","og_site_name":"BDS Asesores - Especialistas en Derecho Laboral con presencia en Centroam\u00e9rica, Panam\u00e1 y Rep\u00fablica Dominicana","article_modified_time":"2025-03-05T03:16:25+00:00","og_image":[{"url":"https:\/\/www.bdsasesores.com\/wp-content\/uploads\/2019\/08\/marco-durante-chambers-latin-america-2013.jpg","type":"","width":"","height":""}],"twitter_card":"summary_large_image","twitter_misc":{"Est. reading time":"1 minute"},"schema":{"@context":"https:\/\/schema.org","@graph":[{"@type":"WebPage","@id":"https:\/\/www.bdsasesores.com\/en\/team\/marco-durante-bds-asesores\/","url":"https:\/\/www.bdsasesores.com\/en\/team\/marco-durante-bds-asesores\/","name":"Marco Durante - BDS Asesores - BDS Asesores - Especialistas en Derecho Laboral con presencia en Centroam\u00e9rica, Panam\u00e1 y Rep\u00fablica Dominicana","isPartOf":{"@id":"https:\/\/www.bdsasesores.com\/#website"},"primaryImageOfPage":{"@id":"https:\/\/www.bdsasesores.com\/en\/team\/marco-durante-bds-asesores\/#primaryimage"},"image":{"@id":"https:\/\/www.bdsasesores.com\/en\/team\/marco-durante-bds-asesores\/#primaryimage"},"thumbnailUrl":"https:\/\/www.bdsasesores.com\/wp-content\/uploads\/2019\/08\/marco-durante-chambers-latin-america-2013.jpg","datePublished":"2021-02-04T01:31:23+00:00","dateModified":"2025-03-05T03:16:25+00:00","breadcrumb":{"@id":"https:\/\/www.bdsasesores.com\/en\/team\/marco-durante-bds-asesores\/#breadcrumb"},"inLanguage":"en-US","potentialAction":[{"@type":"ReadAction","target":["https:\/\/www.bdsasesores.com\/en\/team\/marco-durante-bds-asesores\/"]}]},{"@type":"ImageObject","inLanguage":"en-US","@id":"https:\/\/www.bdsasesores.com\/en\/team\/marco-durante-bds-asesores\/#primaryimage","url":"https:\/\/www.bdsasesores.com\/wp-content\/uploads\/2019\/08\/marco-durante-chambers-latin-america-2013.jpg","contentUrl":"https:\/\/www.bdsasesores.com\/wp-content\/uploads\/2019\/08\/marco-durante-chambers-latin-america-2013.jpg"},{"@type":"BreadcrumbList","@id":"https:\/\/www.bdsasesores.com\/en\/team\/marco-durante-bds-asesores\/#breadcrumb","itemListElement":[{"@type":"ListItem","position":1,"name":"Portada","item":"https:\/\/www.bdsasesores.com\/en\/"},{"@type":"ListItem","position":2,"name":"Seven countries, one vision!","item":"https:\/\/www.bdsasesores.com\/en\/team\/"},{"@type":"ListItem","position":3,"name":"Marco Durante &#8211; BDS Asesores"}]},{"@type":"WebSite","@id":"https:\/\/www.bdsasesores.com\/#website","url":"https:\/\/www.bdsasesores.com\/","name":"BDS Asesores - Especialistas en Derecho Laboral con presencia en Centroam\u00e9rica, Panam\u00e1 y Rep\u00fablica Dominicana","description":"Asesor\u00eda Laboral para empresas","potentialAction":[{"@type":"SearchAction","target":{"@type":"EntryPoint","urlTemplate":"https:\/\/www.bdsasesores.com\/?s={search_term_string}"},"query-input":{"@type":"PropertyValueSpecification","valueRequired":true,"valueName":"search_term_string"}}],"inLanguage":"en-US"}]}},"jetpack_sharing_enabled":true,"_links":{"self":[{"href":"https:\/\/www.bdsasesores.com\/en\/wp-json\/wp\/v2\/pages\/45316","targetHints":{"allow":["GET"]}}],"collection":[{"href":"https:\/\/www.bdsasesores.com\/en\/wp-json\/wp\/v2\/pages"}],"about":[{"href":"https:\/\/www.bdsasesores.com\/en\/wp-json\/wp\/v2\/types\/page"}],"author":[{"embeddable":true,"href":"https:\/\/www.bdsasesores.com\/en\/wp-json\/wp\/v2\/users\/1"}],"replies":[{"embeddable":true,"href":"https:\/\/www.bdsasesores.com\/en\/wp-json\/wp\/v2\/comments?post=45316"}],"version-history":[{"count":13,"href":"https:\/\/www.bdsasesores.com\/en\/wp-json\/wp\/v2\/pages\/45316\/revisions"}],"predecessor-version":[{"id":987485604,"href":"https:\/\/www.bdsasesores.com\/en\/wp-json\/wp\/v2\/pages\/45316\/revisions\/987485604"}],"up":[{"embeddable":true,"href":"https:\/\/www.bdsasesores.com\/en\/wp-json\/wp\/v2\/pages\/48688"}],"wp:attachment":[{"href":"https:\/\/www.bdsasesores.com\/en\/wp-json\/wp\/v2\/media?parent=45316"}],"curies":[{"name":"wp","href":"https:\/\/api.w.org\/{rel}","templated":true}]}}