{"id":45320,"date":"2021-02-03T19:33:16","date_gmt":"2021-02-04T01:33:16","guid":{"rendered":"https:\/\/www.bdsasesores.com\/team\/oscar-corrales-bds-asesores\/"},"modified":"2023-10-19T12:06:54","modified_gmt":"2023-10-19T18:06:54","slug":"oscar-corrales-bds-asesores","status":"publish","type":"page","link":"https:\/\/www.bdsasesores.com\/en\/team\/oscar-corrales-bds-asesores\/","title":{"rendered":"Oscar Corrales &#8211; BDS Asesores"},"content":{"rendered":"<p>[et_pb_section fb_built=&#8221;1&#8243; _builder_version=&#8221;4.16&#8243; global_colors_info=&#8221;{}&#8221;][et_pb_row _builder_version=&#8221;4.16&#8243; global_colors_info=&#8221;{}&#8221;][et_pb_column type=&#8221;4_4&#8243; _builder_version=&#8221;4.16&#8243; global_colors_info=&#8221;{}&#8221;][et_pb_team_member name=&#8221;Oscar Corrales&#8221; position=&#8221;Partner &#8211; Costa Rica&#8221; image_url=&#8221;https:\/\/www.bdsasesores.com\/wp-content\/uploads\/2023\/10\/Oscar-Corrales-2023.jpg&#8221; linkedin_url=&#8221;https:\/\/www.linkedin.com\/in\/oscar-corrales-retana-7a688145\/&#8221; _builder_version=&#8221;4.22.2&#8243; hover_enabled=&#8221;0&#8243; global_colors_info=&#8221;{}&#8221; title_text=&#8221;Oscar Corrales &#8211; 2023&#8243; sticky_enabled=&#8221;0&#8243;]<\/p>\n<p><a href=\"mailto:ocorrales@bdsasesores.com\">ocorrales@bdsasesores.com<\/a><\/p>\n<p style=\"font-weight: 400;\">Law degree from Universidad de Costa Rica and master\u2019s degree in labor law and social welfare from Universidad Estatal a Distancia.<\/p>\n<p style=\"font-weight: 400;\">Oscar has been part of our firm since 2002 and became partner in 2012. He authored the work titled: <em>\u201cAdopciones por Internet: \u00bfAdopciones o tr\u00e1fico internacional de ni\u00f1os?\u201d.<\/em>[Internet Adoptions: Adoptions or Human Trafficking of Children?]<\/p>\n<p style=\"font-weight: 400;\">Oscar has been recognized by Chambers &amp; Partners as an eminent practitioner in labor law for Costa Rica since 2013 to date.<\/p>\n<p style=\"font-weight: 400;\">He has served as speaker in local seminars and congresses on labor topics.<\/p>\n<p><img data-recalc-dims=\"1\" loading=\"lazy\" decoding=\"async\" src=\"https:\/\/i0.wp.com\/www.bdsasesores.com\/wp-content\/uploads\/2019\/08\/oscar-corrales-chambers-latin-america-2013.jpg?resize=57%2C80&#038;ssl=1\" width=\"57\" height=\"80\" alt=\"\" class=\"wp-image-714 alignnone size-full\" \/><img data-recalc-dims=\"1\" loading=\"lazy\" decoding=\"async\" src=\"https:\/\/i0.wp.com\/www.bdsasesores.com\/wp-content\/uploads\/2019\/08\/marco-durante-chambers-latin-america-2014.jpg?resize=57%2C80&#038;ssl=1\" width=\"57\" height=\"80\" alt=\"\" class=\"wp-image-633 alignnone size-full\" \/><img data-recalc-dims=\"1\" loading=\"lazy\" decoding=\"async\" src=\"https:\/\/i0.wp.com\/www.bdsasesores.com\/wp-content\/uploads\/2019\/08\/oscar-corrales-chambers-latin-america-2015.jpg?resize=57%2C80&#038;ssl=1\" width=\"57\" height=\"80\" alt=\"\" class=\"wp-image-716 alignnone size-full\" \/><img data-recalc-dims=\"1\" loading=\"lazy\" decoding=\"async\" src=\"https:\/\/i0.wp.com\/www.bdsasesores.com\/wp-content\/uploads\/2019\/08\/oscar-corrales-chambers-latin-america-2016.jpg?resize=57%2C80&#038;ssl=1\" width=\"57\" height=\"80\" alt=\"\" class=\"wp-image-718 alignnone size-full\" \/><\/p>\n<p><img data-recalc-dims=\"1\" loading=\"lazy\" decoding=\"async\" src=\"https:\/\/i0.wp.com\/www.bdsasesores.com\/wp-content\/uploads\/2019\/08\/OSCAR-CORRALES-224x300-224x300.jpg?resize=59%2C79&#038;ssl=1\" width=\"59\" height=\"79\" alt=\"\" class=\"wp-image-720 alignnone size-medium\" \/><img data-recalc-dims=\"1\" loading=\"lazy\" decoding=\"async\" src=\"https:\/\/i0.wp.com\/www.bdsasesores.com\/wp-content\/uploads\/2019\/08\/OSCAR-224x300-224x300.jpg?resize=60%2C80&#038;ssl=1\" width=\"60\" height=\"80\" alt=\"\" class=\"wp-image-724 alignnone size-medium\" \/><img data-recalc-dims=\"1\" loading=\"lazy\" decoding=\"async\" src=\"https:\/\/i0.wp.com\/www.bdsasesores.com\/wp-content\/uploads\/2019\/08\/Logo-CP-2019-Oscar-300x249-300x249.jpg?resize=96%2C80&#038;ssl=1\" width=\"96\" height=\"80\" alt=\"\" class=\"wp-image-731 alignnone size-medium\" \/><\/p>\n<p><img data-recalc-dims=\"1\" loading=\"lazy\" decoding=\"async\" src=\"https:\/\/i0.wp.com\/www.bdsasesores.com\/wp-content\/uploads\/2019\/08\/award-best-lawyers-300x115-300x115.jpg?resize=110%2C42&#038;ssl=1\" width=\"110\" height=\"42\" alt=\"\" class=\"wp-image-734 alignnone size-medium\" \/>\u00a0<img data-recalc-dims=\"1\" loading=\"lazy\" decoding=\"async\" src=\"https:\/\/i0.wp.com\/www.bdsasesores.com\/wp-content\/uploads\/2019\/08\/Recognised-in-WWL-HR-300x179-300x179.jpg?resize=111%2C66&#038;ssl=1\" width=\"111\" height=\"66\" alt=\"\" class=\"wp-image-647 alignnone size-medium\" \/><\/p>\n<p>[\/et_pb_team_member][\/et_pb_column][\/et_pb_row][\/et_pb_section]<\/p>\n","protected":false},"excerpt":{"rendered":"<p>ocorrales@bdsasesores.com Law degree from Universidad de Costa Rica and master\u2019s degree in labor law and social welfare from Universidad Estatal a Distancia. Oscar has been part of our firm since [&hellip;]<\/p>\n","protected":false},"author":1,"featured_media":0,"parent":48688,"menu_order":0,"comment_status":"closed","ping_status":"closed","template":"","meta":{"_et_pb_use_builder":"on","_et_pb_old_content":"","_et_gb_content_width":"","content-type":"","footnotes":""},"class_list":["post-45320","page","type-page","status-publish","hentry"],"yoast_head":"<!-- This site is optimized with the Yoast SEO plugin v27.2 - https:\/\/yoast.com\/product\/yoast-seo-wordpress\/ -->\n<title>Oscar Corrales - BDS Asesores - BDS Asesores - Especialistas en Derecho Laboral con presencia en Centroam\u00e9rica, Panam\u00e1 y Rep\u00fablica Dominicana<\/title>\n<meta name=\"robots\" content=\"index, follow, max-snippet:-1, max-image-preview:large, max-video-preview:-1\" \/>\n<link rel=\"canonical\" href=\"https:\/\/www.bdsasesores.com\/en\/team\/oscar-corrales-bds-asesores\/\" \/>\n<meta property=\"og:locale\" content=\"en_US\" \/>\n<meta property=\"og:type\" content=\"article\" \/>\n<meta property=\"og:title\" content=\"Oscar Corrales - BDS Asesores - BDS Asesores - Especialistas en Derecho Laboral con presencia en Centroam\u00e9rica, Panam\u00e1 y Rep\u00fablica Dominicana\" \/>\n<meta property=\"og:description\" content=\"ocorrales@bdsasesores.com Law degree from Universidad de Costa Rica and master\u2019s degree in labor law and social welfare from Universidad Estatal a Distancia. Oscar has been part of our firm since [&hellip;]\" \/>\n<meta property=\"og:url\" content=\"https:\/\/www.bdsasesores.com\/en\/team\/oscar-corrales-bds-asesores\/\" \/>\n<meta property=\"og:site_name\" content=\"BDS Asesores - Especialistas en Derecho Laboral con presencia en Centroam\u00e9rica, Panam\u00e1 y Rep\u00fablica Dominicana\" \/>\n<meta property=\"article:modified_time\" content=\"2023-10-19T18:06:54+00:00\" \/>\n<meta property=\"og:image\" content=\"https:\/\/www.bdsasesores.com\/wp-content\/uploads\/2019\/08\/oscar-corrales-chambers-latin-america-2013.jpg\" \/>\n<meta name=\"twitter:card\" content=\"summary_large_image\" \/>\n<meta name=\"twitter:label1\" content=\"Est. reading time\" \/>\n\t<meta name=\"twitter:data1\" content=\"1 minute\" \/>\n<script type=\"application\/ld+json\" class=\"yoast-schema-graph\">{\"@context\":\"https:\/\/schema.org\",\"@graph\":[{\"@type\":\"WebPage\",\"@id\":\"https:\/\/www.bdsasesores.com\/en\/team\/oscar-corrales-bds-asesores\/\",\"url\":\"https:\/\/www.bdsasesores.com\/en\/team\/oscar-corrales-bds-asesores\/\",\"name\":\"Oscar Corrales - BDS Asesores - BDS Asesores - Especialistas en Derecho Laboral con presencia en Centroam\u00e9rica, Panam\u00e1 y Rep\u00fablica Dominicana\",\"isPartOf\":{\"@id\":\"https:\/\/www.bdsasesores.com\/#website\"},\"primaryImageOfPage\":{\"@id\":\"https:\/\/www.bdsasesores.com\/en\/team\/oscar-corrales-bds-asesores\/#primaryimage\"},\"image\":{\"@id\":\"https:\/\/www.bdsasesores.com\/en\/team\/oscar-corrales-bds-asesores\/#primaryimage\"},\"thumbnailUrl\":\"https:\/\/www.bdsasesores.com\/wp-content\/uploads\/2019\/08\/oscar-corrales-chambers-latin-america-2013.jpg\",\"datePublished\":\"2021-02-04T01:33:16+00:00\",\"dateModified\":\"2023-10-19T18:06:54+00:00\",\"breadcrumb\":{\"@id\":\"https:\/\/www.bdsasesores.com\/en\/team\/oscar-corrales-bds-asesores\/#breadcrumb\"},\"inLanguage\":\"en-US\",\"potentialAction\":[{\"@type\":\"ReadAction\",\"target\":[\"https:\/\/www.bdsasesores.com\/en\/team\/oscar-corrales-bds-asesores\/\"]}]},{\"@type\":\"ImageObject\",\"inLanguage\":\"en-US\",\"@id\":\"https:\/\/www.bdsasesores.com\/en\/team\/oscar-corrales-bds-asesores\/#primaryimage\",\"url\":\"https:\/\/www.bdsasesores.com\/wp-content\/uploads\/2019\/08\/oscar-corrales-chambers-latin-america-2013.jpg\",\"contentUrl\":\"https:\/\/www.bdsasesores.com\/wp-content\/uploads\/2019\/08\/oscar-corrales-chambers-latin-america-2013.jpg\"},{\"@type\":\"BreadcrumbList\",\"@id\":\"https:\/\/www.bdsasesores.com\/en\/team\/oscar-corrales-bds-asesores\/#breadcrumb\",\"itemListElement\":[{\"@type\":\"ListItem\",\"position\":1,\"name\":\"Portada\",\"item\":\"https:\/\/www.bdsasesores.com\/en\/\"},{\"@type\":\"ListItem\",\"position\":2,\"name\":\"Seven countries, one vision!\",\"item\":\"https:\/\/www.bdsasesores.com\/en\/team\/\"},{\"@type\":\"ListItem\",\"position\":3,\"name\":\"Oscar Corrales &#8211; BDS Asesores\"}]},{\"@type\":\"WebSite\",\"@id\":\"https:\/\/www.bdsasesores.com\/#website\",\"url\":\"https:\/\/www.bdsasesores.com\/\",\"name\":\"BDS Asesores - Especialistas en Derecho Laboral con presencia en Centroam\u00e9rica, Panam\u00e1 y Rep\u00fablica Dominicana\",\"description\":\"Asesor\u00eda Laboral para empresas\",\"potentialAction\":[{\"@type\":\"SearchAction\",\"target\":{\"@type\":\"EntryPoint\",\"urlTemplate\":\"https:\/\/www.bdsasesores.com\/?s={search_term_string}\"},\"query-input\":{\"@type\":\"PropertyValueSpecification\",\"valueRequired\":true,\"valueName\":\"search_term_string\"}}],\"inLanguage\":\"en-US\"}]}<\/script>\n<!-- \/ Yoast SEO plugin. -->","yoast_head_json":{"title":"Oscar Corrales - BDS Asesores - BDS Asesores - Especialistas en Derecho Laboral con presencia en Centroam\u00e9rica, Panam\u00e1 y Rep\u00fablica Dominicana","robots":{"index":"index","follow":"follow","max-snippet":"max-snippet:-1","max-image-preview":"max-image-preview:large","max-video-preview":"max-video-preview:-1"},"canonical":"https:\/\/www.bdsasesores.com\/en\/team\/oscar-corrales-bds-asesores\/","og_locale":"en_US","og_type":"article","og_title":"Oscar Corrales - BDS Asesores - BDS Asesores - Especialistas en Derecho Laboral con presencia en Centroam\u00e9rica, Panam\u00e1 y Rep\u00fablica Dominicana","og_description":"ocorrales@bdsasesores.com Law degree from Universidad de Costa Rica and master\u2019s degree in labor law and social welfare from Universidad Estatal a Distancia. Oscar has been part of our firm since [&hellip;]","og_url":"https:\/\/www.bdsasesores.com\/en\/team\/oscar-corrales-bds-asesores\/","og_site_name":"BDS Asesores - Especialistas en Derecho Laboral con presencia en Centroam\u00e9rica, Panam\u00e1 y Rep\u00fablica Dominicana","article_modified_time":"2023-10-19T18:06:54+00:00","og_image":[{"url":"https:\/\/www.bdsasesores.com\/wp-content\/uploads\/2019\/08\/oscar-corrales-chambers-latin-america-2013.jpg","type":"","width":"","height":""}],"twitter_card":"summary_large_image","twitter_misc":{"Est. reading time":"1 minute"},"schema":{"@context":"https:\/\/schema.org","@graph":[{"@type":"WebPage","@id":"https:\/\/www.bdsasesores.com\/en\/team\/oscar-corrales-bds-asesores\/","url":"https:\/\/www.bdsasesores.com\/en\/team\/oscar-corrales-bds-asesores\/","name":"Oscar Corrales - BDS Asesores - BDS Asesores - Especialistas en Derecho Laboral con presencia en Centroam\u00e9rica, Panam\u00e1 y Rep\u00fablica Dominicana","isPartOf":{"@id":"https:\/\/www.bdsasesores.com\/#website"},"primaryImageOfPage":{"@id":"https:\/\/www.bdsasesores.com\/en\/team\/oscar-corrales-bds-asesores\/#primaryimage"},"image":{"@id":"https:\/\/www.bdsasesores.com\/en\/team\/oscar-corrales-bds-asesores\/#primaryimage"},"thumbnailUrl":"https:\/\/www.bdsasesores.com\/wp-content\/uploads\/2019\/08\/oscar-corrales-chambers-latin-america-2013.jpg","datePublished":"2021-02-04T01:33:16+00:00","dateModified":"2023-10-19T18:06:54+00:00","breadcrumb":{"@id":"https:\/\/www.bdsasesores.com\/en\/team\/oscar-corrales-bds-asesores\/#breadcrumb"},"inLanguage":"en-US","potentialAction":[{"@type":"ReadAction","target":["https:\/\/www.bdsasesores.com\/en\/team\/oscar-corrales-bds-asesores\/"]}]},{"@type":"ImageObject","inLanguage":"en-US","@id":"https:\/\/www.bdsasesores.com\/en\/team\/oscar-corrales-bds-asesores\/#primaryimage","url":"https:\/\/www.bdsasesores.com\/wp-content\/uploads\/2019\/08\/oscar-corrales-chambers-latin-america-2013.jpg","contentUrl":"https:\/\/www.bdsasesores.com\/wp-content\/uploads\/2019\/08\/oscar-corrales-chambers-latin-america-2013.jpg"},{"@type":"BreadcrumbList","@id":"https:\/\/www.bdsasesores.com\/en\/team\/oscar-corrales-bds-asesores\/#breadcrumb","itemListElement":[{"@type":"ListItem","position":1,"name":"Portada","item":"https:\/\/www.bdsasesores.com\/en\/"},{"@type":"ListItem","position":2,"name":"Seven countries, one vision!","item":"https:\/\/www.bdsasesores.com\/en\/team\/"},{"@type":"ListItem","position":3,"name":"Oscar Corrales &#8211; BDS Asesores"}]},{"@type":"WebSite","@id":"https:\/\/www.bdsasesores.com\/#website","url":"https:\/\/www.bdsasesores.com\/","name":"BDS Asesores - Especialistas en Derecho Laboral con presencia en Centroam\u00e9rica, Panam\u00e1 y Rep\u00fablica Dominicana","description":"Asesor\u00eda Laboral para empresas","potentialAction":[{"@type":"SearchAction","target":{"@type":"EntryPoint","urlTemplate":"https:\/\/www.bdsasesores.com\/?s={search_term_string}"},"query-input":{"@type":"PropertyValueSpecification","valueRequired":true,"valueName":"search_term_string"}}],"inLanguage":"en-US"}]}},"jetpack_sharing_enabled":true,"_links":{"self":[{"href":"https:\/\/www.bdsasesores.com\/en\/wp-json\/wp\/v2\/pages\/45320","targetHints":{"allow":["GET"]}}],"collection":[{"href":"https:\/\/www.bdsasesores.com\/en\/wp-json\/wp\/v2\/pages"}],"about":[{"href":"https:\/\/www.bdsasesores.com\/en\/wp-json\/wp\/v2\/types\/page"}],"author":[{"embeddable":true,"href":"https:\/\/www.bdsasesores.com\/en\/wp-json\/wp\/v2\/users\/1"}],"replies":[{"embeddable":true,"href":"https:\/\/www.bdsasesores.com\/en\/wp-json\/wp\/v2\/comments?post=45320"}],"version-history":[{"count":14,"href":"https:\/\/www.bdsasesores.com\/en\/wp-json\/wp\/v2\/pages\/45320\/revisions"}],"predecessor-version":[{"id":54591,"href":"https:\/\/www.bdsasesores.com\/en\/wp-json\/wp\/v2\/pages\/45320\/revisions\/54591"}],"up":[{"embeddable":true,"href":"https:\/\/www.bdsasesores.com\/en\/wp-json\/wp\/v2\/pages\/48688"}],"wp:attachment":[{"href":"https:\/\/www.bdsasesores.com\/en\/wp-json\/wp\/v2\/media?parent=45320"}],"curies":[{"name":"wp","href":"https:\/\/api.w.org\/{rel}","templated":true}]}}