{"id":45352,"date":"2021-02-06T11:34:34","date_gmt":"2021-02-06T17:34:34","guid":{"rendered":"https:\/\/www.bdsasesores.com\/team\/ana-carolina-rios-bds-asesores\/"},"modified":"2023-06-16T09:41:49","modified_gmt":"2023-06-16T15:41:49","slug":"ana-carolina-rios-bds-asesores","status":"publish","type":"page","link":"https:\/\/www.bdsasesores.com\/en\/team\/ana-carolina-rios-bds-asesores\/","title":{"rendered":"Ana Carolina R\u00edos &#8211; BDS Asesores"},"content":{"rendered":"<p>[et_pb_section fb_built=&#8221;1&#8243; _builder_version=&#8221;4.16&#8243; global_colors_info=&#8221;{}&#8221;][et_pb_row _builder_version=&#8221;4.16&#8243; global_colors_info=&#8221;{}&#8221;][et_pb_column type=&#8221;4_4&#8243; _builder_version=&#8221;4.16&#8243; global_colors_info=&#8221;{}&#8221;][et_pb_team_member name=&#8221;Ana Carolina R\u00edos&#8221; position=&#8221;Partner Panam\u00e1&#8221; image_url=&#8221;https:\/\/www.bdsasesores.com\/wp-content\/uploads\/2023\/06\/AnaCarolinaRios-2023.jpg&#8221; linkedin_url=&#8221;https:\/\/www.linkedin.com\/in\/anacarolina-r%C3%ADos-61855466\/&#8221; _builder_version=&#8221;4.21.0&#8243; hover_enabled=&#8221;0&#8243; global_colors_info=&#8221;{}&#8221; title_text=&#8221;AnaCarolinaRios-2023&#8243; sticky_enabled=&#8221;0&#8243;]<\/p>\n<p><a href=\"mailto:arios@bdsasesores.com\">arios@bdsasesores.com<\/a><\/p>\n<p>&nbsp;<\/p>\n<p>She has a degree in Law and Political Sciences from the Universidad Latina de Panam\u00e1.<\/p>\n<p>She has served in the public sector, more specifically in the public procurement field, which has provided her with the possibility to better understand all aspects related to contractor selection procedures, administration of contracts with the State, and disputes that could arise.<\/p>\n<p>She has worked for our Firm since 2015 and became a partner in 2018<span style=\"font-size: 14px;\">.<\/span><\/p>\n<p>[\/et_pb_team_member][\/et_pb_column][\/et_pb_row][\/et_pb_section]<\/p>\n","protected":false},"excerpt":{"rendered":"<p>arios@bdsasesores.com &nbsp; She has a degree in Law and Political Sciences from the Universidad Latina de Panam\u00e1. She has served in the public sector, more specifically in the public procurement [&hellip;]<\/p>\n","protected":false},"author":1,"featured_media":0,"parent":48688,"menu_order":0,"comment_status":"closed","ping_status":"closed","template":"","meta":{"_et_pb_use_builder":"on","_et_pb_old_content":"","_et_gb_content_width":"","content-type":"","footnotes":""},"class_list":["post-45352","page","type-page","status-publish","hentry"],"yoast_head":"<!-- This site is optimized with the Yoast SEO plugin v27.2 - https:\/\/yoast.com\/product\/yoast-seo-wordpress\/ -->\n<title>Ana Carolina R\u00edos - BDS Asesores - BDS Asesores - Especialistas en Derecho Laboral con presencia en Centroam\u00e9rica, Panam\u00e1 y Rep\u00fablica Dominicana<\/title>\n<meta name=\"robots\" content=\"index, follow, max-snippet:-1, max-image-preview:large, max-video-preview:-1\" \/>\n<link rel=\"canonical\" href=\"https:\/\/www.bdsasesores.com\/en\/team\/ana-carolina-rios-bds-asesores\/\" \/>\n<meta property=\"og:locale\" content=\"en_US\" \/>\n<meta property=\"og:type\" content=\"article\" \/>\n<meta property=\"og:title\" content=\"Ana Carolina R\u00edos - BDS Asesores - BDS Asesores - Especialistas en Derecho Laboral con presencia en Centroam\u00e9rica, Panam\u00e1 y Rep\u00fablica Dominicana\" \/>\n<meta property=\"og:description\" content=\"arios@bdsasesores.com &nbsp; She has a degree in Law and Political Sciences from the Universidad Latina de Panam\u00e1. She has served in the public sector, more specifically in the public procurement [&hellip;]\" \/>\n<meta property=\"og:url\" content=\"https:\/\/www.bdsasesores.com\/en\/team\/ana-carolina-rios-bds-asesores\/\" \/>\n<meta property=\"og:site_name\" content=\"BDS Asesores - Especialistas en Derecho Laboral con presencia en Centroam\u00e9rica, Panam\u00e1 y Rep\u00fablica Dominicana\" \/>\n<meta property=\"article:modified_time\" content=\"2023-06-16T15:41:49+00:00\" \/>\n<meta property=\"og:image\" content=\"https:\/\/i0.wp.com\/www.bdsasesores.com\/wp-content\/uploads\/2021\/08\/icono-bds-azul.jpeg?fit=1280%2C1280&ssl=1\" \/>\n\t<meta property=\"og:image:width\" content=\"1280\" \/>\n\t<meta property=\"og:image:height\" content=\"1280\" \/>\n\t<meta property=\"og:image:type\" content=\"image\/jpeg\" \/>\n<meta name=\"twitter:card\" content=\"summary_large_image\" \/>\n<meta name=\"twitter:label1\" content=\"Est. reading time\" \/>\n\t<meta name=\"twitter:data1\" content=\"1 minute\" \/>\n<script type=\"application\/ld+json\" class=\"yoast-schema-graph\">{\"@context\":\"https:\/\/schema.org\",\"@graph\":[{\"@type\":\"WebPage\",\"@id\":\"https:\/\/www.bdsasesores.com\/en\/team\/ana-carolina-rios-bds-asesores\/\",\"url\":\"https:\/\/www.bdsasesores.com\/en\/team\/ana-carolina-rios-bds-asesores\/\",\"name\":\"Ana Carolina R\u00edos - BDS Asesores - BDS Asesores - Especialistas en Derecho Laboral con presencia en Centroam\u00e9rica, Panam\u00e1 y Rep\u00fablica Dominicana\",\"isPartOf\":{\"@id\":\"https:\/\/www.bdsasesores.com\/#website\"},\"datePublished\":\"2021-02-06T17:34:34+00:00\",\"dateModified\":\"2023-06-16T15:41:49+00:00\",\"breadcrumb\":{\"@id\":\"https:\/\/www.bdsasesores.com\/en\/team\/ana-carolina-rios-bds-asesores\/#breadcrumb\"},\"inLanguage\":\"en-US\",\"potentialAction\":[{\"@type\":\"ReadAction\",\"target\":[\"https:\/\/www.bdsasesores.com\/en\/team\/ana-carolina-rios-bds-asesores\/\"]}]},{\"@type\":\"BreadcrumbList\",\"@id\":\"https:\/\/www.bdsasesores.com\/en\/team\/ana-carolina-rios-bds-asesores\/#breadcrumb\",\"itemListElement\":[{\"@type\":\"ListItem\",\"position\":1,\"name\":\"Portada\",\"item\":\"https:\/\/www.bdsasesores.com\/en\/\"},{\"@type\":\"ListItem\",\"position\":2,\"name\":\"Seven countries, one vision!\",\"item\":\"https:\/\/www.bdsasesores.com\/en\/team\/\"},{\"@type\":\"ListItem\",\"position\":3,\"name\":\"Ana Carolina R\u00edos &#8211; BDS Asesores\"}]},{\"@type\":\"WebSite\",\"@id\":\"https:\/\/www.bdsasesores.com\/#website\",\"url\":\"https:\/\/www.bdsasesores.com\/\",\"name\":\"BDS Asesores - Especialistas en Derecho Laboral con presencia en Centroam\u00e9rica, Panam\u00e1 y Rep\u00fablica Dominicana\",\"description\":\"Asesor\u00eda Laboral para empresas\",\"potentialAction\":[{\"@type\":\"SearchAction\",\"target\":{\"@type\":\"EntryPoint\",\"urlTemplate\":\"https:\/\/www.bdsasesores.com\/?s={search_term_string}\"},\"query-input\":{\"@type\":\"PropertyValueSpecification\",\"valueRequired\":true,\"valueName\":\"search_term_string\"}}],\"inLanguage\":\"en-US\"}]}<\/script>\n<!-- \/ Yoast SEO plugin. -->","yoast_head_json":{"title":"Ana Carolina R\u00edos - BDS Asesores - BDS Asesores - Especialistas en Derecho Laboral con presencia en Centroam\u00e9rica, Panam\u00e1 y Rep\u00fablica Dominicana","robots":{"index":"index","follow":"follow","max-snippet":"max-snippet:-1","max-image-preview":"max-image-preview:large","max-video-preview":"max-video-preview:-1"},"canonical":"https:\/\/www.bdsasesores.com\/en\/team\/ana-carolina-rios-bds-asesores\/","og_locale":"en_US","og_type":"article","og_title":"Ana Carolina R\u00edos - BDS Asesores - BDS Asesores - Especialistas en Derecho Laboral con presencia en Centroam\u00e9rica, Panam\u00e1 y Rep\u00fablica Dominicana","og_description":"arios@bdsasesores.com &nbsp; She has a degree in Law and Political Sciences from the Universidad Latina de Panam\u00e1. She has served in the public sector, more specifically in the public procurement [&hellip;]","og_url":"https:\/\/www.bdsasesores.com\/en\/team\/ana-carolina-rios-bds-asesores\/","og_site_name":"BDS Asesores - Especialistas en Derecho Laboral con presencia en Centroam\u00e9rica, Panam\u00e1 y Rep\u00fablica Dominicana","article_modified_time":"2023-06-16T15:41:49+00:00","og_image":[{"width":1280,"height":1280,"url":"https:\/\/i0.wp.com\/www.bdsasesores.com\/wp-content\/uploads\/2021\/08\/icono-bds-azul.jpeg?fit=1280%2C1280&ssl=1","type":"image\/jpeg"}],"twitter_card":"summary_large_image","twitter_misc":{"Est. reading time":"1 minute"},"schema":{"@context":"https:\/\/schema.org","@graph":[{"@type":"WebPage","@id":"https:\/\/www.bdsasesores.com\/en\/team\/ana-carolina-rios-bds-asesores\/","url":"https:\/\/www.bdsasesores.com\/en\/team\/ana-carolina-rios-bds-asesores\/","name":"Ana Carolina R\u00edos - BDS Asesores - BDS Asesores - Especialistas en Derecho Laboral con presencia en Centroam\u00e9rica, Panam\u00e1 y Rep\u00fablica Dominicana","isPartOf":{"@id":"https:\/\/www.bdsasesores.com\/#website"},"datePublished":"2021-02-06T17:34:34+00:00","dateModified":"2023-06-16T15:41:49+00:00","breadcrumb":{"@id":"https:\/\/www.bdsasesores.com\/en\/team\/ana-carolina-rios-bds-asesores\/#breadcrumb"},"inLanguage":"en-US","potentialAction":[{"@type":"ReadAction","target":["https:\/\/www.bdsasesores.com\/en\/team\/ana-carolina-rios-bds-asesores\/"]}]},{"@type":"BreadcrumbList","@id":"https:\/\/www.bdsasesores.com\/en\/team\/ana-carolina-rios-bds-asesores\/#breadcrumb","itemListElement":[{"@type":"ListItem","position":1,"name":"Portada","item":"https:\/\/www.bdsasesores.com\/en\/"},{"@type":"ListItem","position":2,"name":"Seven countries, one vision!","item":"https:\/\/www.bdsasesores.com\/en\/team\/"},{"@type":"ListItem","position":3,"name":"Ana Carolina R\u00edos &#8211; BDS Asesores"}]},{"@type":"WebSite","@id":"https:\/\/www.bdsasesores.com\/#website","url":"https:\/\/www.bdsasesores.com\/","name":"BDS Asesores - Especialistas en Derecho Laboral con presencia en Centroam\u00e9rica, Panam\u00e1 y Rep\u00fablica Dominicana","description":"Asesor\u00eda Laboral para empresas","potentialAction":[{"@type":"SearchAction","target":{"@type":"EntryPoint","urlTemplate":"https:\/\/www.bdsasesores.com\/?s={search_term_string}"},"query-input":{"@type":"PropertyValueSpecification","valueRequired":true,"valueName":"search_term_string"}}],"inLanguage":"en-US"}]}},"jetpack_sharing_enabled":true,"_links":{"self":[{"href":"https:\/\/www.bdsasesores.com\/en\/wp-json\/wp\/v2\/pages\/45352","targetHints":{"allow":["GET"]}}],"collection":[{"href":"https:\/\/www.bdsasesores.com\/en\/wp-json\/wp\/v2\/pages"}],"about":[{"href":"https:\/\/www.bdsasesores.com\/en\/wp-json\/wp\/v2\/types\/page"}],"author":[{"embeddable":true,"href":"https:\/\/www.bdsasesores.com\/en\/wp-json\/wp\/v2\/users\/1"}],"replies":[{"embeddable":true,"href":"https:\/\/www.bdsasesores.com\/en\/wp-json\/wp\/v2\/comments?post=45352"}],"version-history":[{"count":7,"href":"https:\/\/www.bdsasesores.com\/en\/wp-json\/wp\/v2\/pages\/45352\/revisions"}],"predecessor-version":[{"id":52695,"href":"https:\/\/www.bdsasesores.com\/en\/wp-json\/wp\/v2\/pages\/45352\/revisions\/52695"}],"up":[{"embeddable":true,"href":"https:\/\/www.bdsasesores.com\/en\/wp-json\/wp\/v2\/pages\/48688"}],"wp:attachment":[{"href":"https:\/\/www.bdsasesores.com\/en\/wp-json\/wp\/v2\/media?parent=45352"}],"curies":[{"name":"wp","href":"https:\/\/api.w.org\/{rel}","templated":true}]}}