{"id":45359,"date":"2021-02-06T11:40:52","date_gmt":"2021-02-06T17:40:52","guid":{"rendered":"https:\/\/www.bdsasesores.com\/team\/angel-r-herrera-bds-asesores\/"},"modified":"2025-02-15T11:04:28","modified_gmt":"2025-02-15T17:04:28","slug":"angel-r-herrera-bds-asesores","status":"publish","type":"page","link":"https:\/\/www.bdsasesores.com\/en\/team\/angel-r-herrera-bds-asesores\/","title":{"rendered":"\u00c1ngel R. Herrera &#8211; BDS Asesores"},"content":{"rendered":"<p>[et_pb_section fb_built=&#8221;1&#8243; _builder_version=&#8221;4.16&#8243; global_colors_info=&#8221;{}&#8221;][et_pb_row _builder_version=&#8221;4.16&#8243; global_colors_info=&#8221;{}&#8221;][et_pb_column type=&#8221;4_4&#8243; _builder_version=&#8221;4.16&#8243; global_colors_info=&#8221;{}&#8221;][et_pb_team_member name=&#8221;\u00c1ngel R. Herrera&#8221; position=&#8221;Partner Honduras&#8221; image_url=&#8221;https:\/\/www.bdsasesores.com\/wp-content\/uploads\/2025\/02\/AngelHerrera-2025.jpg&#8221; _builder_version=&#8221;4.27.4&#8243; hover_enabled=&#8221;0&#8243; global_colors_info=&#8221;{}&#8221; title_text=&#8221;A\u0301ngelHerrera-2025&#8243; sticky_enabled=&#8221;0&#8243;]<\/p>\n<p><a href=\"mailto:aherrera@bdsasesores.com\">aherrera@bdsasesores.com<\/a><\/p>\n<p>&nbsp;<\/p>\n<p><span>Graduated lawyer from the Autonomous University of Honduras and Notary Public who has been incorporated as partner of the firm since 2015.<\/span><\/p>\n<p><span>With 23 years of professional experience providing counsel to financial entities and both national and foreign private companies, he counts with vast experience in Labor Law.<\/span><\/p>\n<p><span>Has also served as Attorney General and Judge in the Supreme Court of Justice for private companies in 2009 and 2015.<\/span><\/p>\n<p><span>An active member of the Regional Disciplinary Commission of Honduran Soccer, as well as advisor of the Notary Union of Honduras, chapter San Pedro Sula, since 2011 to date.<\/span><\/p>\n<p><span>In 2007, he has been acknowledged by the Honduran Bar Association as an honorable member<\/span>.<\/p>\n<p>[\/et_pb_team_member][\/et_pb_column][\/et_pb_row][\/et_pb_section]<\/p>\n","protected":false},"excerpt":{"rendered":"<p>aherrera@bdsasesores.com &nbsp; Graduated lawyer from the Autonomous University of Honduras and Notary Public who has been incorporated as partner of the firm since 2015. With 23 years of professional experience [&hellip;]<\/p>\n","protected":false},"author":1,"featured_media":0,"parent":48688,"menu_order":0,"comment_status":"closed","ping_status":"closed","template":"","meta":{"_et_pb_use_builder":"on","_et_pb_old_content":"","_et_gb_content_width":"","content-type":"","footnotes":""},"class_list":["post-45359","page","type-page","status-publish","hentry"],"yoast_head":"<!-- This site is optimized with the Yoast SEO plugin v27.2 - https:\/\/yoast.com\/product\/yoast-seo-wordpress\/ -->\n<title>\u00c1ngel R. Herrera - BDS Asesores - BDS Asesores - Especialistas en Derecho Laboral con presencia en Centroam\u00e9rica, Panam\u00e1 y Rep\u00fablica Dominicana<\/title>\n<meta name=\"robots\" content=\"index, follow, max-snippet:-1, max-image-preview:large, max-video-preview:-1\" \/>\n<link rel=\"canonical\" href=\"https:\/\/www.bdsasesores.com\/equipo-abogados-laboral\/angel-herrera\/\" \/>\n<meta property=\"og:locale\" content=\"en_US\" \/>\n<meta property=\"og:type\" content=\"article\" \/>\n<meta property=\"og:title\" content=\"\u00c1ngel R. Herrera - BDS Asesores - BDS Asesores - Especialistas en Derecho Laboral con presencia en Centroam\u00e9rica, Panam\u00e1 y Rep\u00fablica Dominicana\" \/>\n<meta property=\"og:description\" content=\"aherrera@bdsasesores.com &nbsp; Graduated lawyer from the Autonomous University of Honduras and Notary Public who has been incorporated as partner of the firm since 2015. With 23 years of professional experience [&hellip;]\" \/>\n<meta property=\"og:url\" content=\"https:\/\/www.bdsasesores.com\/equipo-abogados-laboral\/angel-herrera\/\" \/>\n<meta property=\"og:site_name\" content=\"BDS Asesores - Especialistas en Derecho Laboral con presencia en Centroam\u00e9rica, Panam\u00e1 y Rep\u00fablica Dominicana\" \/>\n<meta property=\"article:modified_time\" content=\"2025-02-15T17:04:28+00:00\" \/>\n<meta property=\"og:image\" content=\"https:\/\/i0.wp.com\/www.bdsasesores.com\/wp-content\/uploads\/2021\/08\/icono-bds-azul.jpeg?fit=1280%2C1280&ssl=1\" \/>\n\t<meta property=\"og:image:width\" content=\"1280\" \/>\n\t<meta property=\"og:image:height\" content=\"1280\" \/>\n\t<meta property=\"og:image:type\" content=\"image\/jpeg\" \/>\n<meta name=\"twitter:card\" content=\"summary_large_image\" \/>\n<meta name=\"twitter:label1\" content=\"Est. reading time\" \/>\n\t<meta name=\"twitter:data1\" content=\"1 minute\" \/>\n<script type=\"application\/ld+json\" class=\"yoast-schema-graph\">{\"@context\":\"https:\/\/schema.org\",\"@graph\":[{\"@type\":\"WebPage\",\"@id\":\"https:\/\/www.bdsasesores.com\/equipo-abogados-laboral\/angel-herrera\/\",\"url\":\"https:\/\/www.bdsasesores.com\/equipo-abogados-laboral\/angel-herrera\/\",\"name\":\"\u00c1ngel R. Herrera - BDS Asesores - BDS Asesores - Especialistas en Derecho Laboral con presencia en Centroam\u00e9rica, Panam\u00e1 y Rep\u00fablica Dominicana\",\"isPartOf\":{\"@id\":\"https:\/\/www.bdsasesores.com\/#website\"},\"datePublished\":\"2021-02-06T17:40:52+00:00\",\"dateModified\":\"2025-02-15T17:04:28+00:00\",\"breadcrumb\":{\"@id\":\"https:\/\/www.bdsasesores.com\/equipo-abogados-laboral\/angel-herrera\/#breadcrumb\"},\"inLanguage\":\"en-US\",\"potentialAction\":[{\"@type\":\"ReadAction\",\"target\":[\"https:\/\/www.bdsasesores.com\/equipo-abogados-laboral\/angel-herrera\/\"]}]},{\"@type\":\"BreadcrumbList\",\"@id\":\"https:\/\/www.bdsasesores.com\/equipo-abogados-laboral\/angel-herrera\/#breadcrumb\",\"itemListElement\":[{\"@type\":\"ListItem\",\"position\":1,\"name\":\"Portada\",\"item\":\"https:\/\/www.bdsasesores.com\/en\/\"},{\"@type\":\"ListItem\",\"position\":2,\"name\":\"Seven countries, one vision!\",\"item\":\"https:\/\/www.bdsasesores.com\/en\/team\/\"},{\"@type\":\"ListItem\",\"position\":3,\"name\":\"\u00c1ngel R. Herrera &#8211; BDS Asesores\"}]},{\"@type\":\"WebSite\",\"@id\":\"https:\/\/www.bdsasesores.com\/#website\",\"url\":\"https:\/\/www.bdsasesores.com\/\",\"name\":\"BDS Asesores - Especialistas en Derecho Laboral con presencia en Centroam\u00e9rica, Panam\u00e1 y Rep\u00fablica Dominicana\",\"description\":\"Asesor\u00eda Laboral para empresas\",\"potentialAction\":[{\"@type\":\"SearchAction\",\"target\":{\"@type\":\"EntryPoint\",\"urlTemplate\":\"https:\/\/www.bdsasesores.com\/?s={search_term_string}\"},\"query-input\":{\"@type\":\"PropertyValueSpecification\",\"valueRequired\":true,\"valueName\":\"search_term_string\"}}],\"inLanguage\":\"en-US\"}]}<\/script>\n<!-- \/ Yoast SEO plugin. -->","yoast_head_json":{"title":"\u00c1ngel R. Herrera - BDS Asesores - BDS Asesores - Especialistas en Derecho Laboral con presencia en Centroam\u00e9rica, Panam\u00e1 y Rep\u00fablica Dominicana","robots":{"index":"index","follow":"follow","max-snippet":"max-snippet:-1","max-image-preview":"max-image-preview:large","max-video-preview":"max-video-preview:-1"},"canonical":"https:\/\/www.bdsasesores.com\/equipo-abogados-laboral\/angel-herrera\/","og_locale":"en_US","og_type":"article","og_title":"\u00c1ngel R. Herrera - BDS Asesores - BDS Asesores - Especialistas en Derecho Laboral con presencia en Centroam\u00e9rica, Panam\u00e1 y Rep\u00fablica Dominicana","og_description":"aherrera@bdsasesores.com &nbsp; Graduated lawyer from the Autonomous University of Honduras and Notary Public who has been incorporated as partner of the firm since 2015. With 23 years of professional experience [&hellip;]","og_url":"https:\/\/www.bdsasesores.com\/equipo-abogados-laboral\/angel-herrera\/","og_site_name":"BDS Asesores - Especialistas en Derecho Laboral con presencia en Centroam\u00e9rica, Panam\u00e1 y Rep\u00fablica Dominicana","article_modified_time":"2025-02-15T17:04:28+00:00","og_image":[{"width":1280,"height":1280,"url":"https:\/\/i0.wp.com\/www.bdsasesores.com\/wp-content\/uploads\/2021\/08\/icono-bds-azul.jpeg?fit=1280%2C1280&ssl=1","type":"image\/jpeg"}],"twitter_card":"summary_large_image","twitter_misc":{"Est. reading time":"1 minute"},"schema":{"@context":"https:\/\/schema.org","@graph":[{"@type":"WebPage","@id":"https:\/\/www.bdsasesores.com\/equipo-abogados-laboral\/angel-herrera\/","url":"https:\/\/www.bdsasesores.com\/equipo-abogados-laboral\/angel-herrera\/","name":"\u00c1ngel R. Herrera - BDS Asesores - BDS Asesores - Especialistas en Derecho Laboral con presencia en Centroam\u00e9rica, Panam\u00e1 y Rep\u00fablica Dominicana","isPartOf":{"@id":"https:\/\/www.bdsasesores.com\/#website"},"datePublished":"2021-02-06T17:40:52+00:00","dateModified":"2025-02-15T17:04:28+00:00","breadcrumb":{"@id":"https:\/\/www.bdsasesores.com\/equipo-abogados-laboral\/angel-herrera\/#breadcrumb"},"inLanguage":"en-US","potentialAction":[{"@type":"ReadAction","target":["https:\/\/www.bdsasesores.com\/equipo-abogados-laboral\/angel-herrera\/"]}]},{"@type":"BreadcrumbList","@id":"https:\/\/www.bdsasesores.com\/equipo-abogados-laboral\/angel-herrera\/#breadcrumb","itemListElement":[{"@type":"ListItem","position":1,"name":"Portada","item":"https:\/\/www.bdsasesores.com\/en\/"},{"@type":"ListItem","position":2,"name":"Seven countries, one vision!","item":"https:\/\/www.bdsasesores.com\/en\/team\/"},{"@type":"ListItem","position":3,"name":"\u00c1ngel R. Herrera &#8211; BDS Asesores"}]},{"@type":"WebSite","@id":"https:\/\/www.bdsasesores.com\/#website","url":"https:\/\/www.bdsasesores.com\/","name":"BDS Asesores - Especialistas en Derecho Laboral con presencia en Centroam\u00e9rica, Panam\u00e1 y Rep\u00fablica Dominicana","description":"Asesor\u00eda Laboral para empresas","potentialAction":[{"@type":"SearchAction","target":{"@type":"EntryPoint","urlTemplate":"https:\/\/www.bdsasesores.com\/?s={search_term_string}"},"query-input":{"@type":"PropertyValueSpecification","valueRequired":true,"valueName":"search_term_string"}}],"inLanguage":"en-US"}]}},"jetpack_sharing_enabled":true,"_links":{"self":[{"href":"https:\/\/www.bdsasesores.com\/en\/wp-json\/wp\/v2\/pages\/45359","targetHints":{"allow":["GET"]}}],"collection":[{"href":"https:\/\/www.bdsasesores.com\/en\/wp-json\/wp\/v2\/pages"}],"about":[{"href":"https:\/\/www.bdsasesores.com\/en\/wp-json\/wp\/v2\/types\/page"}],"author":[{"embeddable":true,"href":"https:\/\/www.bdsasesores.com\/en\/wp-json\/wp\/v2\/users\/1"}],"replies":[{"embeddable":true,"href":"https:\/\/www.bdsasesores.com\/en\/wp-json\/wp\/v2\/comments?post=45359"}],"version-history":[{"count":3,"href":"https:\/\/www.bdsasesores.com\/en\/wp-json\/wp\/v2\/pages\/45359\/revisions"}],"predecessor-version":[{"id":987485387,"href":"https:\/\/www.bdsasesores.com\/en\/wp-json\/wp\/v2\/pages\/45359\/revisions\/987485387"}],"up":[{"embeddable":true,"href":"https:\/\/www.bdsasesores.com\/en\/wp-json\/wp\/v2\/pages\/48688"}],"wp:attachment":[{"href":"https:\/\/www.bdsasesores.com\/en\/wp-json\/wp\/v2\/media?parent=45359"}],"curies":[{"name":"wp","href":"https:\/\/api.w.org\/{rel}","templated":true}]}}