{"id":49090,"date":"2021-12-15T15:41:59","date_gmt":"2021-12-15T21:41:59","guid":{"rendered":"https:\/\/www.bdsasesores.com\/team\/rebeca-artavia-bds-asesores\/"},"modified":"2025-09-01T22:11:02","modified_gmt":"2025-09-02T04:11:02","slug":"rebeca-artavia-bds-asesores","status":"publish","type":"page","link":"https:\/\/www.bdsasesores.com\/en\/team\/rebeca-artavia-bds-asesores\/","title":{"rendered":"Rebeca Artavia &#8211; BDS Asesores"},"content":{"rendered":"<p>[et_pb_section fb_built=&#8221;1&#8243; _builder_version=&#8221;4.16&#8243; global_colors_info=&#8221;{}&#8221;][et_pb_row _builder_version=&#8221;4.16&#8243; global_colors_info=&#8221;{}&#8221;][et_pb_column type=&#8221;4_4&#8243; _builder_version=&#8221;4.16&#8243; global_colors_info=&#8221;{}&#8221;][et_pb_team_member name=&#8221;Rebeca Artavia&#8221; position=&#8221;Partner at BDS Asesores&#8221; image_url=&#8221;https:\/\/www.bdsasesores.com\/wp-content\/uploads\/2025\/09\/Rebeca-Artavia-2025.jpg&#8221; linkedin_url=&#8221;https:\/\/www.linkedin.com\/in\/rebeca-artavia-villanueva-3a34a370\/&#8221; _builder_version=&#8221;4.27.4&#8243; hover_enabled=&#8221;0&#8243; global_colors_info=&#8221;{}&#8221; title_text=&#8221;Rebeca-Artavia-2025&#8243; sticky_enabled=&#8221;0&#8243;]<\/p>\n<p><a href=\"mailto:rartavia@bdsasesores.com\" title=\"Rebeca Artavia\">rartavia@bdsasesores.com<\/a><\/p>\n<p style=\"font-weight: 400;\">Law degree graduated with honors from Universidad Latina de Costa Rica. She obtained her bachelor&#8217;s degree with the academic graduation project titled <strong><em>\u201cL\u00edmite quinquenal del instituto de la conciliaci\u00f3n dentro del proceso penal y sus repercusiones en la victima\u201d<\/em><\/strong>. [Five-Year Limit of Conciliation within the Criminal Process and its Repercussions on the Victim].<\/p>\n<p style=\"font-weight: 400;\">In addition, Rebeca has extensive knowledge in mediation issues and has the proper certification issued by the Ministry of Justice and Peace and DINARAC that accredits her as a mediator.<\/p>\n<p style=\"font-weight: 400;\">She has been working for the firm since July 2013 in the litigation area and became a partner in 2021. As an expert in labor matters, Rebeca is frequently consulted by different media outlets in Costa Rica.<\/p>\n<p>[\/et_pb_team_member][\/et_pb_column][\/et_pb_row][\/et_pb_section]<\/p>\n","protected":false},"excerpt":{"rendered":"<p>rartavia@bdsasesores.com Law degree graduated with honors from Universidad Latina de Costa Rica. She obtained her bachelor&#8217;s degree with the academic graduation project titled \u201cL\u00edmite quinquenal del instituto de la conciliaci\u00f3n [&hellip;]<\/p>\n","protected":false},"author":1,"featured_media":0,"parent":48688,"menu_order":0,"comment_status":"closed","ping_status":"closed","template":"","meta":{"_et_pb_use_builder":"on","_et_pb_old_content":"","_et_gb_content_width":"","content-type":"","footnotes":""},"class_list":["post-49090","page","type-page","status-publish","hentry"],"yoast_head":"<!-- This site is optimized with the Yoast SEO plugin v27.2 - https:\/\/yoast.com\/product\/yoast-seo-wordpress\/ -->\n<title>Rebeca Artavia - BDS Asesores - BDS Asesores - Especialistas en Derecho Laboral con presencia en Centroam\u00e9rica, Panam\u00e1 y Rep\u00fablica Dominicana<\/title>\n<meta name=\"robots\" content=\"index, follow, max-snippet:-1, max-image-preview:large, max-video-preview:-1\" \/>\n<link rel=\"canonical\" href=\"https:\/\/www.bdsasesores.com\/equipo-abogados-laboral\/rebeca-artavia\/\" \/>\n<meta property=\"og:locale\" content=\"en_US\" \/>\n<meta property=\"og:type\" content=\"article\" \/>\n<meta property=\"og:title\" content=\"Rebeca Artavia - BDS Asesores - BDS Asesores - Especialistas en Derecho Laboral con presencia en Centroam\u00e9rica, Panam\u00e1 y Rep\u00fablica Dominicana\" \/>\n<meta property=\"og:description\" content=\"rartavia@bdsasesores.com Law degree graduated with honors from Universidad Latina de Costa Rica. She obtained her bachelor&#039;s degree with the academic graduation project titled \u201cL\u00edmite quinquenal del instituto de la conciliaci\u00f3n [&hellip;]\" \/>\n<meta property=\"og:url\" content=\"https:\/\/www.bdsasesores.com\/equipo-abogados-laboral\/rebeca-artavia\/\" \/>\n<meta property=\"og:site_name\" content=\"BDS Asesores - Especialistas en Derecho Laboral con presencia en Centroam\u00e9rica, Panam\u00e1 y Rep\u00fablica Dominicana\" \/>\n<meta property=\"article:modified_time\" content=\"2025-09-02T04:11:02+00:00\" \/>\n<meta property=\"og:image\" content=\"https:\/\/i0.wp.com\/www.bdsasesores.com\/wp-content\/uploads\/2021\/08\/icono-bds-azul.jpeg?fit=1280%2C1280&ssl=1\" \/>\n\t<meta property=\"og:image:width\" content=\"1280\" \/>\n\t<meta property=\"og:image:height\" content=\"1280\" \/>\n\t<meta property=\"og:image:type\" content=\"image\/jpeg\" \/>\n<meta name=\"twitter:card\" content=\"summary_large_image\" \/>\n<meta name=\"twitter:label1\" content=\"Est. reading time\" \/>\n\t<meta name=\"twitter:data1\" content=\"1 minute\" \/>\n<script type=\"application\/ld+json\" class=\"yoast-schema-graph\">{\"@context\":\"https:\/\/schema.org\",\"@graph\":[{\"@type\":\"WebPage\",\"@id\":\"https:\/\/www.bdsasesores.com\/equipo-abogados-laboral\/rebeca-artavia\/\",\"url\":\"https:\/\/www.bdsasesores.com\/equipo-abogados-laboral\/rebeca-artavia\/\",\"name\":\"Rebeca Artavia - BDS Asesores - BDS Asesores - Especialistas en Derecho Laboral con presencia en Centroam\u00e9rica, Panam\u00e1 y Rep\u00fablica Dominicana\",\"isPartOf\":{\"@id\":\"https:\/\/www.bdsasesores.com\/#website\"},\"datePublished\":\"2021-12-15T21:41:59+00:00\",\"dateModified\":\"2025-09-02T04:11:02+00:00\",\"breadcrumb\":{\"@id\":\"https:\/\/www.bdsasesores.com\/equipo-abogados-laboral\/rebeca-artavia\/#breadcrumb\"},\"inLanguage\":\"en-US\",\"potentialAction\":[{\"@type\":\"ReadAction\",\"target\":[\"https:\/\/www.bdsasesores.com\/equipo-abogados-laboral\/rebeca-artavia\/\"]}]},{\"@type\":\"BreadcrumbList\",\"@id\":\"https:\/\/www.bdsasesores.com\/equipo-abogados-laboral\/rebeca-artavia\/#breadcrumb\",\"itemListElement\":[{\"@type\":\"ListItem\",\"position\":1,\"name\":\"Portada\",\"item\":\"https:\/\/www.bdsasesores.com\/en\/\"},{\"@type\":\"ListItem\",\"position\":2,\"name\":\"Seven countries, one vision!\",\"item\":\"https:\/\/www.bdsasesores.com\/en\/team\/\"},{\"@type\":\"ListItem\",\"position\":3,\"name\":\"Rebeca Artavia &#8211; BDS Asesores\"}]},{\"@type\":\"WebSite\",\"@id\":\"https:\/\/www.bdsasesores.com\/#website\",\"url\":\"https:\/\/www.bdsasesores.com\/\",\"name\":\"BDS Asesores - Especialistas en Derecho Laboral con presencia en Centroam\u00e9rica, Panam\u00e1 y Rep\u00fablica Dominicana\",\"description\":\"Asesor\u00eda Laboral para empresas\",\"potentialAction\":[{\"@type\":\"SearchAction\",\"target\":{\"@type\":\"EntryPoint\",\"urlTemplate\":\"https:\/\/www.bdsasesores.com\/?s={search_term_string}\"},\"query-input\":{\"@type\":\"PropertyValueSpecification\",\"valueRequired\":true,\"valueName\":\"search_term_string\"}}],\"inLanguage\":\"en-US\"}]}<\/script>\n<!-- \/ Yoast SEO plugin. -->","yoast_head_json":{"title":"Rebeca Artavia - BDS Asesores - BDS Asesores - Especialistas en Derecho Laboral con presencia en Centroam\u00e9rica, Panam\u00e1 y Rep\u00fablica Dominicana","robots":{"index":"index","follow":"follow","max-snippet":"max-snippet:-1","max-image-preview":"max-image-preview:large","max-video-preview":"max-video-preview:-1"},"canonical":"https:\/\/www.bdsasesores.com\/equipo-abogados-laboral\/rebeca-artavia\/","og_locale":"en_US","og_type":"article","og_title":"Rebeca Artavia - BDS Asesores - BDS Asesores - Especialistas en Derecho Laboral con presencia en Centroam\u00e9rica, Panam\u00e1 y Rep\u00fablica Dominicana","og_description":"rartavia@bdsasesores.com Law degree graduated with honors from Universidad Latina de Costa Rica. She obtained her bachelor's degree with the academic graduation project titled \u201cL\u00edmite quinquenal del instituto de la conciliaci\u00f3n [&hellip;]","og_url":"https:\/\/www.bdsasesores.com\/equipo-abogados-laboral\/rebeca-artavia\/","og_site_name":"BDS Asesores - Especialistas en Derecho Laboral con presencia en Centroam\u00e9rica, Panam\u00e1 y Rep\u00fablica Dominicana","article_modified_time":"2025-09-02T04:11:02+00:00","og_image":[{"width":1280,"height":1280,"url":"https:\/\/i0.wp.com\/www.bdsasesores.com\/wp-content\/uploads\/2021\/08\/icono-bds-azul.jpeg?fit=1280%2C1280&ssl=1","type":"image\/jpeg"}],"twitter_card":"summary_large_image","twitter_misc":{"Est. reading time":"1 minute"},"schema":{"@context":"https:\/\/schema.org","@graph":[{"@type":"WebPage","@id":"https:\/\/www.bdsasesores.com\/equipo-abogados-laboral\/rebeca-artavia\/","url":"https:\/\/www.bdsasesores.com\/equipo-abogados-laboral\/rebeca-artavia\/","name":"Rebeca Artavia - BDS Asesores - BDS Asesores - Especialistas en Derecho Laboral con presencia en Centroam\u00e9rica, Panam\u00e1 y Rep\u00fablica Dominicana","isPartOf":{"@id":"https:\/\/www.bdsasesores.com\/#website"},"datePublished":"2021-12-15T21:41:59+00:00","dateModified":"2025-09-02T04:11:02+00:00","breadcrumb":{"@id":"https:\/\/www.bdsasesores.com\/equipo-abogados-laboral\/rebeca-artavia\/#breadcrumb"},"inLanguage":"en-US","potentialAction":[{"@type":"ReadAction","target":["https:\/\/www.bdsasesores.com\/equipo-abogados-laboral\/rebeca-artavia\/"]}]},{"@type":"BreadcrumbList","@id":"https:\/\/www.bdsasesores.com\/equipo-abogados-laboral\/rebeca-artavia\/#breadcrumb","itemListElement":[{"@type":"ListItem","position":1,"name":"Portada","item":"https:\/\/www.bdsasesores.com\/en\/"},{"@type":"ListItem","position":2,"name":"Seven countries, one vision!","item":"https:\/\/www.bdsasesores.com\/en\/team\/"},{"@type":"ListItem","position":3,"name":"Rebeca Artavia &#8211; BDS Asesores"}]},{"@type":"WebSite","@id":"https:\/\/www.bdsasesores.com\/#website","url":"https:\/\/www.bdsasesores.com\/","name":"BDS Asesores - Especialistas en Derecho Laboral con presencia en Centroam\u00e9rica, Panam\u00e1 y Rep\u00fablica Dominicana","description":"Asesor\u00eda Laboral para empresas","potentialAction":[{"@type":"SearchAction","target":{"@type":"EntryPoint","urlTemplate":"https:\/\/www.bdsasesores.com\/?s={search_term_string}"},"query-input":{"@type":"PropertyValueSpecification","valueRequired":true,"valueName":"search_term_string"}}],"inLanguage":"en-US"}]}},"jetpack_sharing_enabled":true,"_links":{"self":[{"href":"https:\/\/www.bdsasesores.com\/en\/wp-json\/wp\/v2\/pages\/49090","targetHints":{"allow":["GET"]}}],"collection":[{"href":"https:\/\/www.bdsasesores.com\/en\/wp-json\/wp\/v2\/pages"}],"about":[{"href":"https:\/\/www.bdsasesores.com\/en\/wp-json\/wp\/v2\/types\/page"}],"author":[{"embeddable":true,"href":"https:\/\/www.bdsasesores.com\/en\/wp-json\/wp\/v2\/users\/1"}],"replies":[{"embeddable":true,"href":"https:\/\/www.bdsasesores.com\/en\/wp-json\/wp\/v2\/comments?post=49090"}],"version-history":[{"count":13,"href":"https:\/\/www.bdsasesores.com\/en\/wp-json\/wp\/v2\/pages\/49090\/revisions"}],"predecessor-version":[{"id":987486779,"href":"https:\/\/www.bdsasesores.com\/en\/wp-json\/wp\/v2\/pages\/49090\/revisions\/987486779"}],"up":[{"embeddable":true,"href":"https:\/\/www.bdsasesores.com\/en\/wp-json\/wp\/v2\/pages\/48688"}],"wp:attachment":[{"href":"https:\/\/www.bdsasesores.com\/en\/wp-json\/wp\/v2\/media?parent=49090"}],"curies":[{"name":"wp","href":"https:\/\/api.w.org\/{rel}","templated":true}]}}