{"id":50118,"date":"2022-06-28T16:00:28","date_gmt":"2022-06-28T22:00:28","guid":{"rendered":"https:\/\/www.bdsasesores.com\/politica-de-privacidad\/"},"modified":"2022-06-28T16:12:17","modified_gmt":"2022-06-28T22:12:17","slug":"politica-de-privacidad","status":"publish","type":"page","link":"https:\/\/www.bdsasesores.com\/en\/politica-de-privacidad\/","title":{"rendered":"Pol\u00edtica de privacidad"},"content":{"rendered":"<p>[et_pb_section fb_built=&#8221;1&#8243; admin_label=&#8221;section&#8221; _builder_version=&#8221;4.16&#8243; global_colors_info=&#8221;{}&#8221;][et_pb_row admin_label=&#8221;row&#8221; _builder_version=&#8221;4.16&#8243; background_size=&#8221;initial&#8221; background_position=&#8221;top_left&#8221; background_repeat=&#8221;repeat&#8221; global_colors_info=&#8221;{}&#8221;][et_pb_column type=&#8221;4_4&#8243; _builder_version=&#8221;4.16&#8243; custom_padding=&#8221;|||&#8221; global_colors_info=&#8221;{}&#8221; custom_padding__hover=&#8221;|||&#8221;][et_pb_text admin_label=&#8221;Text&#8221; _builder_version=&#8221;4.17.4&#8243; background_size=&#8221;initial&#8221; background_position=&#8221;top_left&#8221; background_repeat=&#8221;repeat&#8221; hover_enabled=&#8221;0&#8243; global_colors_info=&#8221;{}&#8221; sticky_enabled=&#8221;0&#8243;]<\/p>\n<h1 style=\"text-align: center;\">Privacy Policy &#8211; BDS Asesores<\/h1>\n<h3>Privacy Policy<\/h3>\n<p>This policy is monitored and maintained by: Marco Arias, partner at BDS Asesores.<\/p>\n<h3>About Us<\/h3>\n<p>We are BDS Asesores Jur\u00eddicos, a regional law firm devoted to bolster companies. For further information, please contact <a href=\"https:\/\/www.bdsasesores.com\/en\/contact\/\">our team of legal professionals<\/a>.<\/p>\n<h3>What personal data we are collecting from you and why<\/h3>\n<p>When visiting our website, we may collect and process some information through any of the following means:<\/p>\n<ol>\n<li>When you enter your information in the \u201cContact us\u201d form.<\/li>\n<li>When you contact us via email, messages, phone or otherwise.<\/li>\n<li>Through your web browser, cookies or a similar software.<\/li>\n<\/ol>\n<h3><\/h3>\n<h3>Use of information<\/h3>\n<p>All personal information we collect from you is used to provide our services or for any legitimate interests of our firm. Entering your personal information is not necessary to access or use most part of our website; however, our firm might request certain identification information from you in order to access special or restricted-content modules, services or applications.<\/p>\n<p>Generally, the reason to collect such information is based on our legitimate interests and we will never put our interests before those of our clients or their rights. Our interest is to process your information in the most professional way and aimed at providing the best possible service.<\/p>\n<h3>&#8220;Cookies&#8221;<\/h3>\n<p>\u201cCookies\u201d are small text files installed in your Internet browser, which contains a large amount of data created when a person navigates through our website. Other tracking technologies, such as \u201cweb beacons,\u201d pixels or \u201cgifs\u201d work similarly to \u201ccookies.\u201d<\/p>\n<p>Like with most websites, our firm uses the \u201ccookies\u201d we collect to capture certain information regarding the use of your sites:<\/p>\n<p>Our firm uses analytics cookies to understand how our clients use our website. These \u201ccookies\u201d measure the number of visitors and tell our firm how they use our website.<\/p>\n<p>When our clients use our website to reproduce video content at the site, such as Vimeo.com and YouTube, analytics cookies are established to measure the performance of said video files.<\/p>\n<p>The firm provides tools to share content (Facebook, Twitter, etc.). Where used, the tools to share content from said sites will establish a number of \u201ccookies\u201d under the terms of their own platforms.<\/p>\n<h3>Third-Party Cookies:<\/h3>\n<ul>\n<li>Google<\/li>\n<li>Facebook<\/li>\n<li>LinkedIn<\/li>\n<li>Twitter<\/li>\n<li>Hubspot<\/li>\n<\/ul>\n<p>Our firm reviews our privacy terms on a regular basis and reserves the right to perform any necessary changes to process this information in an appropriate manner and consistent with the applicable laws.<\/p>\n<h3>Who may access or receive your personal data<\/h3>\n<p>Generally, only our employees will receive any personal data provided during your visit to our website. In specific circumstances, we might be required to provide third parties with information stored by us, including regulatory agencies or law enforcement authorities. In these cases, we will share this information in accordance with the applicable laws and where strictly necessary.<\/p>\n<p>Our firm does not keep or store any information with the intention to transfer your personal data to third parties other than our firm.<\/p>\n<p>[\/et_pb_text][\/et_pb_column][\/et_pb_row][\/et_pb_section]<\/p>\n","protected":false},"excerpt":{"rendered":"<p>Privacy Policy &#8211; BDS Asesores Privacy Policy This policy is monitored and maintained by: Marco Arias, partner at BDS Asesores. About Us We are BDS Asesores Jur\u00eddicos, a regional law [&hellip;]<\/p>\n","protected":false},"author":1,"featured_media":0,"parent":0,"menu_order":0,"comment_status":"closed","ping_status":"closed","template":"","meta":{"_et_pb_use_builder":"on","_et_pb_old_content":"","_et_gb_content_width":"","content-type":"","footnotes":""},"class_list":["post-50118","page","type-page","status-publish","hentry"],"yoast_head":"<!-- This site is optimized with the Yoast SEO plugin v27.2 - https:\/\/yoast.com\/product\/yoast-seo-wordpress\/ -->\n<title>Pol\u00edtica de privacidad - BDS Asesores - Especialistas en Derecho Laboral con presencia en Centroam\u00e9rica, Panam\u00e1 y Rep\u00fablica Dominicana<\/title>\n<meta name=\"robots\" content=\"index, follow, max-snippet:-1, max-image-preview:large, max-video-preview:-1\" \/>\n<link rel=\"canonical\" href=\"https:\/\/www.bdsasesores.com\/en\/politica-de-privacidad\/\" \/>\n<meta property=\"og:locale\" content=\"en_US\" \/>\n<meta property=\"og:type\" content=\"article\" \/>\n<meta property=\"og:title\" content=\"Pol\u00edtica de privacidad - BDS Asesores - Especialistas en Derecho Laboral con presencia en Centroam\u00e9rica, Panam\u00e1 y Rep\u00fablica Dominicana\" \/>\n<meta property=\"og:description\" content=\"Privacy Policy - BDS Asesores Privacy Policy This policy is monitored and maintained by: Marco Arias, partner at BDS Asesores. About Us We are BDS Asesores Jur\u00eddicos, a regional law [&hellip;]\" \/>\n<meta property=\"og:url\" content=\"https:\/\/www.bdsasesores.com\/en\/politica-de-privacidad\/\" \/>\n<meta property=\"og:site_name\" content=\"BDS Asesores - Especialistas en Derecho Laboral con presencia en Centroam\u00e9rica, Panam\u00e1 y Rep\u00fablica Dominicana\" \/>\n<meta property=\"article:modified_time\" content=\"2022-06-28T22:12:17+00:00\" \/>\n<meta property=\"og:image\" content=\"https:\/\/i0.wp.com\/www.bdsasesores.com\/wp-content\/uploads\/2021\/08\/icono-bds-azul.jpeg?fit=1280%2C1280&ssl=1\" \/>\n\t<meta property=\"og:image:width\" content=\"1280\" \/>\n\t<meta property=\"og:image:height\" content=\"1280\" \/>\n\t<meta property=\"og:image:type\" content=\"image\/jpeg\" \/>\n<meta name=\"twitter:card\" content=\"summary_large_image\" \/>\n<meta name=\"twitter:label1\" content=\"Est. reading time\" \/>\n\t<meta name=\"twitter:data1\" content=\"3 minutes\" \/>\n<script type=\"application\/ld+json\" class=\"yoast-schema-graph\">{\"@context\":\"https:\/\/schema.org\",\"@graph\":[{\"@type\":\"WebPage\",\"@id\":\"https:\/\/www.bdsasesores.com\/en\/politica-de-privacidad\/\",\"url\":\"https:\/\/www.bdsasesores.com\/en\/politica-de-privacidad\/\",\"name\":\"Pol\u00edtica de privacidad - BDS Asesores - Especialistas en Derecho Laboral con presencia en Centroam\u00e9rica, Panam\u00e1 y Rep\u00fablica Dominicana\",\"isPartOf\":{\"@id\":\"https:\/\/www.bdsasesores.com\/#website\"},\"datePublished\":\"2022-06-28T22:00:28+00:00\",\"dateModified\":\"2022-06-28T22:12:17+00:00\",\"breadcrumb\":{\"@id\":\"https:\/\/www.bdsasesores.com\/en\/politica-de-privacidad\/#breadcrumb\"},\"inLanguage\":\"en-US\",\"potentialAction\":[{\"@type\":\"ReadAction\",\"target\":[\"https:\/\/www.bdsasesores.com\/en\/politica-de-privacidad\/\"]}]},{\"@type\":\"BreadcrumbList\",\"@id\":\"https:\/\/www.bdsasesores.com\/en\/politica-de-privacidad\/#breadcrumb\",\"itemListElement\":[{\"@type\":\"ListItem\",\"position\":1,\"name\":\"Portada\",\"item\":\"https:\/\/www.bdsasesores.com\/en\/\"},{\"@type\":\"ListItem\",\"position\":2,\"name\":\"Pol\u00edtica de privacidad\"}]},{\"@type\":\"WebSite\",\"@id\":\"https:\/\/www.bdsasesores.com\/#website\",\"url\":\"https:\/\/www.bdsasesores.com\/\",\"name\":\"BDS Asesores - Especialistas en Derecho Laboral con presencia en Centroam\u00e9rica, Panam\u00e1 y Rep\u00fablica Dominicana\",\"description\":\"Asesor\u00eda Laboral para empresas\",\"potentialAction\":[{\"@type\":\"SearchAction\",\"target\":{\"@type\":\"EntryPoint\",\"urlTemplate\":\"https:\/\/www.bdsasesores.com\/?s={search_term_string}\"},\"query-input\":{\"@type\":\"PropertyValueSpecification\",\"valueRequired\":true,\"valueName\":\"search_term_string\"}}],\"inLanguage\":\"en-US\"}]}<\/script>\n<!-- \/ Yoast SEO plugin. -->","yoast_head_json":{"title":"Pol\u00edtica de privacidad - BDS Asesores - Especialistas en Derecho Laboral con presencia en Centroam\u00e9rica, Panam\u00e1 y Rep\u00fablica Dominicana","robots":{"index":"index","follow":"follow","max-snippet":"max-snippet:-1","max-image-preview":"max-image-preview:large","max-video-preview":"max-video-preview:-1"},"canonical":"https:\/\/www.bdsasesores.com\/en\/politica-de-privacidad\/","og_locale":"en_US","og_type":"article","og_title":"Pol\u00edtica de privacidad - BDS Asesores - Especialistas en Derecho Laboral con presencia en Centroam\u00e9rica, Panam\u00e1 y Rep\u00fablica Dominicana","og_description":"Privacy Policy - BDS Asesores Privacy Policy This policy is monitored and maintained by: Marco Arias, partner at BDS Asesores. About Us We are BDS Asesores Jur\u00eddicos, a regional law [&hellip;]","og_url":"https:\/\/www.bdsasesores.com\/en\/politica-de-privacidad\/","og_site_name":"BDS Asesores - Especialistas en Derecho Laboral con presencia en Centroam\u00e9rica, Panam\u00e1 y Rep\u00fablica Dominicana","article_modified_time":"2022-06-28T22:12:17+00:00","og_image":[{"width":1280,"height":1280,"url":"https:\/\/i0.wp.com\/www.bdsasesores.com\/wp-content\/uploads\/2021\/08\/icono-bds-azul.jpeg?fit=1280%2C1280&ssl=1","type":"image\/jpeg"}],"twitter_card":"summary_large_image","twitter_misc":{"Est. reading time":"3 minutes"},"schema":{"@context":"https:\/\/schema.org","@graph":[{"@type":"WebPage","@id":"https:\/\/www.bdsasesores.com\/en\/politica-de-privacidad\/","url":"https:\/\/www.bdsasesores.com\/en\/politica-de-privacidad\/","name":"Pol\u00edtica de privacidad - BDS Asesores - Especialistas en Derecho Laboral con presencia en Centroam\u00e9rica, Panam\u00e1 y Rep\u00fablica Dominicana","isPartOf":{"@id":"https:\/\/www.bdsasesores.com\/#website"},"datePublished":"2022-06-28T22:00:28+00:00","dateModified":"2022-06-28T22:12:17+00:00","breadcrumb":{"@id":"https:\/\/www.bdsasesores.com\/en\/politica-de-privacidad\/#breadcrumb"},"inLanguage":"en-US","potentialAction":[{"@type":"ReadAction","target":["https:\/\/www.bdsasesores.com\/en\/politica-de-privacidad\/"]}]},{"@type":"BreadcrumbList","@id":"https:\/\/www.bdsasesores.com\/en\/politica-de-privacidad\/#breadcrumb","itemListElement":[{"@type":"ListItem","position":1,"name":"Portada","item":"https:\/\/www.bdsasesores.com\/en\/"},{"@type":"ListItem","position":2,"name":"Pol\u00edtica de privacidad"}]},{"@type":"WebSite","@id":"https:\/\/www.bdsasesores.com\/#website","url":"https:\/\/www.bdsasesores.com\/","name":"BDS Asesores - Especialistas en Derecho Laboral con presencia en Centroam\u00e9rica, Panam\u00e1 y Rep\u00fablica Dominicana","description":"Asesor\u00eda Laboral para empresas","potentialAction":[{"@type":"SearchAction","target":{"@type":"EntryPoint","urlTemplate":"https:\/\/www.bdsasesores.com\/?s={search_term_string}"},"query-input":{"@type":"PropertyValueSpecification","valueRequired":true,"valueName":"search_term_string"}}],"inLanguage":"en-US"}]}},"jetpack_sharing_enabled":true,"_links":{"self":[{"href":"https:\/\/www.bdsasesores.com\/en\/wp-json\/wp\/v2\/pages\/50118","targetHints":{"allow":["GET"]}}],"collection":[{"href":"https:\/\/www.bdsasesores.com\/en\/wp-json\/wp\/v2\/pages"}],"about":[{"href":"https:\/\/www.bdsasesores.com\/en\/wp-json\/wp\/v2\/types\/page"}],"author":[{"embeddable":true,"href":"https:\/\/www.bdsasesores.com\/en\/wp-json\/wp\/v2\/users\/1"}],"replies":[{"embeddable":true,"href":"https:\/\/www.bdsasesores.com\/en\/wp-json\/wp\/v2\/comments?post=50118"}],"version-history":[{"count":4,"href":"https:\/\/www.bdsasesores.com\/en\/wp-json\/wp\/v2\/pages\/50118\/revisions"}],"predecessor-version":[{"id":50123,"href":"https:\/\/www.bdsasesores.com\/en\/wp-json\/wp\/v2\/pages\/50118\/revisions\/50123"}],"wp:attachment":[{"href":"https:\/\/www.bdsasesores.com\/en\/wp-json\/wp\/v2\/media?parent=50118"}],"curies":[{"name":"wp","href":"https:\/\/api.w.org\/{rel}","templated":true}]}}