{"id":50384,"date":"2022-08-04T17:39:58","date_gmt":"2022-08-04T23:39:58","guid":{"rendered":"https:\/\/www.bdsasesores.com\/team\/maria-jose-gonzalez\/"},"modified":"2023-07-05T12:17:37","modified_gmt":"2023-07-05T18:17:37","slug":"maria-jose-gonzalez","status":"publish","type":"page","link":"https:\/\/www.bdsasesores.com\/en\/team\/maria-jose-gonzalez\/","title":{"rendered":"Mar\u00eda Jos\u00e9 Gonz\u00e1lez"},"content":{"rendered":"<p>[et_pb_section fb_built=&#8221;1&#8243; _builder_version=&#8221;4.16&#8243; global_colors_info=&#8221;{}&#8221;][et_pb_row _builder_version=&#8221;4.16&#8243; global_colors_info=&#8221;{}&#8221;][et_pb_column type=&#8221;4_4&#8243; _builder_version=&#8221;4.16&#8243; global_colors_info=&#8221;{}&#8221;][et_pb_team_member name=&#8221;Mar\u00eda Jos\u00e9 Gonz\u00e1lez&#8221; position=&#8221;Legal Assistant &#8211; Costa Rica&#8221; image_url=&#8221;https:\/\/www.bdsasesores.com\/wp-content\/uploads\/2023\/07\/MariaJoseGonzalez-2023.jpg&#8221; _builder_version=&#8221;4.21.0&#8243; hover_enabled=&#8221;0&#8243; global_colors_info=&#8221;{}&#8221; title_text=&#8221;MariaJoseGonzalez-2023&#8243; sticky_enabled=&#8221;0&#8243;]<\/p>\n<p><a href=\"mailto:mjgonzalez@bdsasesores.com\">mjgonzalez@bdsasesores.com<\/a><\/p>\n<p>Mar\u00eda Jos\u00e9 holds a Bachelor\u2019s Degree in Law from Universidad de Costa Rica, and is in process of completing her final thesis focused on labor topics.<\/p>\n<p>She has worked in Immigration Law matters for over 3 years.<\/p>\n<p>Mar\u00eda Jos\u00e9 has been working for our firm since 2020 and is currently part of our Private Labor Advisory department.<\/p>\n<p>[\/et_pb_team_member][\/et_pb_column][\/et_pb_row][\/et_pb_section]<\/p>\n","protected":false},"excerpt":{"rendered":"<p>mjgonzalez@bdsasesores.com Mar\u00eda Jos\u00e9 holds a Bachelor\u2019s Degree in Law from Universidad de Costa Rica, and is in process of completing her final thesis focused on labor topics. She has worked [&hellip;]<\/p>\n","protected":false},"author":1,"featured_media":0,"parent":48688,"menu_order":0,"comment_status":"closed","ping_status":"closed","template":"","meta":{"_et_pb_use_builder":"on","_et_pb_old_content":"","_et_gb_content_width":"","content-type":"","footnotes":""},"class_list":["post-50384","page","type-page","status-publish","hentry"],"yoast_head":"<!-- This site is optimized with the Yoast SEO plugin v27.2 - https:\/\/yoast.com\/product\/yoast-seo-wordpress\/ -->\n<title>Mar\u00eda Jos\u00e9 Gonz\u00e1lez - BDS Asesores - Especialistas en Derecho Laboral con presencia en Centroam\u00e9rica, Panam\u00e1 y Rep\u00fablica Dominicana<\/title>\n<meta name=\"robots\" content=\"index, follow, max-snippet:-1, max-image-preview:large, max-video-preview:-1\" \/>\n<link rel=\"canonical\" href=\"https:\/\/www.bdsasesores.com\/equipo-abogados-laboral\/maria-jose-gonzalez\/\" \/>\n<meta property=\"og:locale\" content=\"en_US\" \/>\n<meta property=\"og:type\" content=\"article\" \/>\n<meta property=\"og:title\" content=\"Mar\u00eda Jos\u00e9 Gonz\u00e1lez - BDS Asesores - Especialistas en Derecho Laboral con presencia en Centroam\u00e9rica, Panam\u00e1 y Rep\u00fablica Dominicana\" \/>\n<meta property=\"og:description\" content=\"mjgonzalez@bdsasesores.com Mar\u00eda Jos\u00e9 holds a Bachelor\u2019s Degree in Law from Universidad de Costa Rica, and is in process of completing her final thesis focused on labor topics. She has worked [&hellip;]\" \/>\n<meta property=\"og:url\" content=\"https:\/\/www.bdsasesores.com\/equipo-abogados-laboral\/maria-jose-gonzalez\/\" \/>\n<meta property=\"og:site_name\" content=\"BDS Asesores - Especialistas en Derecho Laboral con presencia en Centroam\u00e9rica, Panam\u00e1 y Rep\u00fablica Dominicana\" \/>\n<meta property=\"article:modified_time\" content=\"2023-07-05T18:17:37+00:00\" \/>\n<meta property=\"og:image\" content=\"https:\/\/i0.wp.com\/www.bdsasesores.com\/wp-content\/uploads\/2021\/08\/icono-bds-azul.jpeg?fit=1280%2C1280&ssl=1\" \/>\n\t<meta property=\"og:image:width\" content=\"1280\" \/>\n\t<meta property=\"og:image:height\" content=\"1280\" \/>\n\t<meta property=\"og:image:type\" content=\"image\/jpeg\" \/>\n<meta name=\"twitter:card\" content=\"summary_large_image\" \/>\n<meta name=\"twitter:label1\" content=\"Est. reading time\" \/>\n\t<meta name=\"twitter:data1\" content=\"1 minute\" \/>\n<script type=\"application\/ld+json\" class=\"yoast-schema-graph\">{\"@context\":\"https:\/\/schema.org\",\"@graph\":[{\"@type\":\"WebPage\",\"@id\":\"https:\/\/www.bdsasesores.com\/equipo-abogados-laboral\/maria-jose-gonzalez\/\",\"url\":\"https:\/\/www.bdsasesores.com\/equipo-abogados-laboral\/maria-jose-gonzalez\/\",\"name\":\"Mar\u00eda Jos\u00e9 Gonz\u00e1lez - BDS Asesores - Especialistas en Derecho Laboral con presencia en Centroam\u00e9rica, Panam\u00e1 y Rep\u00fablica Dominicana\",\"isPartOf\":{\"@id\":\"https:\/\/www.bdsasesores.com\/#website\"},\"datePublished\":\"2022-08-04T23:39:58+00:00\",\"dateModified\":\"2023-07-05T18:17:37+00:00\",\"breadcrumb\":{\"@id\":\"https:\/\/www.bdsasesores.com\/equipo-abogados-laboral\/maria-jose-gonzalez\/#breadcrumb\"},\"inLanguage\":\"en-US\",\"potentialAction\":[{\"@type\":\"ReadAction\",\"target\":[\"https:\/\/www.bdsasesores.com\/equipo-abogados-laboral\/maria-jose-gonzalez\/\"]}]},{\"@type\":\"BreadcrumbList\",\"@id\":\"https:\/\/www.bdsasesores.com\/equipo-abogados-laboral\/maria-jose-gonzalez\/#breadcrumb\",\"itemListElement\":[{\"@type\":\"ListItem\",\"position\":1,\"name\":\"Portada\",\"item\":\"https:\/\/www.bdsasesores.com\/en\/\"},{\"@type\":\"ListItem\",\"position\":2,\"name\":\"Seven countries, one vision!\",\"item\":\"https:\/\/www.bdsasesores.com\/en\/team\/\"},{\"@type\":\"ListItem\",\"position\":3,\"name\":\"Mar\u00eda Jos\u00e9 Gonz\u00e1lez\"}]},{\"@type\":\"WebSite\",\"@id\":\"https:\/\/www.bdsasesores.com\/#website\",\"url\":\"https:\/\/www.bdsasesores.com\/\",\"name\":\"BDS Asesores - Especialistas en Derecho Laboral con presencia en Centroam\u00e9rica, Panam\u00e1 y Rep\u00fablica Dominicana\",\"description\":\"Asesor\u00eda Laboral para empresas\",\"potentialAction\":[{\"@type\":\"SearchAction\",\"target\":{\"@type\":\"EntryPoint\",\"urlTemplate\":\"https:\/\/www.bdsasesores.com\/?s={search_term_string}\"},\"query-input\":{\"@type\":\"PropertyValueSpecification\",\"valueRequired\":true,\"valueName\":\"search_term_string\"}}],\"inLanguage\":\"en-US\"}]}<\/script>\n<!-- \/ Yoast SEO plugin. -->","yoast_head_json":{"title":"Mar\u00eda Jos\u00e9 Gonz\u00e1lez - BDS Asesores - Especialistas en Derecho Laboral con presencia en Centroam\u00e9rica, Panam\u00e1 y Rep\u00fablica Dominicana","robots":{"index":"index","follow":"follow","max-snippet":"max-snippet:-1","max-image-preview":"max-image-preview:large","max-video-preview":"max-video-preview:-1"},"canonical":"https:\/\/www.bdsasesores.com\/equipo-abogados-laboral\/maria-jose-gonzalez\/","og_locale":"en_US","og_type":"article","og_title":"Mar\u00eda Jos\u00e9 Gonz\u00e1lez - BDS Asesores - Especialistas en Derecho Laboral con presencia en Centroam\u00e9rica, Panam\u00e1 y Rep\u00fablica Dominicana","og_description":"mjgonzalez@bdsasesores.com Mar\u00eda Jos\u00e9 holds a Bachelor\u2019s Degree in Law from Universidad de Costa Rica, and is in process of completing her final thesis focused on labor topics. She has worked [&hellip;]","og_url":"https:\/\/www.bdsasesores.com\/equipo-abogados-laboral\/maria-jose-gonzalez\/","og_site_name":"BDS Asesores - Especialistas en Derecho Laboral con presencia en Centroam\u00e9rica, Panam\u00e1 y Rep\u00fablica Dominicana","article_modified_time":"2023-07-05T18:17:37+00:00","og_image":[{"width":1280,"height":1280,"url":"https:\/\/i0.wp.com\/www.bdsasesores.com\/wp-content\/uploads\/2021\/08\/icono-bds-azul.jpeg?fit=1280%2C1280&ssl=1","type":"image\/jpeg"}],"twitter_card":"summary_large_image","twitter_misc":{"Est. reading time":"1 minute"},"schema":{"@context":"https:\/\/schema.org","@graph":[{"@type":"WebPage","@id":"https:\/\/www.bdsasesores.com\/equipo-abogados-laboral\/maria-jose-gonzalez\/","url":"https:\/\/www.bdsasesores.com\/equipo-abogados-laboral\/maria-jose-gonzalez\/","name":"Mar\u00eda Jos\u00e9 Gonz\u00e1lez - BDS Asesores - Especialistas en Derecho Laboral con presencia en Centroam\u00e9rica, Panam\u00e1 y Rep\u00fablica Dominicana","isPartOf":{"@id":"https:\/\/www.bdsasesores.com\/#website"},"datePublished":"2022-08-04T23:39:58+00:00","dateModified":"2023-07-05T18:17:37+00:00","breadcrumb":{"@id":"https:\/\/www.bdsasesores.com\/equipo-abogados-laboral\/maria-jose-gonzalez\/#breadcrumb"},"inLanguage":"en-US","potentialAction":[{"@type":"ReadAction","target":["https:\/\/www.bdsasesores.com\/equipo-abogados-laboral\/maria-jose-gonzalez\/"]}]},{"@type":"BreadcrumbList","@id":"https:\/\/www.bdsasesores.com\/equipo-abogados-laboral\/maria-jose-gonzalez\/#breadcrumb","itemListElement":[{"@type":"ListItem","position":1,"name":"Portada","item":"https:\/\/www.bdsasesores.com\/en\/"},{"@type":"ListItem","position":2,"name":"Seven countries, one vision!","item":"https:\/\/www.bdsasesores.com\/en\/team\/"},{"@type":"ListItem","position":3,"name":"Mar\u00eda Jos\u00e9 Gonz\u00e1lez"}]},{"@type":"WebSite","@id":"https:\/\/www.bdsasesores.com\/#website","url":"https:\/\/www.bdsasesores.com\/","name":"BDS Asesores - Especialistas en Derecho Laboral con presencia en Centroam\u00e9rica, Panam\u00e1 y Rep\u00fablica Dominicana","description":"Asesor\u00eda Laboral para empresas","potentialAction":[{"@type":"SearchAction","target":{"@type":"EntryPoint","urlTemplate":"https:\/\/www.bdsasesores.com\/?s={search_term_string}"},"query-input":{"@type":"PropertyValueSpecification","valueRequired":true,"valueName":"search_term_string"}}],"inLanguage":"en-US"}]}},"jetpack_sharing_enabled":true,"_links":{"self":[{"href":"https:\/\/www.bdsasesores.com\/en\/wp-json\/wp\/v2\/pages\/50384","targetHints":{"allow":["GET"]}}],"collection":[{"href":"https:\/\/www.bdsasesores.com\/en\/wp-json\/wp\/v2\/pages"}],"about":[{"href":"https:\/\/www.bdsasesores.com\/en\/wp-json\/wp\/v2\/types\/page"}],"author":[{"embeddable":true,"href":"https:\/\/www.bdsasesores.com\/en\/wp-json\/wp\/v2\/users\/1"}],"replies":[{"embeddable":true,"href":"https:\/\/www.bdsasesores.com\/en\/wp-json\/wp\/v2\/comments?post=50384"}],"version-history":[{"count":4,"href":"https:\/\/www.bdsasesores.com\/en\/wp-json\/wp\/v2\/pages\/50384\/revisions"}],"predecessor-version":[{"id":52934,"href":"https:\/\/www.bdsasesores.com\/en\/wp-json\/wp\/v2\/pages\/50384\/revisions\/52934"}],"up":[{"embeddable":true,"href":"https:\/\/www.bdsasesores.com\/en\/wp-json\/wp\/v2\/pages\/48688"}],"wp:attachment":[{"href":"https:\/\/www.bdsasesores.com\/en\/wp-json\/wp\/v2\/media?parent=50384"}],"curies":[{"name":"wp","href":"https:\/\/api.w.org\/{rel}","templated":true}]}}