{"id":51739,"date":"2022-12-16T14:56:21","date_gmt":"2022-12-16T20:56:21","guid":{"rendered":"https:\/\/www.bdsasesores.com\/team\/marco-segura-bds-asesores\/"},"modified":"2022-12-16T15:12:04","modified_gmt":"2022-12-16T21:12:04","slug":"marco-segura","status":"publish","type":"page","link":"https:\/\/www.bdsasesores.com\/en\/team\/marco-segura\/","title":{"rendered":"Marco Segura &#8211; BDS Asesores"},"content":{"rendered":"<p>[et_pb_section fb_built=&#8221;1&#8243; _builder_version=&#8221;4.16&#8243; global_colors_info=&#8221;{}&#8221;][et_pb_row _builder_version=&#8221;4.16&#8243; global_colors_info=&#8221;{}&#8221;][et_pb_column type=&#8221;4_4&#8243; _builder_version=&#8221;4.16&#8243; global_colors_info=&#8221;{}&#8221;][et_pb_team_member name=&#8221;Marco Segura&#8221; position=&#8221;Associate &#8211; Costa Rica&#8221; image_url=&#8221;https:\/\/www.bdsasesores.com\/wp-content\/uploads\/2022\/10\/Marco-Segura.jpg&#8221; _builder_version=&#8221;4.17.4&#8243; hover_enabled=&#8221;0&#8243; global_colors_info=&#8221;{}&#8221; sticky_enabled=&#8221;0&#8243;]<\/p>\n<p><a href=\"mailto:msegura@bdsasesores.com\">msegura@bdsasesores.com<\/a><\/p>\n<p>&nbsp;<\/p>\n<p>Marco has a Law Degree from Universidad Escuela Libre de Derecho, with Specialization in Notary and Registration Law from that same university.<\/p>\n<p>He worked as legal clerk in labor, immigration, and notary matters until he was admitted to the Costa Rican Bar Association back in December 2020, when he started practicing law in these and other areas on a freelance basis.<\/p>\n<p>Marco has collaborated with different digital media outlets, including <em>El Observador<\/em> and <em>Mercados y Tendencias<\/em>, as well as with <em>La Naci\u00f3n <\/em>newspaper<em>,<\/em> by penning articles on immigration law with emphasis on labor matters.<\/p>\n<p>He has been working as lawyer for the Immigration Law Department of our firm since February 2022.<\/p>\n<p>[\/et_pb_team_member][\/et_pb_column][\/et_pb_row][\/et_pb_section]<\/p>\n","protected":false},"excerpt":{"rendered":"<p>msegura@bdsasesores.com &nbsp; Marco has a Law Degree from Universidad Escuela Libre de Derecho, with Specialization in Notary and Registration Law from that same university. He worked as legal clerk in [&hellip;]<\/p>\n","protected":false},"author":14084,"featured_media":0,"parent":48688,"menu_order":0,"comment_status":"closed","ping_status":"closed","template":"","meta":{"_et_pb_use_builder":"on","_et_pb_old_content":"","_et_gb_content_width":"","content-type":"","footnotes":""},"class_list":["post-51739","page","type-page","status-publish","hentry"],"yoast_head":"<!-- This site is optimized with the Yoast SEO plugin v27.2 - https:\/\/yoast.com\/product\/yoast-seo-wordpress\/ -->\n<title>Marco Segura - BDS Asesores - BDS Asesores - Especialistas en Derecho Laboral con presencia en Centroam\u00e9rica, Panam\u00e1 y Rep\u00fablica Dominicana<\/title>\n<meta name=\"robots\" content=\"index, follow, max-snippet:-1, max-image-preview:large, max-video-preview:-1\" \/>\n<link rel=\"canonical\" href=\"https:\/\/www.bdsasesores.com\/en\/team\/marco-segura\/\" \/>\n<meta property=\"og:locale\" content=\"en_US\" \/>\n<meta property=\"og:type\" content=\"article\" \/>\n<meta property=\"og:title\" content=\"Marco Segura - BDS Asesores - BDS Asesores - Especialistas en Derecho Laboral con presencia en Centroam\u00e9rica, Panam\u00e1 y Rep\u00fablica Dominicana\" \/>\n<meta property=\"og:description\" content=\"msegura@bdsasesores.com &nbsp; Marco has a Law Degree from Universidad Escuela Libre de Derecho, with Specialization in Notary and Registration Law from that same university. He worked as legal clerk in [&hellip;]\" \/>\n<meta property=\"og:url\" content=\"https:\/\/www.bdsasesores.com\/en\/team\/marco-segura\/\" \/>\n<meta property=\"og:site_name\" content=\"BDS Asesores - Especialistas en Derecho Laboral con presencia en Centroam\u00e9rica, Panam\u00e1 y Rep\u00fablica Dominicana\" \/>\n<meta property=\"article:modified_time\" content=\"2022-12-16T21:12:04+00:00\" \/>\n<meta property=\"og:image\" content=\"https:\/\/i0.wp.com\/www.bdsasesores.com\/wp-content\/uploads\/2021\/08\/icono-bds-azul.jpeg?fit=1280%2C1280&ssl=1\" \/>\n\t<meta property=\"og:image:width\" content=\"1280\" \/>\n\t<meta property=\"og:image:height\" content=\"1280\" \/>\n\t<meta property=\"og:image:type\" content=\"image\/jpeg\" \/>\n<meta name=\"twitter:card\" content=\"summary_large_image\" \/>\n<meta name=\"twitter:label1\" content=\"Est. reading time\" \/>\n\t<meta name=\"twitter:data1\" content=\"1 minute\" \/>\n<script type=\"application\/ld+json\" class=\"yoast-schema-graph\">{\"@context\":\"https:\/\/schema.org\",\"@graph\":[{\"@type\":\"WebPage\",\"@id\":\"https:\/\/www.bdsasesores.com\/en\/team\/marco-segura\/\",\"url\":\"https:\/\/www.bdsasesores.com\/en\/team\/marco-segura\/\",\"name\":\"Marco Segura - BDS Asesores - BDS Asesores - Especialistas en Derecho Laboral con presencia en Centroam\u00e9rica, Panam\u00e1 y Rep\u00fablica Dominicana\",\"isPartOf\":{\"@id\":\"https:\/\/www.bdsasesores.com\/#website\"},\"datePublished\":\"2022-12-16T20:56:21+00:00\",\"dateModified\":\"2022-12-16T21:12:04+00:00\",\"breadcrumb\":{\"@id\":\"https:\/\/www.bdsasesores.com\/en\/team\/marco-segura\/#breadcrumb\"},\"inLanguage\":\"en-US\",\"potentialAction\":[{\"@type\":\"ReadAction\",\"target\":[\"https:\/\/www.bdsasesores.com\/en\/team\/marco-segura\/\"]}]},{\"@type\":\"BreadcrumbList\",\"@id\":\"https:\/\/www.bdsasesores.com\/en\/team\/marco-segura\/#breadcrumb\",\"itemListElement\":[{\"@type\":\"ListItem\",\"position\":1,\"name\":\"Portada\",\"item\":\"https:\/\/www.bdsasesores.com\/en\/\"},{\"@type\":\"ListItem\",\"position\":2,\"name\":\"Seven countries, one vision!\",\"item\":\"https:\/\/www.bdsasesores.com\/en\/team\/\"},{\"@type\":\"ListItem\",\"position\":3,\"name\":\"Marco Segura &#8211; BDS Asesores\"}]},{\"@type\":\"WebSite\",\"@id\":\"https:\/\/www.bdsasesores.com\/#website\",\"url\":\"https:\/\/www.bdsasesores.com\/\",\"name\":\"BDS Asesores - Especialistas en Derecho Laboral con presencia en Centroam\u00e9rica, Panam\u00e1 y Rep\u00fablica Dominicana\",\"description\":\"Asesor\u00eda Laboral para empresas\",\"potentialAction\":[{\"@type\":\"SearchAction\",\"target\":{\"@type\":\"EntryPoint\",\"urlTemplate\":\"https:\/\/www.bdsasesores.com\/?s={search_term_string}\"},\"query-input\":{\"@type\":\"PropertyValueSpecification\",\"valueRequired\":true,\"valueName\":\"search_term_string\"}}],\"inLanguage\":\"en-US\"}]}<\/script>\n<!-- \/ Yoast SEO plugin. -->","yoast_head_json":{"title":"Marco Segura - BDS Asesores - BDS Asesores - Especialistas en Derecho Laboral con presencia en Centroam\u00e9rica, Panam\u00e1 y Rep\u00fablica Dominicana","robots":{"index":"index","follow":"follow","max-snippet":"max-snippet:-1","max-image-preview":"max-image-preview:large","max-video-preview":"max-video-preview:-1"},"canonical":"https:\/\/www.bdsasesores.com\/en\/team\/marco-segura\/","og_locale":"en_US","og_type":"article","og_title":"Marco Segura - BDS Asesores - BDS Asesores - Especialistas en Derecho Laboral con presencia en Centroam\u00e9rica, Panam\u00e1 y Rep\u00fablica Dominicana","og_description":"msegura@bdsasesores.com &nbsp; Marco has a Law Degree from Universidad Escuela Libre de Derecho, with Specialization in Notary and Registration Law from that same university. He worked as legal clerk in [&hellip;]","og_url":"https:\/\/www.bdsasesores.com\/en\/team\/marco-segura\/","og_site_name":"BDS Asesores - Especialistas en Derecho Laboral con presencia en Centroam\u00e9rica, Panam\u00e1 y Rep\u00fablica Dominicana","article_modified_time":"2022-12-16T21:12:04+00:00","og_image":[{"width":1280,"height":1280,"url":"https:\/\/i0.wp.com\/www.bdsasesores.com\/wp-content\/uploads\/2021\/08\/icono-bds-azul.jpeg?fit=1280%2C1280&ssl=1","type":"image\/jpeg"}],"twitter_card":"summary_large_image","twitter_misc":{"Est. reading time":"1 minute"},"schema":{"@context":"https:\/\/schema.org","@graph":[{"@type":"WebPage","@id":"https:\/\/www.bdsasesores.com\/en\/team\/marco-segura\/","url":"https:\/\/www.bdsasesores.com\/en\/team\/marco-segura\/","name":"Marco Segura - BDS Asesores - BDS Asesores - Especialistas en Derecho Laboral con presencia en Centroam\u00e9rica, Panam\u00e1 y Rep\u00fablica Dominicana","isPartOf":{"@id":"https:\/\/www.bdsasesores.com\/#website"},"datePublished":"2022-12-16T20:56:21+00:00","dateModified":"2022-12-16T21:12:04+00:00","breadcrumb":{"@id":"https:\/\/www.bdsasesores.com\/en\/team\/marco-segura\/#breadcrumb"},"inLanguage":"en-US","potentialAction":[{"@type":"ReadAction","target":["https:\/\/www.bdsasesores.com\/en\/team\/marco-segura\/"]}]},{"@type":"BreadcrumbList","@id":"https:\/\/www.bdsasesores.com\/en\/team\/marco-segura\/#breadcrumb","itemListElement":[{"@type":"ListItem","position":1,"name":"Portada","item":"https:\/\/www.bdsasesores.com\/en\/"},{"@type":"ListItem","position":2,"name":"Seven countries, one vision!","item":"https:\/\/www.bdsasesores.com\/en\/team\/"},{"@type":"ListItem","position":3,"name":"Marco Segura &#8211; BDS Asesores"}]},{"@type":"WebSite","@id":"https:\/\/www.bdsasesores.com\/#website","url":"https:\/\/www.bdsasesores.com\/","name":"BDS Asesores - Especialistas en Derecho Laboral con presencia en Centroam\u00e9rica, Panam\u00e1 y Rep\u00fablica Dominicana","description":"Asesor\u00eda Laboral para empresas","potentialAction":[{"@type":"SearchAction","target":{"@type":"EntryPoint","urlTemplate":"https:\/\/www.bdsasesores.com\/?s={search_term_string}"},"query-input":{"@type":"PropertyValueSpecification","valueRequired":true,"valueName":"search_term_string"}}],"inLanguage":"en-US"}]}},"jetpack_sharing_enabled":true,"_links":{"self":[{"href":"https:\/\/www.bdsasesores.com\/en\/wp-json\/wp\/v2\/pages\/51739","targetHints":{"allow":["GET"]}}],"collection":[{"href":"https:\/\/www.bdsasesores.com\/en\/wp-json\/wp\/v2\/pages"}],"about":[{"href":"https:\/\/www.bdsasesores.com\/en\/wp-json\/wp\/v2\/types\/page"}],"author":[{"embeddable":true,"href":"https:\/\/www.bdsasesores.com\/en\/wp-json\/wp\/v2\/users\/14084"}],"replies":[{"embeddable":true,"href":"https:\/\/www.bdsasesores.com\/en\/wp-json\/wp\/v2\/comments?post=51739"}],"version-history":[{"count":3,"href":"https:\/\/www.bdsasesores.com\/en\/wp-json\/wp\/v2\/pages\/51739\/revisions"}],"predecessor-version":[{"id":51742,"href":"https:\/\/www.bdsasesores.com\/en\/wp-json\/wp\/v2\/pages\/51739\/revisions\/51742"}],"up":[{"embeddable":true,"href":"https:\/\/www.bdsasesores.com\/en\/wp-json\/wp\/v2\/pages\/48688"}],"wp:attachment":[{"href":"https:\/\/www.bdsasesores.com\/en\/wp-json\/wp\/v2\/media?parent=51739"}],"curies":[{"name":"wp","href":"https:\/\/api.w.org\/{rel}","templated":true}]}}