{"id":987486084,"date":"2025-05-21T09:53:50","date_gmt":"2025-05-21T15:53:50","guid":{"rendered":"https:\/\/www.bdsasesores.com\/team\/geison-salazar-bds-advisors\/"},"modified":"2025-05-21T09:56:15","modified_gmt":"2025-05-21T15:56:15","slug":"geison-salazar-bds-advisors","status":"publish","type":"page","link":"https:\/\/www.bdsasesores.com\/en\/team\/geison-salazar-bds-advisors\/","title":{"rendered":"Geison Salazar &#8211; BDS Advisors"},"content":{"rendered":"<p>[et_pb_section fb_built=&#8221;1&#8243; _builder_version=&#8221;4.16&#8243; global_colors_info=&#8221;{}&#8221;][et_pb_row _builder_version=&#8221;4.16&#8243; global_colors_info=&#8221;{}&#8221;][et_pb_column type=&#8221;4_4&#8243; _builder_version=&#8221;4.16&#8243; global_colors_info=&#8221;{}&#8221;][et_pb_team_member name=&#8221;Geison Salazar&#8221; position=&#8221;Paralegal \u2013 Costa Rica&#8221; image_url=&#8221;https:\/\/www.bdsasesores.com\/wp-content\/uploads\/2025\/03\/GeisonSalazar-2025.jpg&#8221; _builder_version=&#8221;4.27.4&#8243; hover_enabled=&#8221;0&#8243; global_colors_info=&#8221;{}&#8221; sticky_enabled=&#8221;0&#8243;]<\/p>\n<p style=\"font-weight: 400;\"><a href=\"mailto:jsalazar@bdsasesores.com\">jsalazar@bdsasesores.com<\/a><\/p>\n<p class=\"elementToProof\">Law student at Universidad Internacional de las Am\u00e9ricas (UIA).\u00a0He has served as a legal assistant in the Litigation Department, which has given him the opportunity to gain a deeper understanding of labor judicial procedures and litigation in this area. He provides legal and technical support to the firm\u2019s attorneys, actively collaborating in all stages of the judicial process\u2014from the pre-litigation phase to the enforcement of judgments.<\/p>\n<p class=\"elementToProof\">His main responsibilities include the analysis and follow-up of labor cases, management and control of judicial files, uploading and updating information in internal systems, as well as the drafting of various types of legal documents. He also prepares powers of attorney, notifications, and various procedural instruments requiring legal formalization, and carries out proceedings before labor courts and administrative bodies such as the Ministry of Labor and Social Security, among other related entities.<\/p>\n<p class=\"elementToProof\">He has practical knowledge of ordinary, summary, and special procedures, as well as of alternative dispute resolution mechanisms. He has been with our Firm since 2017. He is currently a member of the Litigation Practice.<\/p>\n<p>[\/et_pb_team_member][\/et_pb_column][\/et_pb_row][\/et_pb_section]<\/p>\n","protected":false},"excerpt":{"rendered":"<p>jsalazar@bdsasesores.com Law student at Universidad Internacional de las Am\u00e9ricas (UIA).\u00a0He has served as a legal assistant in the Litigation Department, which has given him the opportunity to gain a deeper [&hellip;]<\/p>\n","protected":false},"author":14084,"featured_media":0,"parent":48688,"menu_order":0,"comment_status":"closed","ping_status":"closed","template":"","meta":{"_et_pb_use_builder":"on","_et_pb_old_content":"","_et_gb_content_width":"","content-type":"","footnotes":""},"class_list":["post-987486084","page","type-page","status-publish","hentry"],"yoast_head":"<!-- This site is optimized with the Yoast SEO plugin v27.2 - https:\/\/yoast.com\/product\/yoast-seo-wordpress\/ -->\n<title>Geison Salazar - BDS Advisors - BDS Asesores - Especialistas en Derecho Laboral con presencia en Centroam\u00e9rica, Panam\u00e1 y Rep\u00fablica Dominicana<\/title>\n<meta name=\"robots\" content=\"index, follow, max-snippet:-1, max-image-preview:large, max-video-preview:-1\" \/>\n<link rel=\"canonical\" href=\"https:\/\/www.bdsasesores.com\/en\/team\/geison-salazar-bds-advisors\/\" \/>\n<meta property=\"og:locale\" content=\"en_US\" \/>\n<meta property=\"og:type\" content=\"article\" \/>\n<meta property=\"og:title\" content=\"Geison Salazar - BDS Advisors - BDS Asesores - Especialistas en Derecho Laboral con presencia en Centroam\u00e9rica, Panam\u00e1 y Rep\u00fablica Dominicana\" \/>\n<meta property=\"og:description\" content=\"jsalazar@bdsasesores.com Law student at Universidad Internacional de las Am\u00e9ricas (UIA).\u00a0He has served as a legal assistant in the Litigation Department, which has given him the opportunity to gain a deeper [&hellip;]\" \/>\n<meta property=\"og:url\" content=\"https:\/\/www.bdsasesores.com\/en\/team\/geison-salazar-bds-advisors\/\" \/>\n<meta property=\"og:site_name\" content=\"BDS Asesores - Especialistas en Derecho Laboral con presencia en Centroam\u00e9rica, Panam\u00e1 y Rep\u00fablica Dominicana\" \/>\n<meta property=\"article:modified_time\" content=\"2025-05-21T15:56:15+00:00\" \/>\n<meta property=\"og:image\" content=\"https:\/\/i0.wp.com\/www.bdsasesores.com\/wp-content\/uploads\/2021\/08\/icono-bds-azul.jpeg?fit=1280%2C1280&ssl=1\" \/>\n\t<meta property=\"og:image:width\" content=\"1280\" \/>\n\t<meta property=\"og:image:height\" content=\"1280\" \/>\n\t<meta property=\"og:image:type\" content=\"image\/jpeg\" \/>\n<meta name=\"twitter:card\" content=\"summary_large_image\" \/>\n<meta name=\"twitter:label1\" content=\"Est. reading time\" \/>\n\t<meta name=\"twitter:data1\" content=\"1 minute\" \/>\n<script type=\"application\/ld+json\" class=\"yoast-schema-graph\">{\"@context\":\"https:\/\/schema.org\",\"@graph\":[{\"@type\":\"WebPage\",\"@id\":\"https:\/\/www.bdsasesores.com\/en\/team\/geison-salazar-bds-advisors\/\",\"url\":\"https:\/\/www.bdsasesores.com\/en\/team\/geison-salazar-bds-advisors\/\",\"name\":\"Geison Salazar - BDS Advisors - BDS Asesores - Especialistas en Derecho Laboral con presencia en Centroam\u00e9rica, Panam\u00e1 y Rep\u00fablica Dominicana\",\"isPartOf\":{\"@id\":\"https:\/\/www.bdsasesores.com\/#website\"},\"datePublished\":\"2025-05-21T15:53:50+00:00\",\"dateModified\":\"2025-05-21T15:56:15+00:00\",\"breadcrumb\":{\"@id\":\"https:\/\/www.bdsasesores.com\/en\/team\/geison-salazar-bds-advisors\/#breadcrumb\"},\"inLanguage\":\"en-US\",\"potentialAction\":[{\"@type\":\"ReadAction\",\"target\":[\"https:\/\/www.bdsasesores.com\/en\/team\/geison-salazar-bds-advisors\/\"]}]},{\"@type\":\"BreadcrumbList\",\"@id\":\"https:\/\/www.bdsasesores.com\/en\/team\/geison-salazar-bds-advisors\/#breadcrumb\",\"itemListElement\":[{\"@type\":\"ListItem\",\"position\":1,\"name\":\"Portada\",\"item\":\"https:\/\/www.bdsasesores.com\/en\/\"},{\"@type\":\"ListItem\",\"position\":2,\"name\":\"Seven countries, one vision!\",\"item\":\"https:\/\/www.bdsasesores.com\/en\/team\/\"},{\"@type\":\"ListItem\",\"position\":3,\"name\":\"Geison Salazar &#8211; BDS Advisors\"}]},{\"@type\":\"WebSite\",\"@id\":\"https:\/\/www.bdsasesores.com\/#website\",\"url\":\"https:\/\/www.bdsasesores.com\/\",\"name\":\"BDS Asesores - Especialistas en Derecho Laboral con presencia en Centroam\u00e9rica, Panam\u00e1 y Rep\u00fablica Dominicana\",\"description\":\"Asesor\u00eda Laboral para empresas\",\"potentialAction\":[{\"@type\":\"SearchAction\",\"target\":{\"@type\":\"EntryPoint\",\"urlTemplate\":\"https:\/\/www.bdsasesores.com\/?s={search_term_string}\"},\"query-input\":{\"@type\":\"PropertyValueSpecification\",\"valueRequired\":true,\"valueName\":\"search_term_string\"}}],\"inLanguage\":\"en-US\"}]}<\/script>\n<!-- \/ Yoast SEO plugin. -->","yoast_head_json":{"title":"Geison Salazar - BDS Advisors - BDS Asesores - Especialistas en Derecho Laboral con presencia en Centroam\u00e9rica, Panam\u00e1 y Rep\u00fablica Dominicana","robots":{"index":"index","follow":"follow","max-snippet":"max-snippet:-1","max-image-preview":"max-image-preview:large","max-video-preview":"max-video-preview:-1"},"canonical":"https:\/\/www.bdsasesores.com\/en\/team\/geison-salazar-bds-advisors\/","og_locale":"en_US","og_type":"article","og_title":"Geison Salazar - BDS Advisors - BDS Asesores - Especialistas en Derecho Laboral con presencia en Centroam\u00e9rica, Panam\u00e1 y Rep\u00fablica Dominicana","og_description":"jsalazar@bdsasesores.com Law student at Universidad Internacional de las Am\u00e9ricas (UIA).\u00a0He has served as a legal assistant in the Litigation Department, which has given him the opportunity to gain a deeper [&hellip;]","og_url":"https:\/\/www.bdsasesores.com\/en\/team\/geison-salazar-bds-advisors\/","og_site_name":"BDS Asesores - Especialistas en Derecho Laboral con presencia en Centroam\u00e9rica, Panam\u00e1 y Rep\u00fablica Dominicana","article_modified_time":"2025-05-21T15:56:15+00:00","og_image":[{"width":1280,"height":1280,"url":"https:\/\/i0.wp.com\/www.bdsasesores.com\/wp-content\/uploads\/2021\/08\/icono-bds-azul.jpeg?fit=1280%2C1280&ssl=1","type":"image\/jpeg"}],"twitter_card":"summary_large_image","twitter_misc":{"Est. reading time":"1 minute"},"schema":{"@context":"https:\/\/schema.org","@graph":[{"@type":"WebPage","@id":"https:\/\/www.bdsasesores.com\/en\/team\/geison-salazar-bds-advisors\/","url":"https:\/\/www.bdsasesores.com\/en\/team\/geison-salazar-bds-advisors\/","name":"Geison Salazar - BDS Advisors - BDS Asesores - Especialistas en Derecho Laboral con presencia en Centroam\u00e9rica, Panam\u00e1 y Rep\u00fablica Dominicana","isPartOf":{"@id":"https:\/\/www.bdsasesores.com\/#website"},"datePublished":"2025-05-21T15:53:50+00:00","dateModified":"2025-05-21T15:56:15+00:00","breadcrumb":{"@id":"https:\/\/www.bdsasesores.com\/en\/team\/geison-salazar-bds-advisors\/#breadcrumb"},"inLanguage":"en-US","potentialAction":[{"@type":"ReadAction","target":["https:\/\/www.bdsasesores.com\/en\/team\/geison-salazar-bds-advisors\/"]}]},{"@type":"BreadcrumbList","@id":"https:\/\/www.bdsasesores.com\/en\/team\/geison-salazar-bds-advisors\/#breadcrumb","itemListElement":[{"@type":"ListItem","position":1,"name":"Portada","item":"https:\/\/www.bdsasesores.com\/en\/"},{"@type":"ListItem","position":2,"name":"Seven countries, one vision!","item":"https:\/\/www.bdsasesores.com\/en\/team\/"},{"@type":"ListItem","position":3,"name":"Geison Salazar &#8211; BDS Advisors"}]},{"@type":"WebSite","@id":"https:\/\/www.bdsasesores.com\/#website","url":"https:\/\/www.bdsasesores.com\/","name":"BDS Asesores - Especialistas en Derecho Laboral con presencia en Centroam\u00e9rica, Panam\u00e1 y Rep\u00fablica Dominicana","description":"Asesor\u00eda Laboral para empresas","potentialAction":[{"@type":"SearchAction","target":{"@type":"EntryPoint","urlTemplate":"https:\/\/www.bdsasesores.com\/?s={search_term_string}"},"query-input":{"@type":"PropertyValueSpecification","valueRequired":true,"valueName":"search_term_string"}}],"inLanguage":"en-US"}]}},"jetpack_sharing_enabled":true,"_links":{"self":[{"href":"https:\/\/www.bdsasesores.com\/en\/wp-json\/wp\/v2\/pages\/987486084","targetHints":{"allow":["GET"]}}],"collection":[{"href":"https:\/\/www.bdsasesores.com\/en\/wp-json\/wp\/v2\/pages"}],"about":[{"href":"https:\/\/www.bdsasesores.com\/en\/wp-json\/wp\/v2\/types\/page"}],"author":[{"embeddable":true,"href":"https:\/\/www.bdsasesores.com\/en\/wp-json\/wp\/v2\/users\/14084"}],"replies":[{"embeddable":true,"href":"https:\/\/www.bdsasesores.com\/en\/wp-json\/wp\/v2\/comments?post=987486084"}],"version-history":[{"count":3,"href":"https:\/\/www.bdsasesores.com\/en\/wp-json\/wp\/v2\/pages\/987486084\/revisions"}],"predecessor-version":[{"id":987486087,"href":"https:\/\/www.bdsasesores.com\/en\/wp-json\/wp\/v2\/pages\/987486084\/revisions\/987486087"}],"up":[{"embeddable":true,"href":"https:\/\/www.bdsasesores.com\/en\/wp-json\/wp\/v2\/pages\/48688"}],"wp:attachment":[{"href":"https:\/\/www.bdsasesores.com\/en\/wp-json\/wp\/v2\/media?parent=987486084"}],"curies":[{"name":"wp","href":"https:\/\/api.w.org\/{rel}","templated":true}]}}