{"id":987486299,"date":"2025-06-16T19:32:50","date_gmt":"2025-06-17T01:32:50","guid":{"rendered":"https:\/\/www.bdsasesores.com\/team\/heidy-chinchilla-bds-advisors\/"},"modified":"2025-09-01T22:15:42","modified_gmt":"2025-09-02T04:15:42","slug":"heidy-chinchilla-bds","status":"publish","type":"page","link":"https:\/\/www.bdsasesores.com\/en\/team\/heidy-chinchilla-bds\/","title":{"rendered":"Heidy Chinchilla &#8211; BDS Advisors"},"content":{"rendered":"<p>[et_pb_section fb_built=&#8221;1&#8243; _builder_version=&#8221;4.16&#8243; global_colors_info=&#8221;{}&#8221;][et_pb_row _builder_version=&#8221;4.16&#8243; global_colors_info=&#8221;{}&#8221;][et_pb_column type=&#8221;4_4&#8243; _builder_version=&#8221;4.16&#8243; global_colors_info=&#8221;{}&#8221;][et_pb_team_member name=&#8221;Heidy Chinchilla&#8221; position=&#8221;Partner Guatemala&#8221; image_url=&#8221;https:\/\/www.bdsasesores.com\/wp-content\/uploads\/2025\/09\/Heidy-Chinchilla-2025.jpg&#8221; _builder_version=&#8221;4.27.4&#8243; hover_enabled=&#8221;0&#8243; global_colors_info=&#8221;{}&#8221; title_text=&#8221;Heidy-Chinchilla-2025&#8243; sticky_enabled=&#8221;0&#8243;]<\/p>\n<p><a href=\"mailto:hchinchilla@bdsasesores.com\">hchinchilla@bdsasesores.com<\/a><\/p>\n<p style=\"font-weight: 400;\">Attorney and notary specializing in labor law with over 15 years of experience. Managing partner and founder of the law firm Mundo Legal<\/p>\n<p style=\"font-weight: 400;\">She has led innovative strategies in the field of labor law, advising local, foreign, and multinational companies. She has completed master&#8217;s degrees in Labor Law, Business Management, and Social Security at Mariano G\u00e1lvez University and San Carlos University of Guatemala.<\/p>\n<p style=\"font-weight: 400;\">Additionally, she holds a Doctorate in Labor Law, Social Security, and Business Administration from the Judicial Body in collaboration with Mariano G\u00e1lvez University.<\/p>\n<p style=\"font-weight: 400;\">Throughout her career, she has worked as an external advisor for national and international law firms and has provided legal representation for high-profile companies. She is also a speaker at national and international events, a professor in master&#8217;s programs on Labor Law, and a recognized panelist on radio and television programs specializing in corporate labor matters.<\/p>\n<p style=\"font-weight: 400;\">Since February 2025, she has been part of our firm as a partner.<\/p>\n<p>[\/et_pb_team_member][\/et_pb_column][\/et_pb_row][\/et_pb_section]<\/p>\n","protected":false},"excerpt":{"rendered":"<p>hchinchilla@bdsasesores.com Attorney and notary specializing in labor law with over 15 years of experience. Managing partner and founder of the law firm Mundo Legal She has led innovative strategies in [&hellip;]<\/p>\n","protected":false},"author":14084,"featured_media":0,"parent":48688,"menu_order":0,"comment_status":"closed","ping_status":"closed","template":"","meta":{"_et_pb_use_builder":"on","_et_pb_old_content":"","_et_gb_content_width":"","content-type":"","footnotes":""},"class_list":["post-987486299","page","type-page","status-publish","hentry"],"yoast_head":"<!-- This site is optimized with the Yoast SEO plugin v27.2 - https:\/\/yoast.com\/product\/yoast-seo-wordpress\/ -->\n<title>Heidy Chinchilla - BDS Advisors - BDS Asesores - Especialistas en Derecho Laboral con presencia en Centroam\u00e9rica, Panam\u00e1 y Rep\u00fablica Dominicana<\/title>\n<meta name=\"robots\" content=\"index, follow, max-snippet:-1, max-image-preview:large, max-video-preview:-1\" \/>\n<link rel=\"canonical\" href=\"https:\/\/www.bdsasesores.com\/en\/team\/heidy-chinchilla-bds\/\" \/>\n<meta property=\"og:locale\" content=\"en_US\" \/>\n<meta property=\"og:type\" content=\"article\" \/>\n<meta property=\"og:title\" content=\"Heidy Chinchilla - BDS Advisors - BDS Asesores - Especialistas en Derecho Laboral con presencia en Centroam\u00e9rica, Panam\u00e1 y Rep\u00fablica Dominicana\" \/>\n<meta property=\"og:description\" content=\"hchinchilla@bdsasesores.com Attorney and notary specializing in labor law with over 15 years of experience. Managing partner and founder of the law firm Mundo Legal She has led innovative strategies in [&hellip;]\" \/>\n<meta property=\"og:url\" content=\"https:\/\/www.bdsasesores.com\/en\/team\/heidy-chinchilla-bds\/\" \/>\n<meta property=\"og:site_name\" content=\"BDS Asesores - Especialistas en Derecho Laboral con presencia en Centroam\u00e9rica, Panam\u00e1 y Rep\u00fablica Dominicana\" \/>\n<meta property=\"article:modified_time\" content=\"2025-09-02T04:15:42+00:00\" \/>\n<meta property=\"og:image\" content=\"https:\/\/i0.wp.com\/www.bdsasesores.com\/wp-content\/uploads\/2021\/08\/icono-bds-azul.jpeg?fit=1280%2C1280&ssl=1\" \/>\n\t<meta property=\"og:image:width\" content=\"1280\" \/>\n\t<meta property=\"og:image:height\" content=\"1280\" \/>\n\t<meta property=\"og:image:type\" content=\"image\/jpeg\" \/>\n<meta name=\"twitter:card\" content=\"summary_large_image\" \/>\n<meta name=\"twitter:label1\" content=\"Est. reading time\" \/>\n\t<meta name=\"twitter:data1\" content=\"1 minute\" \/>\n<script type=\"application\/ld+json\" class=\"yoast-schema-graph\">{\"@context\":\"https:\/\/schema.org\",\"@graph\":[{\"@type\":\"WebPage\",\"@id\":\"https:\/\/www.bdsasesores.com\/en\/team\/heidy-chinchilla-bds\/\",\"url\":\"https:\/\/www.bdsasesores.com\/en\/team\/heidy-chinchilla-bds\/\",\"name\":\"Heidy Chinchilla - BDS Advisors - BDS Asesores - Especialistas en Derecho Laboral con presencia en Centroam\u00e9rica, Panam\u00e1 y Rep\u00fablica Dominicana\",\"isPartOf\":{\"@id\":\"https:\/\/www.bdsasesores.com\/#website\"},\"datePublished\":\"2025-06-17T01:32:50+00:00\",\"dateModified\":\"2025-09-02T04:15:42+00:00\",\"breadcrumb\":{\"@id\":\"https:\/\/www.bdsasesores.com\/en\/team\/heidy-chinchilla-bds\/#breadcrumb\"},\"inLanguage\":\"en-US\",\"potentialAction\":[{\"@type\":\"ReadAction\",\"target\":[\"https:\/\/www.bdsasesores.com\/en\/team\/heidy-chinchilla-bds\/\"]}]},{\"@type\":\"BreadcrumbList\",\"@id\":\"https:\/\/www.bdsasesores.com\/en\/team\/heidy-chinchilla-bds\/#breadcrumb\",\"itemListElement\":[{\"@type\":\"ListItem\",\"position\":1,\"name\":\"Portada\",\"item\":\"https:\/\/www.bdsasesores.com\/en\/\"},{\"@type\":\"ListItem\",\"position\":2,\"name\":\"Seven countries, one vision!\",\"item\":\"https:\/\/www.bdsasesores.com\/en\/team\/\"},{\"@type\":\"ListItem\",\"position\":3,\"name\":\"Heidy Chinchilla &#8211; BDS Advisors\"}]},{\"@type\":\"WebSite\",\"@id\":\"https:\/\/www.bdsasesores.com\/#website\",\"url\":\"https:\/\/www.bdsasesores.com\/\",\"name\":\"BDS Asesores - Especialistas en Derecho Laboral con presencia en Centroam\u00e9rica, Panam\u00e1 y Rep\u00fablica Dominicana\",\"description\":\"Asesor\u00eda Laboral para empresas\",\"potentialAction\":[{\"@type\":\"SearchAction\",\"target\":{\"@type\":\"EntryPoint\",\"urlTemplate\":\"https:\/\/www.bdsasesores.com\/?s={search_term_string}\"},\"query-input\":{\"@type\":\"PropertyValueSpecification\",\"valueRequired\":true,\"valueName\":\"search_term_string\"}}],\"inLanguage\":\"en-US\"}]}<\/script>\n<!-- \/ Yoast SEO plugin. -->","yoast_head_json":{"title":"Heidy Chinchilla - BDS Advisors - BDS Asesores - Especialistas en Derecho Laboral con presencia en Centroam\u00e9rica, Panam\u00e1 y Rep\u00fablica Dominicana","robots":{"index":"index","follow":"follow","max-snippet":"max-snippet:-1","max-image-preview":"max-image-preview:large","max-video-preview":"max-video-preview:-1"},"canonical":"https:\/\/www.bdsasesores.com\/en\/team\/heidy-chinchilla-bds\/","og_locale":"en_US","og_type":"article","og_title":"Heidy Chinchilla - BDS Advisors - BDS Asesores - Especialistas en Derecho Laboral con presencia en Centroam\u00e9rica, Panam\u00e1 y Rep\u00fablica Dominicana","og_description":"hchinchilla@bdsasesores.com Attorney and notary specializing in labor law with over 15 years of experience. Managing partner and founder of the law firm Mundo Legal She has led innovative strategies in [&hellip;]","og_url":"https:\/\/www.bdsasesores.com\/en\/team\/heidy-chinchilla-bds\/","og_site_name":"BDS Asesores - Especialistas en Derecho Laboral con presencia en Centroam\u00e9rica, Panam\u00e1 y Rep\u00fablica Dominicana","article_modified_time":"2025-09-02T04:15:42+00:00","og_image":[{"width":1280,"height":1280,"url":"https:\/\/i0.wp.com\/www.bdsasesores.com\/wp-content\/uploads\/2021\/08\/icono-bds-azul.jpeg?fit=1280%2C1280&ssl=1","type":"image\/jpeg"}],"twitter_card":"summary_large_image","twitter_misc":{"Est. reading time":"1 minute"},"schema":{"@context":"https:\/\/schema.org","@graph":[{"@type":"WebPage","@id":"https:\/\/www.bdsasesores.com\/en\/team\/heidy-chinchilla-bds\/","url":"https:\/\/www.bdsasesores.com\/en\/team\/heidy-chinchilla-bds\/","name":"Heidy Chinchilla - BDS Advisors - BDS Asesores - Especialistas en Derecho Laboral con presencia en Centroam\u00e9rica, Panam\u00e1 y Rep\u00fablica Dominicana","isPartOf":{"@id":"https:\/\/www.bdsasesores.com\/#website"},"datePublished":"2025-06-17T01:32:50+00:00","dateModified":"2025-09-02T04:15:42+00:00","breadcrumb":{"@id":"https:\/\/www.bdsasesores.com\/en\/team\/heidy-chinchilla-bds\/#breadcrumb"},"inLanguage":"en-US","potentialAction":[{"@type":"ReadAction","target":["https:\/\/www.bdsasesores.com\/en\/team\/heidy-chinchilla-bds\/"]}]},{"@type":"BreadcrumbList","@id":"https:\/\/www.bdsasesores.com\/en\/team\/heidy-chinchilla-bds\/#breadcrumb","itemListElement":[{"@type":"ListItem","position":1,"name":"Portada","item":"https:\/\/www.bdsasesores.com\/en\/"},{"@type":"ListItem","position":2,"name":"Seven countries, one vision!","item":"https:\/\/www.bdsasesores.com\/en\/team\/"},{"@type":"ListItem","position":3,"name":"Heidy Chinchilla &#8211; BDS Advisors"}]},{"@type":"WebSite","@id":"https:\/\/www.bdsasesores.com\/#website","url":"https:\/\/www.bdsasesores.com\/","name":"BDS Asesores - Especialistas en Derecho Laboral con presencia en Centroam\u00e9rica, Panam\u00e1 y Rep\u00fablica Dominicana","description":"Asesor\u00eda Laboral para empresas","potentialAction":[{"@type":"SearchAction","target":{"@type":"EntryPoint","urlTemplate":"https:\/\/www.bdsasesores.com\/?s={search_term_string}"},"query-input":{"@type":"PropertyValueSpecification","valueRequired":true,"valueName":"search_term_string"}}],"inLanguage":"en-US"}]}},"jetpack_sharing_enabled":true,"_links":{"self":[{"href":"https:\/\/www.bdsasesores.com\/en\/wp-json\/wp\/v2\/pages\/987486299","targetHints":{"allow":["GET"]}}],"collection":[{"href":"https:\/\/www.bdsasesores.com\/en\/wp-json\/wp\/v2\/pages"}],"about":[{"href":"https:\/\/www.bdsasesores.com\/en\/wp-json\/wp\/v2\/types\/page"}],"author":[{"embeddable":true,"href":"https:\/\/www.bdsasesores.com\/en\/wp-json\/wp\/v2\/users\/14084"}],"replies":[{"embeddable":true,"href":"https:\/\/www.bdsasesores.com\/en\/wp-json\/wp\/v2\/comments?post=987486299"}],"version-history":[{"count":6,"href":"https:\/\/www.bdsasesores.com\/en\/wp-json\/wp\/v2\/pages\/987486299\/revisions"}],"predecessor-version":[{"id":987486785,"href":"https:\/\/www.bdsasesores.com\/en\/wp-json\/wp\/v2\/pages\/987486299\/revisions\/987486785"}],"up":[{"embeddable":true,"href":"https:\/\/www.bdsasesores.com\/en\/wp-json\/wp\/v2\/pages\/48688"}],"wp:attachment":[{"href":"https:\/\/www.bdsasesores.com\/en\/wp-json\/wp\/v2\/media?parent=987486299"}],"curies":[{"name":"wp","href":"https:\/\/api.w.org\/{rel}","templated":true}]}}