{"id":987487595,"date":"2026-04-06T11:33:19","date_gmt":"2026-04-06T17:33:19","guid":{"rendered":"https:\/\/www.bdsasesores.com\/team\/rigoberto-arauz-bds-advisors\/"},"modified":"2026-04-06T11:49:36","modified_gmt":"2026-04-06T17:49:36","slug":"rigoberto-arauz-bds-advisors","status":"publish","type":"page","link":"https:\/\/www.bdsasesores.com\/en\/team\/rigoberto-arauz-bds-advisors\/","title":{"rendered":"Rigoberto Arauz &#8211; BDS Advisors"},"content":{"rendered":"<p>[et_pb_section fb_built=&#8221;1&#8243; _builder_version=&#8221;4.16&#8243; global_colors_info=&#8221;{}&#8221;][et_pb_row _builder_version=&#8221;4.16&#8243; global_colors_info=&#8221;{}&#8221;][et_pb_column type=&#8221;4_4&#8243; _builder_version=&#8221;4.16&#8243; global_colors_info=&#8221;{}&#8221;][et_pb_team_member name=&#8221;Rigoberto Arauz&#8221; position=&#8221;Lawyer &#8211; Panama&#8221; image_url=&#8221;https:\/\/www.bdsasesores.com\/wp-content\/uploads\/2026\/04\/Rigoberto-Arauz-.jpg&#8221; _builder_version=&#8221;4.27.6&#8243; hover_enabled=&#8221;0&#8243; global_colors_info=&#8221;{}&#8221; sticky_enabled=&#8221;0&#8243;]<\/p>\n<p><a href=\"mailto:rarauz@bdsasesores.com\">rarauz@bdsasesores.com<\/a><\/p>\n<p>He holds a Law and Political Science degree, graduating with honors from Universidad del Istmo. He complements this solid academic background with a Master&#8217;s degree in Business and Corporate Law and a specialization in Labor Law from Universidad Santa Mar\u00eda la Antigua (USMA), as well as studies in Immigration Law. Additionally, he has completed studies in International Business at Universidad de Antioquia (Colombia) and holds a Master\u2019s degree in Business Administration and Human Resources.<\/p>\n<p>Throughout his professional career, he has served as a legal assistant at well-established law firms in Panama, as well as a corporate and labor attorney, providing comprehensive legal counsel. His experience includes handling labor and immigration matters, as well as conducting due diligence processes, company formation, and managing a wide range of commercial, corporate, and notarial matters.<\/p>\n<p>Additionally, he has held positions as Human Resources Manager and Labor Relations Manager in various companies in Panama, enabling him to develop a comprehensive understanding of the business environment by combining legal expertise with the strategic management of human capital and labor relations.<\/p>\n<p>He has been a member of our firm since November 2025.<\/p>\n<p>[\/et_pb_team_member][\/et_pb_column][\/et_pb_row][\/et_pb_section]<\/p>\n","protected":false},"excerpt":{"rendered":"<p>rarauz@bdsasesores.com He holds a Law and Political Science degree, graduating with honors from Universidad del Istmo. He complements this solid academic background with a Master&#8217;s degree in Business and Corporate [&hellip;]<\/p>\n","protected":false},"author":14084,"featured_media":0,"parent":48688,"menu_order":0,"comment_status":"closed","ping_status":"closed","template":"","meta":{"_et_pb_use_builder":"on","_et_pb_old_content":"","_et_gb_content_width":"","content-type":"","footnotes":""},"class_list":["post-987487595","page","type-page","status-publish","hentry"],"yoast_head":"<!-- This site is optimized with the Yoast SEO plugin v27.2 - https:\/\/yoast.com\/product\/yoast-seo-wordpress\/ -->\n<title>Rigoberto Arauz - BDS Advisors - BDS Asesores - Especialistas en Derecho Laboral con presencia en Centroam\u00e9rica, Panam\u00e1 y Rep\u00fablica Dominicana<\/title>\n<meta name=\"robots\" content=\"index, follow, max-snippet:-1, max-image-preview:large, max-video-preview:-1\" \/>\n<link rel=\"canonical\" href=\"https:\/\/www.bdsasesores.com\/en\/team\/rigoberto-arauz-bds-advisors\/\" \/>\n<meta property=\"og:locale\" content=\"en_US\" \/>\n<meta property=\"og:type\" content=\"article\" \/>\n<meta property=\"og:title\" content=\"Rigoberto Arauz - BDS Advisors - BDS Asesores - Especialistas en Derecho Laboral con presencia en Centroam\u00e9rica, Panam\u00e1 y Rep\u00fablica Dominicana\" \/>\n<meta property=\"og:description\" content=\"rarauz@bdsasesores.com He holds a Law and Political Science degree, graduating with honors from Universidad del Istmo. He complements this solid academic background with a Master&#039;s degree in Business and Corporate [&hellip;]\" \/>\n<meta property=\"og:url\" content=\"https:\/\/www.bdsasesores.com\/en\/team\/rigoberto-arauz-bds-advisors\/\" \/>\n<meta property=\"og:site_name\" content=\"BDS Asesores - Especialistas en Derecho Laboral con presencia en Centroam\u00e9rica, Panam\u00e1 y Rep\u00fablica Dominicana\" \/>\n<meta property=\"article:modified_time\" content=\"2026-04-06T17:49:36+00:00\" \/>\n<meta property=\"og:image\" content=\"https:\/\/i0.wp.com\/www.bdsasesores.com\/wp-content\/uploads\/2021\/08\/icono-bds-azul.jpeg?fit=1280%2C1280&ssl=1\" \/>\n\t<meta property=\"og:image:width\" content=\"1280\" \/>\n\t<meta property=\"og:image:height\" content=\"1280\" \/>\n\t<meta property=\"og:image:type\" content=\"image\/jpeg\" \/>\n<meta name=\"twitter:card\" content=\"summary_large_image\" \/>\n<meta name=\"twitter:label1\" content=\"Est. reading time\" \/>\n\t<meta name=\"twitter:data1\" content=\"1 minute\" \/>\n<script type=\"application\/ld+json\" class=\"yoast-schema-graph\">{\"@context\":\"https:\/\/schema.org\",\"@graph\":[{\"@type\":\"WebPage\",\"@id\":\"https:\/\/www.bdsasesores.com\/en\/team\/rigoberto-arauz-bds-advisors\/\",\"url\":\"https:\/\/www.bdsasesores.com\/en\/team\/rigoberto-arauz-bds-advisors\/\",\"name\":\"Rigoberto Arauz - BDS Advisors - BDS Asesores - Especialistas en Derecho Laboral con presencia en Centroam\u00e9rica, Panam\u00e1 y Rep\u00fablica Dominicana\",\"isPartOf\":{\"@id\":\"https:\/\/www.bdsasesores.com\/#website\"},\"datePublished\":\"2026-04-06T17:33:19+00:00\",\"dateModified\":\"2026-04-06T17:49:36+00:00\",\"breadcrumb\":{\"@id\":\"https:\/\/www.bdsasesores.com\/en\/team\/rigoberto-arauz-bds-advisors\/#breadcrumb\"},\"inLanguage\":\"en-US\",\"potentialAction\":[{\"@type\":\"ReadAction\",\"target\":[\"https:\/\/www.bdsasesores.com\/en\/team\/rigoberto-arauz-bds-advisors\/\"]}]},{\"@type\":\"BreadcrumbList\",\"@id\":\"https:\/\/www.bdsasesores.com\/en\/team\/rigoberto-arauz-bds-advisors\/#breadcrumb\",\"itemListElement\":[{\"@type\":\"ListItem\",\"position\":1,\"name\":\"Portada\",\"item\":\"https:\/\/www.bdsasesores.com\/en\/\"},{\"@type\":\"ListItem\",\"position\":2,\"name\":\"Seven countries, one vision!\",\"item\":\"https:\/\/www.bdsasesores.com\/en\/team\/\"},{\"@type\":\"ListItem\",\"position\":3,\"name\":\"Rigoberto Arauz &#8211; BDS Advisors\"}]},{\"@type\":\"WebSite\",\"@id\":\"https:\/\/www.bdsasesores.com\/#website\",\"url\":\"https:\/\/www.bdsasesores.com\/\",\"name\":\"BDS Asesores - Especialistas en Derecho Laboral con presencia en Centroam\u00e9rica, Panam\u00e1 y Rep\u00fablica Dominicana\",\"description\":\"Asesor\u00eda Laboral para empresas\",\"potentialAction\":[{\"@type\":\"SearchAction\",\"target\":{\"@type\":\"EntryPoint\",\"urlTemplate\":\"https:\/\/www.bdsasesores.com\/?s={search_term_string}\"},\"query-input\":{\"@type\":\"PropertyValueSpecification\",\"valueRequired\":true,\"valueName\":\"search_term_string\"}}],\"inLanguage\":\"en-US\"}]}<\/script>\n<!-- \/ Yoast SEO plugin. -->","yoast_head_json":{"title":"Rigoberto Arauz - BDS Advisors - BDS Asesores - Especialistas en Derecho Laboral con presencia en Centroam\u00e9rica, Panam\u00e1 y Rep\u00fablica Dominicana","robots":{"index":"index","follow":"follow","max-snippet":"max-snippet:-1","max-image-preview":"max-image-preview:large","max-video-preview":"max-video-preview:-1"},"canonical":"https:\/\/www.bdsasesores.com\/en\/team\/rigoberto-arauz-bds-advisors\/","og_locale":"en_US","og_type":"article","og_title":"Rigoberto Arauz - BDS Advisors - BDS Asesores - Especialistas en Derecho Laboral con presencia en Centroam\u00e9rica, Panam\u00e1 y Rep\u00fablica Dominicana","og_description":"rarauz@bdsasesores.com He holds a Law and Political Science degree, graduating with honors from Universidad del Istmo. He complements this solid academic background with a Master's degree in Business and Corporate [&hellip;]","og_url":"https:\/\/www.bdsasesores.com\/en\/team\/rigoberto-arauz-bds-advisors\/","og_site_name":"BDS Asesores - Especialistas en Derecho Laboral con presencia en Centroam\u00e9rica, Panam\u00e1 y Rep\u00fablica Dominicana","article_modified_time":"2026-04-06T17:49:36+00:00","og_image":[{"width":1280,"height":1280,"url":"https:\/\/i0.wp.com\/www.bdsasesores.com\/wp-content\/uploads\/2021\/08\/icono-bds-azul.jpeg?fit=1280%2C1280&ssl=1","type":"image\/jpeg"}],"twitter_card":"summary_large_image","twitter_misc":{"Est. reading time":"1 minute"},"schema":{"@context":"https:\/\/schema.org","@graph":[{"@type":"WebPage","@id":"https:\/\/www.bdsasesores.com\/en\/team\/rigoberto-arauz-bds-advisors\/","url":"https:\/\/www.bdsasesores.com\/en\/team\/rigoberto-arauz-bds-advisors\/","name":"Rigoberto Arauz - BDS Advisors - BDS Asesores - Especialistas en Derecho Laboral con presencia en Centroam\u00e9rica, Panam\u00e1 y Rep\u00fablica Dominicana","isPartOf":{"@id":"https:\/\/www.bdsasesores.com\/#website"},"datePublished":"2026-04-06T17:33:19+00:00","dateModified":"2026-04-06T17:49:36+00:00","breadcrumb":{"@id":"https:\/\/www.bdsasesores.com\/en\/team\/rigoberto-arauz-bds-advisors\/#breadcrumb"},"inLanguage":"en-US","potentialAction":[{"@type":"ReadAction","target":["https:\/\/www.bdsasesores.com\/en\/team\/rigoberto-arauz-bds-advisors\/"]}]},{"@type":"BreadcrumbList","@id":"https:\/\/www.bdsasesores.com\/en\/team\/rigoberto-arauz-bds-advisors\/#breadcrumb","itemListElement":[{"@type":"ListItem","position":1,"name":"Portada","item":"https:\/\/www.bdsasesores.com\/en\/"},{"@type":"ListItem","position":2,"name":"Seven countries, one vision!","item":"https:\/\/www.bdsasesores.com\/en\/team\/"},{"@type":"ListItem","position":3,"name":"Rigoberto Arauz &#8211; BDS Advisors"}]},{"@type":"WebSite","@id":"https:\/\/www.bdsasesores.com\/#website","url":"https:\/\/www.bdsasesores.com\/","name":"BDS Asesores - Especialistas en Derecho Laboral con presencia en Centroam\u00e9rica, Panam\u00e1 y Rep\u00fablica Dominicana","description":"Asesor\u00eda Laboral para empresas","potentialAction":[{"@type":"SearchAction","target":{"@type":"EntryPoint","urlTemplate":"https:\/\/www.bdsasesores.com\/?s={search_term_string}"},"query-input":{"@type":"PropertyValueSpecification","valueRequired":true,"valueName":"search_term_string"}}],"inLanguage":"en-US"}]}},"jetpack_sharing_enabled":true,"_links":{"self":[{"href":"https:\/\/www.bdsasesores.com\/en\/wp-json\/wp\/v2\/pages\/987487595","targetHints":{"allow":["GET"]}}],"collection":[{"href":"https:\/\/www.bdsasesores.com\/en\/wp-json\/wp\/v2\/pages"}],"about":[{"href":"https:\/\/www.bdsasesores.com\/en\/wp-json\/wp\/v2\/types\/page"}],"author":[{"embeddable":true,"href":"https:\/\/www.bdsasesores.com\/en\/wp-json\/wp\/v2\/users\/14084"}],"replies":[{"embeddable":true,"href":"https:\/\/www.bdsasesores.com\/en\/wp-json\/wp\/v2\/comments?post=987487595"}],"version-history":[{"count":3,"href":"https:\/\/www.bdsasesores.com\/en\/wp-json\/wp\/v2\/pages\/987487595\/revisions"}],"predecessor-version":[{"id":987487599,"href":"https:\/\/www.bdsasesores.com\/en\/wp-json\/wp\/v2\/pages\/987487595\/revisions\/987487599"}],"up":[{"embeddable":true,"href":"https:\/\/www.bdsasesores.com\/en\/wp-json\/wp\/v2\/pages\/48688"}],"wp:attachment":[{"href":"https:\/\/www.bdsasesores.com\/en\/wp-json\/wp\/v2\/media?parent=987487595"}],"curies":[{"name":"wp","href":"https:\/\/api.w.org\/{rel}","templated":true}]}}